{"id":164662,"date":"2025-12-19T13:32:34","date_gmt":"2025-12-19T10:32:34","guid":{"rendered":"https:\/\/baldumarket.lt\/product\/lyon-lyof01-komoda-rtv-2s-dab-riviera-jasna-biala\/"},"modified":"2026-02-08T17:52:33","modified_gmt":"2026-02-08T14:52:33","slug":"lyon-lyof01-komoda-rtv-2s-dab-riviera-jasna-biala","status":"publish","type":"product","link":"https:\/\/baldumarket.lt\/lt\/product\/lyon-lyof01-komoda-rtv-2s-dab-riviera-jasna-biala\/","title":{"rendered":"Lyon LYOF01 \u2013 2S TV spintel\u0117 Riviera Oak \u0161viesi\/balta"},"content":{"rendered":"<p>Pristatome \u201eLyon LYOF01\u201c televizoriaus staliuk\u0105 \u2013 tobulai subalansuot\u0105 funkcionalumo ir modernaus dizaino derin\u012f. \u0160viesaus \u201eRiviera Oak\u201c spalvos su subtiliais baltos spalvos akcentais \u0161is staliukas taps eleganti\u0161ku ir prakti\u0161ku j\u016bs\u0173 svetain\u0117s ar pramog\u0173 kambario papildymu. 146 cm plo\u010dio, 41,7 cm auk\u0161\u010dio ir 42 cm gylio \u201eLyon LYOF01\u201c sukurtas atsi\u017evelgiant \u012f patogum\u0105 ir estetik\u0105. Jo korpusas ir priekin\u0117 dalis pagaminti i\u0161 auk\u0161tos kokyb\u0117s laminuotos med\u017eio dro\u017eli\u0173 plok\u0161t\u0117s, kuri, be patrauklios i\u0161vaizdos, garantuoja ilgaam\u017ei\u0161kum\u0105. Modern\u0173 stovo dizain\u0105 pabr\u0117\u017eia sistema be ranken\u0117li\u0173, leid\u017eianti lengvai atidaryti du erdvius stal\u010dius. Sant\u016brus dizainas dera su funkcionalumu, tod\u0117l LYOF01 staliukas yra ideali vieta laikyti filmus, \u017eaidimus ir \u012fvairius elektroninius priedus.<\/p>","protected":false},"excerpt":{"rendered":"<p>Plotis (cm): 146<br \/>\n\u016agis (cm): 41,7<br \/>\nGylis (cm): 42<\/p>","protected":false},"featured_media":164663,"comment_status":"open","ping_status":"open","template":"","meta":[],"product_brand":[],"product_cat":[9488,4107,1175],"product_tag":[],"class_list":{"0":"post-164662","1":"product","2":"type-product","3":"status-publish","4":"has-post-thumbnail","6":"product_cat-furniture-system-lyon-bright-wojcik-meble","7":"product_cat-meble-wojcik","8":"product_cat-tv-stands","10":"first","11":"instock","12":"purchasable","13":"product-type-simple"},"_links":{"self":[{"href":"https:\/\/baldumarket.lt\/lt\/wp-json\/wp\/v2\/product\/164662","targetHints":{"allow":["GET"]}}],"collection":[{"href":"https:\/\/baldumarket.lt\/lt\/wp-json\/wp\/v2\/product"}],"about":[{"href":"https:\/\/baldumarket.lt\/lt\/wp-json\/wp\/v2\/types\/product"}],"replies":[{"embeddable":true,"href":"https:\/\/baldumarket.lt\/lt\/wp-json\/wp\/v2\/comments?post=164662"}],"wp:featuredmedia":[{"embeddable":true,"href":"https:\/\/baldumarket.lt\/lt\/wp-json\/wp\/v2\/media\/164663"}],"wp:attachment":[{"href":"https:\/\/baldumarket.lt\/lt\/wp-json\/wp\/v2\/media?parent=164662"}],"wp:term":[{"taxonomy":"product_brand","embeddable":true,"href":"https:\/\/baldumarket.lt\/lt\/wp-json\/wp\/v2\/product_brand?post=164662"},{"taxonomy":"product_cat","embeddable":true,"href":"https:\/\/baldumarket.lt\/lt\/wp-json\/wp\/v2\/product_cat?post=164662"},{"taxonomy":"product_tag","embeddable":true,"href":"https:\/\/baldumarket.lt\/lt\/wp-json\/wp\/v2\/product_tag?post=164662"}],"curies":[{"name":"wp","href":"https:\/\/api.w.org\/{rel}","templated":true}]}}