{"id":164656,"date":"2025-12-19T13:32:22","date_gmt":"2025-12-19T10:32:22","guid":{"rendered":"https:\/\/baldumarket.lt\/product\/lyon-lyof02-komoda-rtv-1s-dab-riviera-jasna-biala\/"},"modified":"2026-02-08T17:52:33","modified_gmt":"2026-02-08T14:52:33","slug":"lyon-lyof02-komoda-rtv-1s-dab-riviera-jasna-biala","status":"publish","type":"product","link":"https:\/\/baldumarket.lt\/lt\/product\/lyon-lyof02-komoda-rtv-1s-dab-riviera-jasna-biala\/","title":{"rendered":"Lyon LYOF02 \u2013 1S TV spintel\u0117 Riviera Oak \u0161viesi\/balta"},"content":{"rendered":"<p>Pristatome nuostab\u0173 \u201eLyon LYOF02\u201c televizoriaus staliuk\u0105 \u0161viesaus \u201eRiviera Oak\u201c spalvos su baltais akcentais. \u0160is unikalus elegancijos ir modernumo derinys puikiai tiks tiek klasikiniame, tiek moderniame interjere. Sukurtas tiems, kurie vertina gro\u017e\u012f ir funkcionalum\u0105, \u0161is bald\u0173 perlas neabejotinai papuo\u0161 j\u016bs\u0173 namus ir taps bet kurio svetain\u0117s traukos centru. 130 cm plo\u010dio, 41,7 cm auk\u0161\u010dio ir 42 cm gylio \u201eLyon LYOF02\u201c televizoriaus staliukas lengvai tilps bet kuriame kambaryje. Pagamintas i\u0161 auk\u0161tos kokyb\u0117s laminuotos plok\u0161t\u0117s, jis puikiai atkartoja \u0105\u017euolo tekst\u016br\u0105 ir spalv\u0105, suteikdamas bet kokiam interjerui \u0161ilumos ir nat\u016bralumo. \u0160i med\u017eiaga taip pat yra labai prakti\u0161ka \u2013 atspari \u012fbr\u0117\u017eimams, pa\u017eeidimams, dr\u0117gmei ir auk\u0161tai temperat\u016brai, u\u017etikrinant ilgalaik\u012f naudojim\u0105. \u0160is modernaus stiliaus staliukas neturi tradicini\u0173 ranken\u0117li\u0173. \u0160is eleganti\u0161kas dizainas be ranken\u0117li\u0173 \u012fkomponuotas \u012f erdv\u0173 stal\u010di\u0173, puikiai tinkant\u012f elektroniniams prietaisams ir nieku\u010diams laikyti. J\u012f papildo \u0161velnaus u\u017edarymo technologija, kurios slydikliai u\u017etikrina skland\u0173 ir tyl\u0173 u\u017edarym\u0105. Tuo tarpu atvira lentyna puikiai tinka elektronikos prietaisams laikyti ir patogiam j\u0173 naudojimui.<\/p>","protected":false},"excerpt":{"rendered":"<p>Plotis (cm): 130<br \/>\n\u016agis (cm): 41,7<br \/>\nGylis (cm): 42<\/p>","protected":false},"featured_media":164657,"comment_status":"open","ping_status":"open","template":"","meta":[],"product_brand":[],"product_cat":[9488,4107,1175],"product_tag":[],"class_list":{"0":"post-164656","1":"product","2":"type-product","3":"status-publish","4":"has-post-thumbnail","6":"product_cat-furniture-system-lyon-bright-wojcik-meble","7":"product_cat-meble-wojcik","8":"product_cat-tv-stands","10":"first","11":"instock","12":"purchasable","13":"product-type-simple"},"_links":{"self":[{"href":"https:\/\/baldumarket.lt\/lt\/wp-json\/wp\/v2\/product\/164656","targetHints":{"allow":["GET"]}}],"collection":[{"href":"https:\/\/baldumarket.lt\/lt\/wp-json\/wp\/v2\/product"}],"about":[{"href":"https:\/\/baldumarket.lt\/lt\/wp-json\/wp\/v2\/types\/product"}],"replies":[{"embeddable":true,"href":"https:\/\/baldumarket.lt\/lt\/wp-json\/wp\/v2\/comments?post=164656"}],"wp:featuredmedia":[{"embeddable":true,"href":"https:\/\/baldumarket.lt\/lt\/wp-json\/wp\/v2\/media\/164657"}],"wp:attachment":[{"href":"https:\/\/baldumarket.lt\/lt\/wp-json\/wp\/v2\/media?parent=164656"}],"wp:term":[{"taxonomy":"product_brand","embeddable":true,"href":"https:\/\/baldumarket.lt\/lt\/wp-json\/wp\/v2\/product_brand?post=164656"},{"taxonomy":"product_cat","embeddable":true,"href":"https:\/\/baldumarket.lt\/lt\/wp-json\/wp\/v2\/product_cat?post=164656"},{"taxonomy":"product_tag","embeddable":true,"href":"https:\/\/baldumarket.lt\/lt\/wp-json\/wp\/v2\/product_tag?post=164656"}],"curies":[{"name":"wp","href":"https:\/\/api.w.org\/{rel}","templated":true}]}}