{"id":164650,"date":"2025-12-19T13:32:08","date_gmt":"2025-12-19T10:32:08","guid":{"rendered":"https:\/\/baldumarket.lt\/product\/lyon-bialy-lyof02-komoda-rtv-1s-biala\/"},"modified":"2026-04-06T16:40:43","modified_gmt":"2026-04-06T13:40:43","slug":"lyon-bialy-lyof02-komoda-rtv-1s-biala","status":"publish","type":"product","link":"https:\/\/baldumarket.lt\/lt\/product\/lyon-bialy-lyof02-komoda-rtv-1s-biala\/","title":{"rendered":"Lyon White LYOF02 \u2013 1S balta televizoriaus spintel\u0117"},"content":{"rendered":"<p>Atraskite tobul\u0105 funkcionalumo ir modernaus dizaino derin\u012f su \u201eLyon White LYOF02\u201c televizoriaus spintele \u2013 tobulu baldu, kuris j\u016bs\u0173 svetainei suteiks i\u0161skirtin\u0117s tvarkos ir stiliaus. Savo kategorijoje ji i\u0161siskiria ne tik prakti\u0161kumu, bet ir unikalia i\u0161vaizda, kuri dera su naujausiomis interjero dizaino tendencijomis. Pagaminta i\u0161 auk\u0161\u010diausios kokyb\u0117s laminuotos plok\u0161t\u0117s, \u201eLYOF02\u201c televizoriaus spintel\u0117 yra itin atspari dr\u0117gmei, pa\u017eeidimams ir auk\u0161tai temperat\u016brai. Laminuotos med\u017eio dro\u017eli\u0173 plok\u0161t\u0117s priekin\u0117 dalis \u017eavi savo baltumu ir blizgesiu, traukia d\u0117mes\u012f ir suteikia bet kokiam interjerui lengvumo. Moderni atidarymo sistema be ranken\u0117li\u0173 suteikia \u201eLYOF02\u201c spintelei eleganti\u0161k\u0105 ir minimalistin\u012f charakter\u012f, netrikdydama kambario harmonijos. \u0160velnaus u\u017edarymo b\u0117geliai yra ne\u012fkainojami kasdien naudojant, u\u017etikrinant \u0161veln\u0173 ir beveik tyl\u0173 stal\u010di\u0173 u\u017edarym\u0105.<\/p>","protected":false},"excerpt":{"rendered":"<p>Plotis (cm): 130<br \/>\n\u016agis (cm): 41,7<br \/>\nGylis (cm): 42<\/p>","protected":false},"featured_media":164651,"comment_status":"open","ping_status":"open","template":"","meta":[],"product_brand":[],"product_cat":[9487,4107,1175],"product_tag":[],"class_list":{"0":"post-164650","1":"product","2":"type-product","3":"status-publish","4":"has-post-thumbnail","6":"product_cat-furniture-system-lyon-white-wojcik-meble","7":"product_cat-meble-wojcik","8":"product_cat-tv-stands","10":"first","11":"instock","12":"purchasable","13":"product-type-simple"},"_links":{"self":[{"href":"https:\/\/baldumarket.lt\/lt\/wp-json\/wp\/v2\/product\/164650","targetHints":{"allow":["GET"]}}],"collection":[{"href":"https:\/\/baldumarket.lt\/lt\/wp-json\/wp\/v2\/product"}],"about":[{"href":"https:\/\/baldumarket.lt\/lt\/wp-json\/wp\/v2\/types\/product"}],"replies":[{"embeddable":true,"href":"https:\/\/baldumarket.lt\/lt\/wp-json\/wp\/v2\/comments?post=164650"}],"wp:featuredmedia":[{"embeddable":true,"href":"https:\/\/baldumarket.lt\/lt\/wp-json\/wp\/v2\/media\/164651"}],"wp:attachment":[{"href":"https:\/\/baldumarket.lt\/lt\/wp-json\/wp\/v2\/media?parent=164650"}],"wp:term":[{"taxonomy":"product_brand","embeddable":true,"href":"https:\/\/baldumarket.lt\/lt\/wp-json\/wp\/v2\/product_brand?post=164650"},{"taxonomy":"product_cat","embeddable":true,"href":"https:\/\/baldumarket.lt\/lt\/wp-json\/wp\/v2\/product_cat?post=164650"},{"taxonomy":"product_tag","embeddable":true,"href":"https:\/\/baldumarket.lt\/lt\/wp-json\/wp\/v2\/product_tag?post=164650"}],"curies":[{"name":"wp","href":"https:\/\/api.w.org\/{rel}","templated":true}]}}