{"id":164644,"date":"2025-12-19T13:31:55","date_gmt":"2025-12-19T10:31:55","guid":{"rendered":"https:\/\/baldumarket.lt\/product\/lyon-bialy-lyof01-komoda-rtv-2s-biala\/"},"modified":"2026-04-06T16:40:43","modified_gmt":"2026-04-06T13:40:43","slug":"lyon-bialy-lyof01-komoda-rtv-2s-biala","status":"publish","type":"product","link":"https:\/\/baldumarket.lt\/lt\/product\/lyon-bialy-lyof01-komoda-rtv-2s-biala\/","title":{"rendered":"Lyon White LYOF01 \u2013 2S balta televizoriaus spintel\u0117"},"content":{"rendered":"<p>Modernumas, elegancija ir funkcionalumas \u2013 \u0161ie trys \u017eod\u017eiai puikiai apib\u016bdina \u201eLyon White LYOF01\u201c televizoriaus staliuko, kuris taps j\u016bs\u0173 svetain\u0117s \u0161irdimi, charakter\u012f. Tai ne tik baldas, bet ir gerai apgalvotas sprendimas, kuris suteiks j\u016bs\u0173 namams moderni\u0105 atmosfer\u0105 ir u\u017etikrins patog\u0173 kasdien\u012f naudojim\u0105. Sukurtas minimalistinio dizaino m\u0117g\u0117jams, \u201eLyon White LYOF01\u201c televizoriaus staliuko balta ir blizgi apdaila \u017eavi, suteikia bet kuriai erdvei lengvumo ir vizualiai j\u0105 padidina. Auk\u0161tos kokyb\u0117s laminuota plok\u0161t\u0117 garantuoja atsparum\u0105 \u012fbr\u0117\u017eimams, mechaniniams pa\u017eeidimams ir dr\u0117gmei, tod\u0117l staliuko spintel\u0117 tarnaus jums ilgus metus. Unikali \u0161io baldo savyb\u0117 \u2013 du stal\u010diai su ranken\u0117li\u0173 neturin\u010dia sistema, sustiprinantys staliuko modern\u0173 charakter\u012f. \u0160velnaus u\u017edarymo b\u0117geliai dar labiau padidina komfort\u0105, garantuodami ramyb\u0119 ir tyl\u0105 j\u016bs\u0173 namuose. Jis buvo sukurtas galvojant apie komfort\u0105, o tai puikiai papildo jo estetin\u012f patrauklum\u0105.<\/p>","protected":false},"excerpt":{"rendered":"<p>Plotis (cm): 146,1<br \/>\n\u016agis (cm): 41,7<br \/>\nGylis (cm): 42<\/p>","protected":false},"featured_media":164645,"comment_status":"open","ping_status":"open","template":"","meta":[],"product_brand":[],"product_cat":[9487,4107,1175],"product_tag":[],"class_list":{"0":"post-164644","1":"product","2":"type-product","3":"status-publish","4":"has-post-thumbnail","6":"product_cat-furniture-system-lyon-white-wojcik-meble","7":"product_cat-meble-wojcik","8":"product_cat-tv-stands","10":"first","11":"instock","12":"purchasable","13":"product-type-simple"},"_links":{"self":[{"href":"https:\/\/baldumarket.lt\/lt\/wp-json\/wp\/v2\/product\/164644","targetHints":{"allow":["GET"]}}],"collection":[{"href":"https:\/\/baldumarket.lt\/lt\/wp-json\/wp\/v2\/product"}],"about":[{"href":"https:\/\/baldumarket.lt\/lt\/wp-json\/wp\/v2\/types\/product"}],"replies":[{"embeddable":true,"href":"https:\/\/baldumarket.lt\/lt\/wp-json\/wp\/v2\/comments?post=164644"}],"wp:featuredmedia":[{"embeddable":true,"href":"https:\/\/baldumarket.lt\/lt\/wp-json\/wp\/v2\/media\/164645"}],"wp:attachment":[{"href":"https:\/\/baldumarket.lt\/lt\/wp-json\/wp\/v2\/media?parent=164644"}],"wp:term":[{"taxonomy":"product_brand","embeddable":true,"href":"https:\/\/baldumarket.lt\/lt\/wp-json\/wp\/v2\/product_brand?post=164644"},{"taxonomy":"product_cat","embeddable":true,"href":"https:\/\/baldumarket.lt\/lt\/wp-json\/wp\/v2\/product_cat?post=164644"},{"taxonomy":"product_tag","embeddable":true,"href":"https:\/\/baldumarket.lt\/lt\/wp-json\/wp\/v2\/product_tag?post=164644"}],"curies":[{"name":"wp","href":"https:\/\/api.w.org\/{rel}","templated":true}]}}