{"id":164638,"date":"2025-12-19T13:31:43","date_gmt":"2025-12-19T10:31:43","guid":{"rendered":"https:\/\/baldumarket.lt\/product\/linate-typ-50-komoda-rtv-2d-1s-biala-dab-truflowy\/"},"modified":"2026-04-06T16:40:43","modified_gmt":"2026-04-06T13:40:43","slug":"linate-typ-50-komoda-rtv-2d-1s-biala-dab-truflowy","status":"publish","type":"product","link":"https:\/\/baldumarket.lt\/lt\/product\/linate-typ-50-komoda-rtv-2d-1s-biala-dab-truflowy\/","title":{"rendered":"Linate TYPE 50 \u2013 TV spintel\u0117 2D-1S balta\/trufeli\u0173 \u0105\u017euolas"},"content":{"rendered":"<p>Pademonstruokite savo televizori\u0173 stilingai ir d\u0117mesio vertu stiliumi su \u201eLinate TYPE 50\u201c televizoriaus staliuku, pasi\u017eymin\u010diu nesenstan\u010diu eleganti\u0161kos baltos ir nat\u016bralaus triufeli\u0173 atspalvio spalv\u0173 deriniu. \u0160is prakti\u0161kas, ta\u010diau i\u0161skirtinai esteti\u0161kas staliukas yra puikus pasirinkimas visiems, vertinantiems auk\u0161t\u0105 kokyb\u0119 ir modern\u0173 dizain\u0105. Apgalvotas 164 cm plotis, idealus 45,7 cm auk\u0161tis ir 41,9 cm gylis paver\u010dia j\u012f puikiu bet kurios svetain\u0117s ar televizijos kambario papildymu. Erdvus stal\u010dius ir dvi prakti\u0161kos spintel\u0117s, puikiai tinkan\u010dios j\u016bs\u0173 disk\u0173 ar \u017eaidim\u0173 kolekcijai laikyti, \u201eLinate TYPE 50\u201c televizoriaus staliukas pad\u0117s \u012fne\u0161ti harmonijos ir tvarkos \u012f bet kok\u012f interjer\u0105. Stovas pagamintas i\u0161 auk\u0161tos kokyb\u0117s med\u017eiag\u0173, \u012fskaitant laminuot\u0105 plok\u0161t\u0119 ir MDF, u\u017etikrinant patvarum\u0105 ir atsparum\u0105 kasdieniam naudojimui. MDF fasadai suteikia subtilios elegancijos ir garantuoja ilgalaik\u0119 baldo estetik\u0105. Be to, korpusas ir aplikacijos pagaminti i\u0161 laminuotos med\u017eio dro\u017eli\u0173 plok\u0161t\u0117s, kuri dar labiau pakelia apdailos standart\u0105.<\/p>","protected":false},"excerpt":{"rendered":"<p>Plotis (cm): 164<br \/>\n\u016agis (cm): 45,7<br \/>\nGylis (cm): 41,9<\/p>","protected":false},"featured_media":164639,"comment_status":"open","ping_status":"open","template":"","meta":[],"product_brand":[],"product_cat":[9486,4107,1175],"product_tag":[],"class_list":{"0":"post-164638","1":"product","2":"type-product","3":"status-publish","4":"has-post-thumbnail","6":"product_cat-furniture-system-linate-wojcik-meble","7":"product_cat-meble-wojcik","8":"product_cat-tv-stands","10":"first","11":"instock","12":"purchasable","13":"product-type-simple"},"_links":{"self":[{"href":"https:\/\/baldumarket.lt\/lt\/wp-json\/wp\/v2\/product\/164638","targetHints":{"allow":["GET"]}}],"collection":[{"href":"https:\/\/baldumarket.lt\/lt\/wp-json\/wp\/v2\/product"}],"about":[{"href":"https:\/\/baldumarket.lt\/lt\/wp-json\/wp\/v2\/types\/product"}],"replies":[{"embeddable":true,"href":"https:\/\/baldumarket.lt\/lt\/wp-json\/wp\/v2\/comments?post=164638"}],"wp:featuredmedia":[{"embeddable":true,"href":"https:\/\/baldumarket.lt\/lt\/wp-json\/wp\/v2\/media\/164639"}],"wp:attachment":[{"href":"https:\/\/baldumarket.lt\/lt\/wp-json\/wp\/v2\/media?parent=164638"}],"wp:term":[{"taxonomy":"product_brand","embeddable":true,"href":"https:\/\/baldumarket.lt\/lt\/wp-json\/wp\/v2\/product_brand?post=164638"},{"taxonomy":"product_cat","embeddable":true,"href":"https:\/\/baldumarket.lt\/lt\/wp-json\/wp\/v2\/product_cat?post=164638"},{"taxonomy":"product_tag","embeddable":true,"href":"https:\/\/baldumarket.lt\/lt\/wp-json\/wp\/v2\/product_tag?post=164638"}],"curies":[{"name":"wp","href":"https:\/\/api.w.org\/{rel}","templated":true}]}}