{"id":164632,"date":"2025-12-19T13:31:31","date_gmt":"2025-12-19T10:31:31","guid":{"rendered":"https:\/\/baldumarket.lt\/product\/imperial-typ-51-komoda-rtv-4s-orzech\/"},"modified":"2026-04-06T16:40:22","modified_gmt":"2026-04-06T13:40:22","slug":"imperial-typ-51-komoda-rtv-4s-orzech","status":"publish","type":"product","link":"https:\/\/baldumarket.lt\/lt\/product\/imperial-typ-51-komoda-rtv-4s-orzech\/","title":{"rendered":"Imperial TYPE 51 \u2013 4S TV spintel\u0117, rie\u0161uto spalvos"},"content":{"rendered":"<p>Pristatome Jums unikal\u0173 ir eleganti\u0161k\u0105 TV staliuk\u0105 \u2013 \u201eImperial TYPE 51\u201c \u0161ilto rie\u0161uto atspalvio, kurio klasikinis dizainas puikiai papildys bet kok\u012f interjer\u0105. Puikiai tinka tradicinio stiliaus m\u0117g\u0117jams, ie\u0161kantiems moderni\u0173 ir prakti\u0161k\u0173 sprendim\u0173 savo erdvei organizuoti. Plotis: 140 cm.<br \/>\nAuk\u0161tis: 44 cm<br \/>\nGylis: 45,3 cm<br \/>\nSpalva: rie\u0161uto<br \/>\nMed\u017eiaga: auk\u0161tos kokyb\u0117s laminuota plok\u0161t\u0117 ir MDF<br \/>\nSpalva: Nat\u016brali<br \/>\nStilius: Klasikinis. \u201eImperial TYPE 51\u201c ne tik puikiai eksponuoja j\u016bs\u0173 televizori\u0173, bet ir d\u0117l savo funkcionalumo u\u017etikrina tvark\u0105. Dvi erdvios, atviros lentynos sukurtos taip, kad j\u016bs\u0173 m\u0117gstamiausi multimedijos \u012frenginiai visada b\u016bt\u0173 ranka pasiekiami. Specialios ventiliacijos angos u\u017etikrina tinkam\u0105 j\u016bs\u0173 \u012frangos temperat\u016br\u0105, padidina jos patvarum\u0105 ir apsaugo nuo perkaitimo.<\/p>","protected":false},"excerpt":{"rendered":"<p>Plotis (cm): 140<br \/>\n\u016agis (cm): 44<br \/>\nGylis (cm): 45,3<\/p>","protected":false},"featured_media":164633,"comment_status":"open","ping_status":"open","template":"","meta":[],"product_brand":[],"product_cat":[9484,4107,1175],"product_tag":[],"class_list":{"0":"post-164632","1":"product","2":"type-product","3":"status-publish","4":"has-post-thumbnail","6":"product_cat-furniture-system-imperial-wojcik-meble","7":"product_cat-meble-wojcik","8":"product_cat-tv-stands","10":"first","11":"instock","12":"purchasable","13":"product-type-simple"},"_links":{"self":[{"href":"https:\/\/baldumarket.lt\/lt\/wp-json\/wp\/v2\/product\/164632","targetHints":{"allow":["GET"]}}],"collection":[{"href":"https:\/\/baldumarket.lt\/lt\/wp-json\/wp\/v2\/product"}],"about":[{"href":"https:\/\/baldumarket.lt\/lt\/wp-json\/wp\/v2\/types\/product"}],"replies":[{"embeddable":true,"href":"https:\/\/baldumarket.lt\/lt\/wp-json\/wp\/v2\/comments?post=164632"}],"wp:featuredmedia":[{"embeddable":true,"href":"https:\/\/baldumarket.lt\/lt\/wp-json\/wp\/v2\/media\/164633"}],"wp:attachment":[{"href":"https:\/\/baldumarket.lt\/lt\/wp-json\/wp\/v2\/media?parent=164632"}],"wp:term":[{"taxonomy":"product_brand","embeddable":true,"href":"https:\/\/baldumarket.lt\/lt\/wp-json\/wp\/v2\/product_brand?post=164632"},{"taxonomy":"product_cat","embeddable":true,"href":"https:\/\/baldumarket.lt\/lt\/wp-json\/wp\/v2\/product_cat?post=164632"},{"taxonomy":"product_tag","embeddable":true,"href":"https:\/\/baldumarket.lt\/lt\/wp-json\/wp\/v2\/product_tag?post=164632"}],"curies":[{"name":"wp","href":"https:\/\/api.w.org\/{rel}","templated":true}]}}