{"id":164626,"date":"2025-12-19T13:31:19","date_gmt":"2025-12-19T10:31:19","guid":{"rendered":"https:\/\/baldumarket.lt\/product\/fribo-frif02-komoda-rtv-2d1s-biala\/"},"modified":"2026-04-06T16:40:22","modified_gmt":"2026-04-06T13:40:22","slug":"fribo-frif02-komoda-rtv-2d1s-biala","status":"publish","type":"product","link":"https:\/\/baldumarket.lt\/lt\/product\/fribo-frif02-komoda-rtv-2d1s-biala\/","title":{"rendered":"Fribo FRIF02 &#8211; TV spintel\u0117 2D1S balta"},"content":{"rendered":"<p>Kvie\u010diame ap\u017ei\u016br\u0117ti m\u016bs\u0173 modern\u0173 ir stiling\u0105 televizoriaus staliuk\u0105 \u2013 \u201eFribo FRIF02\u201c \u2013 funkcionalumo ir elegancijos derin\u012f, skirt\u0105 j\u016bs\u0173 svetainei. \u0160is grynai baltas modelis yra ne tik prakti\u0161kas televizoriaus staliukas, bet ir ry\u0161kus dekoratyvinis elementas, kuris suteiks j\u016bs\u0173 interjerui gaivumo ir modernumo. \u201eFribo FRIF02\u201c staliukas yra idealiai i\u0161matavim\u0173 (plotis: 135,4 cm, auk\u0161tis: 51,1 cm, gylis: 45 cm), tod\u0117l j\u012f patogu naudoti net ir ma\u017eesn\u0117se erdv\u0117se, neprarandant universalumo. Pagamintas i\u0161 auk\u0161tos kokyb\u0117s laminuotos plok\u0161t\u0117s, jis ne tik garantuoja gra\u017ei\u0105 i\u0161vaizd\u0105 ilgus metus, bet ir u\u017etikrina atsparum\u0105 dr\u0117gmei, \u012fbr\u0117\u017eimams, pa\u017eeidimams ir auk\u0161tai temperat\u016brai \u2013 savybes, kurios ypa\u010d svarbios naudojant \u0161alia elektronikos. M\u016bs\u0173 \u201eFribo\u201c kolekcijos televizoriaus spintel\u0117 turi prakti\u0161k\u0105 stalvir\u0161\u012f, ant kurio lengvai telpa j\u016bs\u0173 televizorius, o atvira lentyna skirta patogiai laikyti elektronik\u0105, pavyzd\u017eiui, pried\u0117l\u012f, DVD grotuv\u0105 ar \u017eaidim\u0173 konsol\u0119. Baldo funkcionalum\u0105 dar labiau padidina pasl\u0117pti vyriai ir rutuliniai guoliai, kurie u\u017etikrina visi\u0161k\u0105 ir skland\u0173 stal\u010di\u0173 i\u0161traukim\u0105 \u2013 puikiai tinka ma\u017eiems aksesuarams ar film\u0173 ir vaizdo \u017eaidim\u0173 kolekcijoms.<\/p>","protected":false},"excerpt":{"rendered":"<p>Plotis (cm): 135,4<br \/>\n\u016agis (cm): 51,1<br \/>\nGylis (cm): 45<\/p>","protected":false},"featured_media":164627,"comment_status":"open","ping_status":"open","template":"","meta":[],"product_brand":[],"product_cat":[9481,4107,1175],"product_tag":[],"class_list":{"0":"post-164626","1":"product","2":"type-product","3":"status-publish","4":"has-post-thumbnail","6":"product_cat-furniture-system-fribo-wojcik-meble","7":"product_cat-meble-wojcik","8":"product_cat-tv-stands","10":"first","11":"instock","12":"purchasable","13":"product-type-simple"},"_links":{"self":[{"href":"https:\/\/baldumarket.lt\/lt\/wp-json\/wp\/v2\/product\/164626","targetHints":{"allow":["GET"]}}],"collection":[{"href":"https:\/\/baldumarket.lt\/lt\/wp-json\/wp\/v2\/product"}],"about":[{"href":"https:\/\/baldumarket.lt\/lt\/wp-json\/wp\/v2\/types\/product"}],"replies":[{"embeddable":true,"href":"https:\/\/baldumarket.lt\/lt\/wp-json\/wp\/v2\/comments?post=164626"}],"wp:featuredmedia":[{"embeddable":true,"href":"https:\/\/baldumarket.lt\/lt\/wp-json\/wp\/v2\/media\/164627"}],"wp:attachment":[{"href":"https:\/\/baldumarket.lt\/lt\/wp-json\/wp\/v2\/media?parent=164626"}],"wp:term":[{"taxonomy":"product_brand","embeddable":true,"href":"https:\/\/baldumarket.lt\/lt\/wp-json\/wp\/v2\/product_brand?post=164626"},{"taxonomy":"product_cat","embeddable":true,"href":"https:\/\/baldumarket.lt\/lt\/wp-json\/wp\/v2\/product_cat?post=164626"},{"taxonomy":"product_tag","embeddable":true,"href":"https:\/\/baldumarket.lt\/lt\/wp-json\/wp\/v2\/product_tag?post=164626"}],"curies":[{"name":"wp","href":"https:\/\/api.w.org\/{rel}","templated":true}]}}