{"id":164620,"date":"2025-12-19T13:31:07","date_gmt":"2025-12-19T10:31:07","guid":{"rendered":"https:\/\/baldumarket.lt\/product\/fribo-frif01-komoda-rtv-2d1s-biala\/"},"modified":"2026-04-06T16:40:22","modified_gmt":"2026-04-06T13:40:22","slug":"fribo-frif01-komoda-rtv-2d1s-biala","status":"publish","type":"product","link":"https:\/\/baldumarket.lt\/lt\/product\/fribo-frif01-komoda-rtv-2d1s-biala\/","title":{"rendered":"Fribo FRIF01 &#8211; TV spintel\u0117 2D1S balta"},"content":{"rendered":"<p>Pristatome \u201eFribo FRIF01 2D1S\u201c televizoriaus staliuk\u0105 \u2013 funkcionalumo ir \u0161iuolaiki\u0161ko dizaino kulminacij\u0105. D\u0117l nesenstan\u010dios estetikos jis taps bet kurio svetain\u0117s traukos centru, suteikdamas jam charakterio ir modernaus stiliaus. 165,4 cm plo\u010dio, 51,1 cm auk\u0161\u010dio ir 45 cm gylio staliukas sukurtas siekiant patenkinti reikliausi\u0173 vartotoj\u0173 poreikius. Pagamintas i\u0161 auk\u0161\u010diausios kokyb\u0117s laminuotos plok\u0161t\u0117s, \u0161is gaminys \u017eavi savo patvarumu ir atsparumu kasdieniam naudojimui. Laminatas efektyviai apsaugo pavir\u0161i\u0173 nuo \u012fbr\u0117\u017eim\u0173, pa\u017eeidim\u0173, auk\u0161tos temperat\u016bros ir dr\u0117gm\u0117s, u\u017etikrindamas ilgaam\u017ei\u0161kum\u0105 ir vienod\u0105 i\u0161vaizd\u0105 ilgus metus. Paprasta, bet i\u0161skirtinai eleganti\u0161ka balta \u201eFribo\u201c televizoriaus staliuko spalva puikiai atspindi naujausias interjero dizaino tendencijas ir si\u016blo plat\u0173 dizaino variant\u0173 pasirinkim\u0105. \u201eFribo\u201c kolekcija yra dviej\u0173 spalv\u0173: klasikin\u0117s Alpi\u0173 baltos ir \u0161iltos Ribbeck auksinio \u0105\u017euolo, tod\u0117l ji puikiai tinka modernistiniam, skandinavi\u0161kam ar net minimalistiniam interjerui.<\/p>","protected":false},"excerpt":{"rendered":"<p>Plotis (cm): 165,4<br \/>\n\u016agis (cm): 51,1<br \/>\nGylis (cm): 45<\/p>","protected":false},"featured_media":164621,"comment_status":"open","ping_status":"open","template":"","meta":[],"product_brand":[],"product_cat":[9481,4107,1175],"product_tag":[],"class_list":{"0":"post-164620","1":"product","2":"type-product","3":"status-publish","4":"has-post-thumbnail","6":"product_cat-furniture-system-fribo-wojcik-meble","7":"product_cat-meble-wojcik","8":"product_cat-tv-stands","10":"first","11":"instock","12":"purchasable","13":"product-type-simple"},"_links":{"self":[{"href":"https:\/\/baldumarket.lt\/lt\/wp-json\/wp\/v2\/product\/164620","targetHints":{"allow":["GET"]}}],"collection":[{"href":"https:\/\/baldumarket.lt\/lt\/wp-json\/wp\/v2\/product"}],"about":[{"href":"https:\/\/baldumarket.lt\/lt\/wp-json\/wp\/v2\/types\/product"}],"replies":[{"embeddable":true,"href":"https:\/\/baldumarket.lt\/lt\/wp-json\/wp\/v2\/comments?post=164620"}],"wp:featuredmedia":[{"embeddable":true,"href":"https:\/\/baldumarket.lt\/lt\/wp-json\/wp\/v2\/media\/164621"}],"wp:attachment":[{"href":"https:\/\/baldumarket.lt\/lt\/wp-json\/wp\/v2\/media?parent=164620"}],"wp:term":[{"taxonomy":"product_brand","embeddable":true,"href":"https:\/\/baldumarket.lt\/lt\/wp-json\/wp\/v2\/product_brand?post=164620"},{"taxonomy":"product_cat","embeddable":true,"href":"https:\/\/baldumarket.lt\/lt\/wp-json\/wp\/v2\/product_cat?post=164620"},{"taxonomy":"product_tag","embeddable":true,"href":"https:\/\/baldumarket.lt\/lt\/wp-json\/wp\/v2\/product_tag?post=164620"}],"curies":[{"name":"wp","href":"https:\/\/api.w.org\/{rel}","templated":true}]}}