{"id":164614,"date":"2025-12-19T13:30:54","date_gmt":"2025-12-19T10:30:54","guid":{"rendered":"https:\/\/baldumarket.lt\/product\/fribo-frif02-komoda-rtv-2d1s-dab-ribbeck-zloty\/"},"modified":"2026-04-06T16:40:22","modified_gmt":"2026-04-06T13:40:22","slug":"fribo-frif02-komoda-rtv-2d1s-dab-ribbeck-zloty","status":"publish","type":"product","link":"https:\/\/baldumarket.lt\/lt\/product\/fribo-frif02-komoda-rtv-2d1s-dab-ribbeck-zloty\/","title":{"rendered":"Fribo FRIF02 \u2013 TV spintel\u0117 2D1S Ribbeck \u0105\u017euolo aukso spalvos"},"content":{"rendered":"<p>Atraskite tobulai suprojektuoto svetain\u0117s kambario rakt\u0105 su eleganti\u0161ku \u201eRibbeck Golden Oak\u201c atspalviu \u201eFribo FRIF02\u201c televizoriaus staliuku. \u0160is funkcionalus baldas, suteikiantis bet kokiam interjerui modernumo, yra ne tik stiliaus esm\u0117, bet ir atsakymas \u012f \u0161iuolaikinius daikt\u0173 laikymo poreikius. 135,4 cm plo\u010dio, 51,1 cm auk\u0161\u010dio ir 45 cm gylio \u2013 \u0161ie matmenys idealiai tinka tiek dideliems, tiek ma\u017eiems televizoriaus \u012frenginiams laikyti. Laminuota plok\u0161t\u0117 kaip konstrukcin\u0117 med\u017eiaga u\u017etikrina ne tik patvarum\u0105, bet ir lengv\u0105 valym\u0105. \u0160is \u201eRibbeck Golden Oak\u201c staliukas suteikia kambariui \u0161ilt\u0105, nat\u016brali\u0105 atmosfer\u0105 d\u0117l savo i\u0161skirtinio ra\u0161to ir lyt\u0117jimo tekst\u016bros. Patog\u0173 naudojim\u0105 garantuoja pasl\u0117pta vyri\u0173 sistema ir rutulini\u0173 guoli\u0173 b\u0117geliai, leid\u017eiantys visi\u0161kai i\u0161traukti stal\u010dius, tod\u0117l laikyti daiktai yra greitai ir lengvai pasiekiami. Moderniai suprojektuotas stovo korpusas ir priekin\u0117 dalis, pagaminti i\u0161 laminuotos med\u017eio dro\u017eli\u0173 plok\u0161t\u0117s, demonstruoja jo tvirtum\u0105 ir atsparum\u0105 kasdieniam naudojimui. \u0160is baldas sumaniai atsparus dr\u0117gmei, \u012fbr\u0117\u017eimams, pa\u017eeidimams ir net auk\u0161tai temperat\u016brai. Sistema be ranken\u0117li\u0173 pabr\u0117\u017eia \u201eFribo\u201c kolekcijos formos paprastum\u0105 ir modernistin\u0119 estetik\u0105, kur kiekviena detal\u0117 yra svarbi galutiniam \u012fsp\u016bd\u017eiui.<\/p>","protected":false},"excerpt":{"rendered":"<p>Plotis (cm): 135,4<br \/>\n\u016agis (cm): 51,1<br \/>\nGylis (cm): 45<\/p>","protected":false},"featured_media":164615,"comment_status":"open","ping_status":"open","template":"","meta":[],"product_brand":[],"product_cat":[9481,4107,1175],"product_tag":[],"class_list":{"0":"post-164614","1":"product","2":"type-product","3":"status-publish","4":"has-post-thumbnail","6":"product_cat-furniture-system-fribo-wojcik-meble","7":"product_cat-meble-wojcik","8":"product_cat-tv-stands","10":"first","11":"instock","12":"purchasable","13":"product-type-simple"},"_links":{"self":[{"href":"https:\/\/baldumarket.lt\/lt\/wp-json\/wp\/v2\/product\/164614","targetHints":{"allow":["GET"]}}],"collection":[{"href":"https:\/\/baldumarket.lt\/lt\/wp-json\/wp\/v2\/product"}],"about":[{"href":"https:\/\/baldumarket.lt\/lt\/wp-json\/wp\/v2\/types\/product"}],"replies":[{"embeddable":true,"href":"https:\/\/baldumarket.lt\/lt\/wp-json\/wp\/v2\/comments?post=164614"}],"wp:featuredmedia":[{"embeddable":true,"href":"https:\/\/baldumarket.lt\/lt\/wp-json\/wp\/v2\/media\/164615"}],"wp:attachment":[{"href":"https:\/\/baldumarket.lt\/lt\/wp-json\/wp\/v2\/media?parent=164614"}],"wp:term":[{"taxonomy":"product_brand","embeddable":true,"href":"https:\/\/baldumarket.lt\/lt\/wp-json\/wp\/v2\/product_brand?post=164614"},{"taxonomy":"product_cat","embeddable":true,"href":"https:\/\/baldumarket.lt\/lt\/wp-json\/wp\/v2\/product_cat?post=164614"},{"taxonomy":"product_tag","embeddable":true,"href":"https:\/\/baldumarket.lt\/lt\/wp-json\/wp\/v2\/product_tag?post=164614"}],"curies":[{"name":"wp","href":"https:\/\/api.w.org\/{rel}","templated":true}]}}