{"id":164608,"date":"2025-12-19T13:30:41","date_gmt":"2025-12-19T10:30:41","guid":{"rendered":"https:\/\/baldumarket.lt\/product\/fribo-frif01-komoda-rtv-2d1s-dab-ribbeck-zloty\/"},"modified":"2026-04-06T16:40:22","modified_gmt":"2026-04-06T13:40:22","slug":"fribo-frif01-komoda-rtv-2d1s-dab-ribbeck-zloty","status":"publish","type":"product","link":"https:\/\/baldumarket.lt\/lt\/product\/fribo-frif01-komoda-rtv-2d1s-dab-ribbeck-zloty\/","title":{"rendered":"Fribo FRIF01 \u2013 TV spintel\u0117 2D1S Ribbeck Oak Gold"},"content":{"rendered":"<p>Ie\u0161kote baldo, kuris papuo\u0161t\u0173 j\u016bs\u0173 svetain\u0119 klasika ir patogiai tilpt\u0173 j\u016bs\u0173 televizorius bei pramog\u0173 \u012franga? Atraskite \u201eFribo FRIF01\u201c televizoriaus spintel\u0119, pasi\u017eymin\u010di\u0105 nesenstan\u010diu dizainu ir funkcionalumu, pritaikytu \u0161iuolaikiniams poreikiams. Jos matmenys (165,4 cm plo\u010dio, 51,1 cm auk\u0161\u010dio ir 45 cm gylio) leid\u017eia patogiai pastatyti tiek didelius, tiek ma\u017eesnius ekranus, taip pat papildom\u0105 garso ir vaizdo \u012frang\u0105. Pagaminta i\u0161 auk\u0161tos kokyb\u0117s laminuotos plok\u0161t\u0117s, nat\u016bralaus, \u0161ilto Ribbeck auksinio \u0105\u017euolo atspalvi\u0173, \u201eFribo FRIF01\u201c televizoriaus spintel\u0117 suteikia jaukumo j\u016bs\u0173 interjerui, i\u0161laikydama modern\u0173 charakter\u012f. Laminatas yra itin patvarus \u2013 atsparus \u012fbr\u0117\u017eimams, mechaniniams pa\u017eeidimams, dr\u0117gmei ir auk\u0161tai temperat\u016brai, tod\u0117l gal\u0117site d\u017eiaugtis gra\u017eia jo i\u0161vaizda ilgus metus. Puikus \u201eFribo FRIF01\u201c spintel\u0117s i\u0161planavimas su vienu erdviu stal\u010diumi ir dviem \u0161onin\u0117mis spintel\u0117mis leid\u017eia tvarkingai laikyti daiktus. Nesvarbu, ar jums reikia vietos DVD diskams, konsoli\u0173 \u017eaidimams, knygoms ar kitiems priedams, \u0161ioje komodoje lengvai tilps visi j\u016bs\u0173 reikalingi daiktai, i\u0161laikant tvark\u0105 kambaryje. Spintel\u0117s turi pasl\u0117ptus vyrius, o stal\u010diai juda pilno i\u0161traukimo rutuliniais guoliais, tod\u0117l jais naudotis nepaprastai patogu ir paprasta.<\/p>","protected":false},"excerpt":{"rendered":"<p>Plotis (cm): 165,4<br \/>\n\u016agis (cm): 51,1<br \/>\nGylis (cm): 45<\/p>","protected":false},"featured_media":164609,"comment_status":"open","ping_status":"open","template":"","meta":[],"product_brand":[],"product_cat":[9481,4107,1175],"product_tag":[],"class_list":{"0":"post-164608","1":"product","2":"type-product","3":"status-publish","4":"has-post-thumbnail","6":"product_cat-furniture-system-fribo-wojcik-meble","7":"product_cat-meble-wojcik","8":"product_cat-tv-stands","10":"first","11":"instock","12":"purchasable","13":"product-type-simple"},"_links":{"self":[{"href":"https:\/\/baldumarket.lt\/lt\/wp-json\/wp\/v2\/product\/164608","targetHints":{"allow":["GET"]}}],"collection":[{"href":"https:\/\/baldumarket.lt\/lt\/wp-json\/wp\/v2\/product"}],"about":[{"href":"https:\/\/baldumarket.lt\/lt\/wp-json\/wp\/v2\/types\/product"}],"replies":[{"embeddable":true,"href":"https:\/\/baldumarket.lt\/lt\/wp-json\/wp\/v2\/comments?post=164608"}],"wp:featuredmedia":[{"embeddable":true,"href":"https:\/\/baldumarket.lt\/lt\/wp-json\/wp\/v2\/media\/164609"}],"wp:attachment":[{"href":"https:\/\/baldumarket.lt\/lt\/wp-json\/wp\/v2\/media?parent=164608"}],"wp:term":[{"taxonomy":"product_brand","embeddable":true,"href":"https:\/\/baldumarket.lt\/lt\/wp-json\/wp\/v2\/product_brand?post=164608"},{"taxonomy":"product_cat","embeddable":true,"href":"https:\/\/baldumarket.lt\/lt\/wp-json\/wp\/v2\/product_cat?post=164608"},{"taxonomy":"product_tag","embeddable":true,"href":"https:\/\/baldumarket.lt\/lt\/wp-json\/wp\/v2\/product_tag?post=164608"}],"curies":[{"name":"wp","href":"https:\/\/api.w.org\/{rel}","templated":true}]}}