{"id":164596,"date":"2025-12-19T13:30:15","date_gmt":"2025-12-19T10:30:15","guid":{"rendered":"https:\/\/baldumarket.lt\/product\/cortina-cnaf03-komoda-rtv-2d1s-dab-grandson\/"},"modified":"2026-04-06T16:40:22","modified_gmt":"2026-04-06T13:40:22","slug":"cortina-cnaf03-komoda-rtv-2d1s-dab-grandson","status":"publish","type":"product","link":"https:\/\/baldumarket.lt\/lt\/product\/cortina-cnaf03-komoda-rtv-2d1s-dab-grandson\/","title":{"rendered":"Cortina CNAF03 \u2013 TV spintel\u0117 2D1S an\u016bkas \u0105\u017euolas"},"content":{"rendered":"<p>Kvie\u010diame atrasti unikal\u0173 gamin\u012f, kuris taps ne tik funkcionaliu j\u016bs\u0173 svetain\u0117s papildymu, bet ir prakti\u0161ka erdve, pad\u0117sian\u010dia palaikyti nepriekai\u0161ting\u0105 tvark\u0105 ir eleganti\u0161kai eksponuoti j\u016bs\u0173 pramog\u0173 \u012frang\u0105. Pristatome \u201eCortina CNAF03 \u2013 2D1S\u201c televizoriaus spintel\u0119 \u201eGrandson Oak\u201c spalvos \u2013 modern\u0173 bald\u0105, kuris prad\u017eiugins jus ir j\u016bs\u0173 sve\u010dius. \u201eCortina CNAF03\u201c televizoriaus spintel\u0117 derina stiling\u0105 dizain\u0105 ir auk\u0161t\u0105 funkcionalum\u0105. 157 cm plotis leid\u017eia pastatyti net didel\u012f televizori\u0173, o 55,8 cm auk\u0161tis u\u017etikrina optimali\u0105 ekrano pad\u0117t\u012f patogiam \u017ei\u016br\u0117jimui. 40,9 cm gylio pakanka, kad spintel\u0117 neu\u017eimt\u0173 per daug vietos, ta\u010diau vis tiek b\u016bt\u0173 pakankamai erdv\u0117s j\u016bs\u0173 poreikiams. \u201eGrandson Oak\u201c spalva suteikia spintelei nat\u016bralumo ir \u0161ilto charakterio, kuris papildys \u012fvairius interjero dizainus \u2013 nuo klasikinio iki modernaus. Med\u017eiaga \u2013 patvari, laminuota plok\u0161t\u0117, puikiai imituojanti medines plok\u0161tes, o priekin\u0117 dalis pagaminta i\u0161 eleganti\u0161kos MDF plok\u0161t\u0117s, kuri pagerina viso baldo estetik\u0105.<\/p>","protected":false},"excerpt":{"rendered":"<p>Plotis (cm): 157<br \/>\n\u016agis (cm): 55,8<br \/>\nGylis (cm): 40,9<\/p>","protected":false},"featured_media":164597,"comment_status":"open","ping_status":"open","template":"","meta":[],"product_brand":[],"product_cat":[9477,4107,1175],"product_tag":[],"class_list":{"0":"post-164596","1":"product","2":"type-product","3":"status-publish","4":"has-post-thumbnail","6":"product_cat-furniture-system-cortina-wojcik-meble","7":"product_cat-meble-wojcik","8":"product_cat-tv-stands","10":"first","11":"instock","12":"purchasable","13":"product-type-simple"},"_links":{"self":[{"href":"https:\/\/baldumarket.lt\/lt\/wp-json\/wp\/v2\/product\/164596","targetHints":{"allow":["GET"]}}],"collection":[{"href":"https:\/\/baldumarket.lt\/lt\/wp-json\/wp\/v2\/product"}],"about":[{"href":"https:\/\/baldumarket.lt\/lt\/wp-json\/wp\/v2\/types\/product"}],"replies":[{"embeddable":true,"href":"https:\/\/baldumarket.lt\/lt\/wp-json\/wp\/v2\/comments?post=164596"}],"wp:featuredmedia":[{"embeddable":true,"href":"https:\/\/baldumarket.lt\/lt\/wp-json\/wp\/v2\/media\/164597"}],"wp:attachment":[{"href":"https:\/\/baldumarket.lt\/lt\/wp-json\/wp\/v2\/media?parent=164596"}],"wp:term":[{"taxonomy":"product_brand","embeddable":true,"href":"https:\/\/baldumarket.lt\/lt\/wp-json\/wp\/v2\/product_brand?post=164596"},{"taxonomy":"product_cat","embeddable":true,"href":"https:\/\/baldumarket.lt\/lt\/wp-json\/wp\/v2\/product_cat?post=164596"},{"taxonomy":"product_tag","embeddable":true,"href":"https:\/\/baldumarket.lt\/lt\/wp-json\/wp\/v2\/product_tag?post=164596"}],"curies":[{"name":"wp","href":"https:\/\/api.w.org\/{rel}","templated":true}]}}