{"id":164590,"date":"2025-12-19T13:30:02","date_gmt":"2025-12-19T10:30:02","guid":{"rendered":"https:\/\/baldumarket.lt\/product\/cortina-cnaf02-komoda-rtv-2d1s-dab-grandson\/"},"modified":"2026-04-06T16:40:22","modified_gmt":"2026-04-06T13:40:22","slug":"cortina-cnaf02-komoda-rtv-2d1s-dab-grandson","status":"publish","type":"product","link":"https:\/\/baldumarket.lt\/lt\/product\/cortina-cnaf02-komoda-rtv-2d1s-dab-grandson\/","title":{"rendered":"Cortina CNAF02 \u2013 TV spintel\u0117 2D1S Grandson Oak"},"content":{"rendered":"<p>Pristatome eleganti\u0161k\u0105 ir funkcional\u0173 \u201eCortina CNAF02\u201c televizoriaus staliuk\u0105 \u2013 modernaus dizaino ir prakti\u0161kumo kvintesencij\u0105. Papuo\u0161kite savo svetain\u0119 unikaliu stiliumi baldais, kurie d\u017eiugins jus estetika ir funkcionalumu. \u0160is \u201eGrandson Oak\u201c staliukas \u2013 puikus pasirinkimas tiems, kurie vertina \u0161iltas ir nat\u016bralias interjero spalvas. Pagamintas ant tvirto laminuotos plok\u0161t\u0117s r\u0117mo ir eleganti\u0161k\u0173 MDF fasad\u0173, \u201eCortina\u201c televizoriaus staliukas pasi\u017eymi \u012fsp\u016bdingais matmenimis \u2013 156,8 cm plo\u010dio, 39,8 cm auk\u0161\u010dio ir 40,9 cm gylio \u2013 tod\u0117l jame tilps ne tik j\u016bs\u0173 televizorius, bet ir visi reikalingi priedai. Sutvirtintas laminuotos med\u017eio dro\u017eli\u0173 plok\u0161t\u0117s r\u0117mu, jis u\u017etikrina patvarum\u0105 ir atsparum\u0105 dilimui. Modern\u0173 stovo charakter\u012f pabr\u0117\u017eia eleganti\u0161kos metalin\u0117s rankenos ir \u0161velnaus u\u017edarymo vyri\u0173 sistema, u\u017etikrinanti skland\u0173 naudojim\u0105 be nereikalingo triuk\u0161mo. D\u0117l rutulini\u0173 guoli\u0173 b\u0117geli\u0173 stal\u010dius slenka skland\u017eiai ir tyliai, o tai svarbu atsipalaiduojant \u017ei\u016brint m\u0117gstam\u0105 film\u0105 ar serial\u0105.<\/p>","protected":false},"excerpt":{"rendered":"<p>Plotis (cm): 156,8<br \/>\n\u016agis (cm): 39,8<br \/>\nGylis (cm): 40,9<\/p>","protected":false},"featured_media":164591,"comment_status":"open","ping_status":"open","template":"","meta":[],"product_brand":[],"product_cat":[9477,4107,1175],"product_tag":[],"class_list":{"0":"post-164590","1":"product","2":"type-product","3":"status-publish","4":"has-post-thumbnail","6":"product_cat-furniture-system-cortina-wojcik-meble","7":"product_cat-meble-wojcik","8":"product_cat-tv-stands","10":"first","11":"instock","12":"purchasable","13":"product-type-simple"},"_links":{"self":[{"href":"https:\/\/baldumarket.lt\/lt\/wp-json\/wp\/v2\/product\/164590","targetHints":{"allow":["GET"]}}],"collection":[{"href":"https:\/\/baldumarket.lt\/lt\/wp-json\/wp\/v2\/product"}],"about":[{"href":"https:\/\/baldumarket.lt\/lt\/wp-json\/wp\/v2\/types\/product"}],"replies":[{"embeddable":true,"href":"https:\/\/baldumarket.lt\/lt\/wp-json\/wp\/v2\/comments?post=164590"}],"wp:featuredmedia":[{"embeddable":true,"href":"https:\/\/baldumarket.lt\/lt\/wp-json\/wp\/v2\/media\/164591"}],"wp:attachment":[{"href":"https:\/\/baldumarket.lt\/lt\/wp-json\/wp\/v2\/media?parent=164590"}],"wp:term":[{"taxonomy":"product_brand","embeddable":true,"href":"https:\/\/baldumarket.lt\/lt\/wp-json\/wp\/v2\/product_brand?post=164590"},{"taxonomy":"product_cat","embeddable":true,"href":"https:\/\/baldumarket.lt\/lt\/wp-json\/wp\/v2\/product_cat?post=164590"},{"taxonomy":"product_tag","embeddable":true,"href":"https:\/\/baldumarket.lt\/lt\/wp-json\/wp\/v2\/product_tag?post=164590"}],"curies":[{"name":"wp","href":"https:\/\/api.w.org\/{rel}","templated":true}]}}