{"id":164584,"date":"2025-12-19T13:29:50","date_gmt":"2025-12-19T10:29:50","guid":{"rendered":"https:\/\/baldumarket.lt\/product\/cestino-vnnf03-komoda-rtv-2d1s-jackson-hickory-amadeus\/"},"modified":"2026-04-06T16:40:09","modified_gmt":"2026-04-06T13:40:09","slug":"cestino-vnnf03-komoda-rtv-2d1s-jackson-hickory-amadeus","status":"publish","type":"product","link":"https:\/\/baldumarket.lt\/lt\/product\/cestino-vnnf03-komoda-rtv-2d1s-jackson-hickory-amadeus\/","title":{"rendered":"Cestino VNNF03 \u2013 TV komoda su stal\u010diais 2D1S Jackson Hickory\/Amadeus"},"content":{"rendered":"<p>\u201eCestino VNNF03 \u2013 2D1S Jackson Hickory\/Amadeus\u201c televizoriaus spintel\u0117 \u2013 unikalus pasi\u016blymas tiems, kurie vertina harmoning\u0105 funkcionalumo ir modernaus dizaino derin\u012f. \u0160i erdvi televizoriaus spintel\u0117, kurios plotis \u2013 187,8 cm, auk\u0161tis \u2013 57,2 cm, o gylis \u2013 42 cm, sukurta tapti j\u016bs\u0173 svetain\u0117s ar poilsio zonos traukos centru. Pagaminta i\u0161 auk\u0161\u010diausios kokyb\u0117s med\u017eiag\u0173, toki\u0173 kaip patvari laminuota plok\u0161t\u0117 ir MDF, \u0161i televizoriaus spintel\u0117 yra patvari ir atspari kasdieniam naudojimui. Laminuotos med\u017eio dro\u017eli\u0173 plok\u0161t\u0117s korpusas ir MDF fasadai u\u017etikrina tvirt\u0105 konstrukcij\u0105, o \u0161iltos, jaukios Jackson Hickory ir Amadeus spalvos suteiks kambariui nat\u016brali\u0105 atmosfer\u0105. Televizoriaus spintel\u0117je yra du erdv\u016bs skyriai su \u0161velnaus u\u017edarymo sistema, kuri padidina komfort\u0105 ir padeda tvarkingai laikyti j\u016bs\u0173 multimedijos \u012frang\u0105. Prakti\u0161kas stal\u010dius ant pilno i\u0161traukimo rutulini\u0173 guoli\u0173 b\u0117geli\u0173 leid\u017eia lengvai pasiekti turin\u012f, nereikia ie\u0161koti tarp lentyn\u0173. Metalin\u0117s rankenos suteikia baldams unikal\u0173 charakter\u012f ir pabr\u0117\u017eia modernistin\u012f patrauklum\u0105.<\/p>","protected":false},"excerpt":{"rendered":"<p>Plotis (cm): 187,8<br \/>\n\u016agis (cm): 57,2<br \/>\nGylis (cm): 42<\/p>","protected":false},"featured_media":164585,"comment_status":"open","ping_status":"open","template":"","meta":[],"product_brand":[],"product_cat":[9474,4107,1175],"product_tag":[],"class_list":{"0":"post-164584","1":"product","2":"type-product","3":"status-publish","4":"has-post-thumbnail","6":"product_cat-furniture-system-cestino-wojcik-meble","7":"product_cat-meble-wojcik","8":"product_cat-tv-stands","10":"first","11":"instock","12":"purchasable","13":"product-type-simple"},"_links":{"self":[{"href":"https:\/\/baldumarket.lt\/lt\/wp-json\/wp\/v2\/product\/164584","targetHints":{"allow":["GET"]}}],"collection":[{"href":"https:\/\/baldumarket.lt\/lt\/wp-json\/wp\/v2\/product"}],"about":[{"href":"https:\/\/baldumarket.lt\/lt\/wp-json\/wp\/v2\/types\/product"}],"replies":[{"embeddable":true,"href":"https:\/\/baldumarket.lt\/lt\/wp-json\/wp\/v2\/comments?post=164584"}],"wp:featuredmedia":[{"embeddable":true,"href":"https:\/\/baldumarket.lt\/lt\/wp-json\/wp\/v2\/media\/164585"}],"wp:attachment":[{"href":"https:\/\/baldumarket.lt\/lt\/wp-json\/wp\/v2\/media?parent=164584"}],"wp:term":[{"taxonomy":"product_brand","embeddable":true,"href":"https:\/\/baldumarket.lt\/lt\/wp-json\/wp\/v2\/product_brand?post=164584"},{"taxonomy":"product_cat","embeddable":true,"href":"https:\/\/baldumarket.lt\/lt\/wp-json\/wp\/v2\/product_cat?post=164584"},{"taxonomy":"product_tag","embeddable":true,"href":"https:\/\/baldumarket.lt\/lt\/wp-json\/wp\/v2\/product_tag?post=164584"}],"curies":[{"name":"wp","href":"https:\/\/api.w.org\/{rel}","templated":true}]}}