{"id":164578,"date":"2025-12-19T13:29:36","date_gmt":"2025-12-19T10:29:36","guid":{"rendered":"https:\/\/baldumarket.lt\/product\/venezia-venp01-polka-wiszaca-biala-dab-vicenza-czarna\/"},"modified":"2026-04-06T16:40:09","modified_gmt":"2026-04-06T13:40:09","slug":"venezia-venp01-polka-wiszaca-biala-dab-vicenza-czarna","status":"publish","type":"product","link":"https:\/\/baldumarket.lt\/lt\/product\/venezia-venp01-polka-wiszaca-biala-dab-vicenza-czarna\/","title":{"rendered":"Venezia VENP01 &#8211; Pakabinama lentyna, balta \/ Vicenza \u0105\u017euolas, juodas"},"content":{"rendered":"<p>Atnaujinkite savo interjer\u0105 unikaliu akcentu, kuris derina elegancij\u0105 su modernumu \u2013 pristatome pakabinam\u0105 lentyn\u0105 \u201eVenezia VENP01\u201c \u2013 tobul\u0105 sniego baltumo ir juodo Vi\u010dencos \u0105\u017euolo sodrumo derin\u012f. \u0160i unikali lentyna yra daugiau nei tiesiog baldas; tai stiliaus ir prakti\u0161kumo kvintesencija, lengvai integruojama \u012f \u012fvairius interjero dizainus. Sukurta tiems, kurie vertina ir estetik\u0105, ir funkcionalum\u0105, m\u016bs\u0173 lentyna suteiks charakterio bet kuriam kambariui. 161,4 cm plo\u010dio, 22 cm auk\u0161\u010dio ir 23,6 cm gylio ji leid\u017eia prakti\u0161kai i\u0161naudoti turim\u0105 erdv\u0119, nesvarbu, ar tai b\u016bt\u0173 svetain\u0117, valgomasis, ar miegamasis. Patvari ir eleganti\u0161ka \u201eVenezia\u201c lentyna pagaminta i\u0161 auk\u0161tos kokyb\u0117s laminuotos plok\u0161t\u0117s, atsparios dr\u0117gmei ir kasdieniam naudojimui. Tai garantuoja, kad net ir po daugelio met\u0173 \u201eVenezia VENP01\u201c i\u0161laikys nepriekai\u0161ting\u0105 i\u0161vaizd\u0105, palikdama jus m\u0117gautis gra\u017eia ir prakti\u0161ka erdve.<\/p>","protected":false},"excerpt":{"rendered":"<p>Plotis (cm): 161,4<br \/>\n\u016agis (cm): 22<br \/>\nGylis (cm): 23,6<\/p>","protected":false},"featured_media":164579,"comment_status":"open","ping_status":"open","template":"","meta":[],"product_brand":[],"product_cat":[1174,4107],"product_tag":[],"class_list":{"0":"post-164578","1":"product","2":"type-product","3":"status-publish","4":"has-post-thumbnail","6":"product_cat-hanging-shelves","7":"product_cat-meble-wojcik","9":"first","10":"instock","11":"purchasable","12":"product-type-simple"},"_links":{"self":[{"href":"https:\/\/baldumarket.lt\/lt\/wp-json\/wp\/v2\/product\/164578","targetHints":{"allow":["GET"]}}],"collection":[{"href":"https:\/\/baldumarket.lt\/lt\/wp-json\/wp\/v2\/product"}],"about":[{"href":"https:\/\/baldumarket.lt\/lt\/wp-json\/wp\/v2\/types\/product"}],"replies":[{"embeddable":true,"href":"https:\/\/baldumarket.lt\/lt\/wp-json\/wp\/v2\/comments?post=164578"}],"wp:featuredmedia":[{"embeddable":true,"href":"https:\/\/baldumarket.lt\/lt\/wp-json\/wp\/v2\/media\/164579"}],"wp:attachment":[{"href":"https:\/\/baldumarket.lt\/lt\/wp-json\/wp\/v2\/media?parent=164578"}],"wp:term":[{"taxonomy":"product_brand","embeddable":true,"href":"https:\/\/baldumarket.lt\/lt\/wp-json\/wp\/v2\/product_brand?post=164578"},{"taxonomy":"product_cat","embeddable":true,"href":"https:\/\/baldumarket.lt\/lt\/wp-json\/wp\/v2\/product_cat?post=164578"},{"taxonomy":"product_tag","embeddable":true,"href":"https:\/\/baldumarket.lt\/lt\/wp-json\/wp\/v2\/product_tag?post=164578"}],"curies":[{"name":"wp","href":"https:\/\/api.w.org\/{rel}","templated":true}]}}