{"id":164573,"date":"2025-12-19T13:29:26","date_gmt":"2025-12-19T10:29:26","guid":{"rendered":"https:\/\/baldumarket.lt\/product\/twenty-twes02-szafa-2d2s-dab-honey-castello-biala-szara\/"},"modified":"2026-04-06T16:40:09","modified_gmt":"2026-04-06T13:40:09","slug":"twenty-twes02-szafa-2d2s-dab-honey-castello-biala-szara","status":"publish","type":"product","link":"https:\/\/baldumarket.lt\/lt\/product\/twenty-twes02-szafa-2d2s-dab-honey-castello-biala-szara\/","title":{"rendered":"Twenty TWES02 &#8211; Drabu\u017ein\u0117 2D2S Medaus \u0105\u017euolo Castello\/balta\/pilka"},"content":{"rendered":"<p>Ie\u0161kote stilingo ir funkcionalaus daikt\u0173 laikymo sprendimo, kuris papildyt\u0173 modern\u0173 j\u016bs\u0173 nam\u0173 dizain\u0105? \u201eTwenty TWES02\u201c spinta \u2013 tai baldas, kuris atitiks j\u016bs\u0173 l\u016bkes\u010dius tiek esteti\u0161kai, tiek funkcionaliai. \u0160i dviej\u0173 dur\u0173 spinta su dviem prakti\u0161kais stal\u010diais \u2013 tai tobulas dizaino ir funkcionalumo derinys. Pagaminta i\u0161 auk\u0161\u010diausios kokyb\u0117s laminuotos med\u017eio dro\u017eli\u0173 plok\u0161t\u0117s, \u201eTwenty\u201c spinta yra labai patvari ir atspari kasdieniam naudojimui. \u0160ilta medaus ir \u201eCastello Oak\u201c spalva, derinama su klasikine balta ir prislopinta pilka spalvomis, sukuria modern\u0173, kontrasting\u0105 spalv\u0173 derin\u012f, kuris bet kokiam interjerui suteiks gaivumo ir modernumo. \u0160ios spintos matmenys idealiai tinka tiek ma\u017eesniems, tiek didesniems kambariams \u2013 100 cm plo\u010dio, 196 cm auk\u0161\u010dio ir 60 cm gylio \u2013 leid\u017eia j\u0105 lanks\u010diai i\u0161d\u0117styti bet kuriame bute. Moderni i\u0161vaizda n\u0117ra vienintelis jos privalumas; \u201eTwenty\u201c spinta taip pat pasi\u017eymi i\u0161skirtinai ergonomi\u0161ku interjeru, kuriame \u012frengtos erdvios lentynos, optimizuojan\u010dios erdv\u0119, ir pakabos pakaboms, u\u017etikrinan\u010dios, kad kiekvienas j\u016bs\u0173 spintos daiktas tur\u0117t\u0173 savo viet\u0105. Be to, stal\u010diai, sumontuoti ant patikim\u0173, pilno i\u0161traukimo rutulini\u0173 guoli\u0173 b\u0117geli\u0173, suteikia lengv\u0105 prieig\u0105 prie turinio, o \u0161velniai u\u017esidaran\u010dios durys u\u017etikrina komfort\u0105 ir tyl\u0105 namuose.<\/p>","protected":false},"excerpt":{"rendered":"<p>Plotis (cm): 100<br \/>\n\u016agis (cm): 196<br \/>\nGylis (cm): 60<\/p>","protected":false},"featured_media":164574,"comment_status":"open","ping_status":"open","template":"","meta":[],"product_brand":[],"product_cat":[9500,4107,1177],"product_tag":[],"class_list":{"0":"post-164573","1":"product","2":"type-product","3":"status-publish","4":"has-post-thumbnail","6":"product_cat-furniture-system-twenty-wojcik-meble","7":"product_cat-meble-wojcik","8":"product_cat-wardrobes","10":"first","11":"instock","12":"purchasable","13":"product-type-simple"},"_links":{"self":[{"href":"https:\/\/baldumarket.lt\/lt\/wp-json\/wp\/v2\/product\/164573","targetHints":{"allow":["GET"]}}],"collection":[{"href":"https:\/\/baldumarket.lt\/lt\/wp-json\/wp\/v2\/product"}],"about":[{"href":"https:\/\/baldumarket.lt\/lt\/wp-json\/wp\/v2\/types\/product"}],"replies":[{"embeddable":true,"href":"https:\/\/baldumarket.lt\/lt\/wp-json\/wp\/v2\/comments?post=164573"}],"wp:featuredmedia":[{"embeddable":true,"href":"https:\/\/baldumarket.lt\/lt\/wp-json\/wp\/v2\/media\/164574"}],"wp:attachment":[{"href":"https:\/\/baldumarket.lt\/lt\/wp-json\/wp\/v2\/media?parent=164573"}],"wp:term":[{"taxonomy":"product_brand","embeddable":true,"href":"https:\/\/baldumarket.lt\/lt\/wp-json\/wp\/v2\/product_brand?post=164573"},{"taxonomy":"product_cat","embeddable":true,"href":"https:\/\/baldumarket.lt\/lt\/wp-json\/wp\/v2\/product_cat?post=164573"},{"taxonomy":"product_tag","embeddable":true,"href":"https:\/\/baldumarket.lt\/lt\/wp-json\/wp\/v2\/product_tag?post=164573"}],"curies":[{"name":"wp","href":"https:\/\/api.w.org\/{rel}","templated":true}]}}