{"id":164567,"date":"2025-12-19T13:29:13","date_gmt":"2025-12-19T10:29:13","guid":{"rendered":"https:\/\/baldumarket.lt\/product\/twenty-twer01-regal-3d2s-dab-honey-castello-bialy-szary\/"},"modified":"2026-04-06T16:40:09","modified_gmt":"2026-04-06T13:40:09","slug":"twenty-twer01-regal-3d2s-dab-honey-castello-bialy-szary","status":"publish","type":"product","link":"https:\/\/baldumarket.lt\/lt\/product\/twenty-twer01-regal-3d2s-dab-honey-castello-bialy-szary\/","title":{"rendered":"Twenty TWER01 \u2013 3D2S lentyna Medaus spalvos \u0105\u017euolo spalvos Castello\/balta\/pilka"},"content":{"rendered":"<p>Leiskite man pristatyti jums bald\u0105, kuris i\u0161siskiria i\u0161 kit\u0173 savo funkcionalumu ir dizainu \u2013 lentyn\u0105 \u201eTwenty TWER01\u201c. \u0160is eleganti\u0161kas ir prakti\u0161kas baldas buvo sukurtas specialiai jaunimo erdv\u0117s poreikiams tenkinti, kur tvarka ir estetika dera su prakti\u0161ku kiekvieno centimetro panaudojimu. Kategorija: Lentynos<br \/>\nPlotis: 115 cm<br \/>\n\u016agis: 167,6 cm<br \/>\nGylis: 40 cm<br \/>\nSpalva: Medaus spalvos Castello \u0105\u017euolas \/ balta \/ pilka<br \/>\nMed\u017eiaga: laminuota plok\u0161t\u0117<br \/>\nStilius: Modernus. \u0160ios lentynos rafinuot\u0105 i\u0161vaizd\u0105 sukuria trij\u0173 harmoning\u0173 atspalvi\u0173 derinys: \u0161ilto medaus ir Castello \u0105\u017euolo, grynos Alpi\u0173 baltos ir eleganti\u0161kos grafito pilkos. Visa tai pagaminta ant itin atsparios dilimui laminuotos plok\u0161t\u0117s, u\u017etikrinan\u010dios ilgaam\u017ei\u0161kum\u0105 ir lengv\u0105 valym\u0105.<\/p>","protected":false},"excerpt":{"rendered":"<p>Plotis (cm): 115<br \/>\n\u016agis (cm): 167,6<br \/>\nGylis (cm): 40<\/p>","protected":false},"featured_media":164568,"comment_status":"open","ping_status":"open","template":"","meta":[],"product_brand":[],"product_cat":[9500,4107,1177],"product_tag":[],"class_list":{"0":"post-164567","1":"product","2":"type-product","3":"status-publish","4":"has-post-thumbnail","6":"product_cat-furniture-system-twenty-wojcik-meble","7":"product_cat-meble-wojcik","8":"product_cat-wardrobes","10":"first","11":"instock","12":"purchasable","13":"product-type-simple"},"_links":{"self":[{"href":"https:\/\/baldumarket.lt\/lt\/wp-json\/wp\/v2\/product\/164567","targetHints":{"allow":["GET"]}}],"collection":[{"href":"https:\/\/baldumarket.lt\/lt\/wp-json\/wp\/v2\/product"}],"about":[{"href":"https:\/\/baldumarket.lt\/lt\/wp-json\/wp\/v2\/types\/product"}],"replies":[{"embeddable":true,"href":"https:\/\/baldumarket.lt\/lt\/wp-json\/wp\/v2\/comments?post=164567"}],"wp:featuredmedia":[{"embeddable":true,"href":"https:\/\/baldumarket.lt\/lt\/wp-json\/wp\/v2\/media\/164568"}],"wp:attachment":[{"href":"https:\/\/baldumarket.lt\/lt\/wp-json\/wp\/v2\/media?parent=164567"}],"wp:term":[{"taxonomy":"product_brand","embeddable":true,"href":"https:\/\/baldumarket.lt\/lt\/wp-json\/wp\/v2\/product_brand?post=164567"},{"taxonomy":"product_cat","embeddable":true,"href":"https:\/\/baldumarket.lt\/lt\/wp-json\/wp\/v2\/product_cat?post=164567"},{"taxonomy":"product_tag","embeddable":true,"href":"https:\/\/baldumarket.lt\/lt\/wp-json\/wp\/v2\/product_tag?post=164567"}],"curies":[{"name":"wp","href":"https:\/\/api.w.org\/{rel}","templated":true}]}}