{"id":164551,"date":"2025-12-19T13:28:39","date_gmt":"2025-12-19T10:28:39","guid":{"rendered":"https:\/\/baldumarket.lt\/product\/summer-typ-10l-bielizniarka-2-drzwiowa-san-remo-jasna-arusha\/"},"modified":"2026-02-09T10:54:08","modified_gmt":"2026-02-09T07:54:08","slug":"summer-typ-10l-bielizniarka-2-drzwiowa-san-remo-jasna-arusha","status":"publish","type":"product","link":"https:\/\/baldumarket.lt\/lt\/product\/summer-typ-10l-bielizniarka-2-drzwiowa-san-remo-jasna-arusha\/","title":{"rendered":"VASAROS TIPO 10L \u2013 2 dur\u0173 patalyn\u0117s spinta San Remo Light\/Arusha"},"content":{"rendered":"<p>Susipa\u017einkite su \u201eSummer TYPE 10L\u201c \u2013 2 dur\u0173 komoda, kurios i\u0161skirtin\u0117 elegancija ir funkcionalumas suteiks harmonijos bet kokiam interjerui. \u0160is stilingas baldas, kur\u012f galima \u012fsigyti \u201eSan Remo Light\u201c ir \u201eArusha\u201c spalv\u0173, derina modern\u0173 dizain\u0105 su nesenstan\u010diu nat\u016brali\u0173 spalv\u0173 \u017eavesiu, sukurdamas tobul\u0105 aplink\u0105 j\u016bs\u0173 drabu\u017eiams ir aksesuarams. Kruop\u0161\u010diai pagaminta i\u0161 auk\u0161tos kokyb\u0117s laminuotos plok\u0161t\u0117s ir MDF, komoda pasi\u017eymi ne tik patvarumu, bet ir atsparumu \u012fbr\u0117\u017eimams, dr\u0117gmei ir auk\u0161tai temperat\u016brai. \u0160is baldas sukurtas tarnauti ilgus metus, i\u0161laikant eleganti\u0161k\u0105 i\u0161vaizd\u0105. 54 cm plo\u010dio, 196,5 cm auk\u0161\u010dio ir 39,9 cm gylio komoda yra puikus sprendimas tiems, kurie vertina erdv\u0119 ir tvark\u0105. Viduje yra \u0161e\u0161ios erdvios lentynos, kuriose tilps viskas, k\u0105 norite tur\u0117ti po ranka \u2013 nuo drabu\u017ei\u0173 iki asmenini\u0173 aksesuar\u0173.<\/p>","protected":false},"excerpt":{"rendered":"<p>Plotis (cm): 54<br \/>\n\u016agis (cm): 196,5<br \/>\nGylis (cm): 39,9<\/p>","protected":false},"featured_media":164552,"comment_status":"open","ping_status":"open","template":"","meta":[],"product_brand":[],"product_cat":[9467,4107,1177],"product_tag":[],"class_list":{"0":"post-164551","1":"product","2":"type-product","3":"status-publish","4":"has-post-thumbnail","6":"product_cat-furniture-system-summer-wojcik-meble","7":"product_cat-meble-wojcik","8":"product_cat-wardrobes","10":"first","11":"instock","12":"purchasable","13":"product-type-simple"},"_links":{"self":[{"href":"https:\/\/baldumarket.lt\/lt\/wp-json\/wp\/v2\/product\/164551","targetHints":{"allow":["GET"]}}],"collection":[{"href":"https:\/\/baldumarket.lt\/lt\/wp-json\/wp\/v2\/product"}],"about":[{"href":"https:\/\/baldumarket.lt\/lt\/wp-json\/wp\/v2\/types\/product"}],"replies":[{"embeddable":true,"href":"https:\/\/baldumarket.lt\/lt\/wp-json\/wp\/v2\/comments?post=164551"}],"wp:featuredmedia":[{"embeddable":true,"href":"https:\/\/baldumarket.lt\/lt\/wp-json\/wp\/v2\/media\/164552"}],"wp:attachment":[{"href":"https:\/\/baldumarket.lt\/lt\/wp-json\/wp\/v2\/media?parent=164551"}],"wp:term":[{"taxonomy":"product_brand","embeddable":true,"href":"https:\/\/baldumarket.lt\/lt\/wp-json\/wp\/v2\/product_brand?post=164551"},{"taxonomy":"product_cat","embeddable":true,"href":"https:\/\/baldumarket.lt\/lt\/wp-json\/wp\/v2\/product_cat?post=164551"},{"taxonomy":"product_tag","embeddable":true,"href":"https:\/\/baldumarket.lt\/lt\/wp-json\/wp\/v2\/product_tag?post=164551"}],"curies":[{"name":"wp","href":"https:\/\/api.w.org\/{rel}","templated":true}]}}