{"id":164545,"date":"2025-12-19T13:28:26","date_gmt":"2025-12-19T10:28:26","guid":{"rendered":"https:\/\/baldumarket.lt\/product\/summer-typ-20-szafa-2-drzwiowa-san-remo-jasna-arusha\/"},"modified":"2026-02-09T10:54:08","modified_gmt":"2026-02-09T07:54:08","slug":"summer-typ-20-szafa-2-drzwiowa-san-remo-jasna-arusha","status":"publish","type":"product","link":"https:\/\/baldumarket.lt\/lt\/product\/summer-typ-20-szafa-2-drzwiowa-san-remo-jasna-arusha\/","title":{"rendered":"SUMMER  TIPAS 20 &#8211; San Remo 2 dur\u0173 spinta \u0161viesi\/Aru\u0161a"},"content":{"rendered":"<p>Per\u017ei\u016br\u0117kite naujausi\u0105 m\u016bs\u0173 kolekcijos papildym\u0105 \u2013 dviej\u0173 dur\u0173 spint\u0105 \u201cSummer TYPE 20\u201d, kuri nustebins ne tik savo funkcionalumu, bet ir modernia i\u0161vaizda. Unikalus \u201eSan Remo Light\u201c ir \u201eArusha\u201c spalv\u0173 derinys suteikia interjerui gaivumo ir elegancijos, sukurdamas tobul\u0105 aplink\u0105 drabu\u017eiams ir aksesuarams laikyti. Spintos matmenys yra idealiai subalansuoti \u2013 86 cm plo\u010dio, 196,5 cm auk\u0161\u010dio ir 57,9 cm gylio, tod\u0117l tai puikus kompromisas tarp talpos ir erdv\u0117s. \u0160ie matmenys leid\u017eia lengvai pastatyti j\u0105 miegamajame, prie\u0161kambaryje ar svetain\u0117je, tuo pa\u010diu u\u017etikrinant daug vietos daiktams susid\u0117ti. Nuostabus spintos priekis pagamintas i\u0161 auk\u0161\u010diausios kokyb\u0117s MDF plok\u0161t\u0117s, kuri yra ne tik patvari, bet ir lengvai valoma, u\u017etikrinanti ilgalaik\u012f baldo gro\u017e\u012f. Spintos korpusas pagamintas i\u0161 laminuotos plok\u0161t\u0117s, kuri garantuoja atsparum\u0105 mechaniniams pa\u017eeidimams, \u012fbr\u0117\u017eimams, dr\u0117gmei ir auk\u0161tai temperat\u016brai \u2013 idealiai tinka kasdieniam naudojimui.<\/p>","protected":false},"excerpt":{"rendered":"<p>Plotis (cm): 86<br \/>\n\u016agis (cm): 196,5<br \/>\nGylis (cm): 57,9<\/p>","protected":false},"featured_media":164546,"comment_status":"open","ping_status":"open","template":"","meta":[],"product_brand":[],"product_cat":[9467,4107,1177],"product_tag":[],"class_list":{"0":"post-164545","1":"product","2":"type-product","3":"status-publish","4":"has-post-thumbnail","6":"product_cat-furniture-system-summer-wojcik-meble","7":"product_cat-meble-wojcik","8":"product_cat-wardrobes","10":"first","11":"instock","12":"purchasable","13":"product-type-simple"},"_links":{"self":[{"href":"https:\/\/baldumarket.lt\/lt\/wp-json\/wp\/v2\/product\/164545","targetHints":{"allow":["GET"]}}],"collection":[{"href":"https:\/\/baldumarket.lt\/lt\/wp-json\/wp\/v2\/product"}],"about":[{"href":"https:\/\/baldumarket.lt\/lt\/wp-json\/wp\/v2\/types\/product"}],"replies":[{"embeddable":true,"href":"https:\/\/baldumarket.lt\/lt\/wp-json\/wp\/v2\/comments?post=164545"}],"wp:featuredmedia":[{"embeddable":true,"href":"https:\/\/baldumarket.lt\/lt\/wp-json\/wp\/v2\/media\/164546"}],"wp:attachment":[{"href":"https:\/\/baldumarket.lt\/lt\/wp-json\/wp\/v2\/media?parent=164545"}],"wp:term":[{"taxonomy":"product_brand","embeddable":true,"href":"https:\/\/baldumarket.lt\/lt\/wp-json\/wp\/v2\/product_brand?post=164545"},{"taxonomy":"product_cat","embeddable":true,"href":"https:\/\/baldumarket.lt\/lt\/wp-json\/wp\/v2\/product_cat?post=164545"},{"taxonomy":"product_tag","embeddable":true,"href":"https:\/\/baldumarket.lt\/lt\/wp-json\/wp\/v2\/product_tag?post=164545"}],"curies":[{"name":"wp","href":"https:\/\/api.w.org\/{rel}","templated":true}]}}