{"id":164539,"date":"2025-12-19T13:28:14","date_gmt":"2025-12-19T10:28:14","guid":{"rendered":"https:\/\/baldumarket.lt\/product\/summer-typ-80-biurko-1d-1s-san-remo-jasne-arusha\/"},"modified":"2026-02-09T10:54:08","modified_gmt":"2026-02-09T07:54:08","slug":"summer-typ-80-biurko-1d-1s-san-remo-jasne-arusha","status":"publish","type":"product","link":"https:\/\/baldumarket.lt\/lt\/product\/summer-typ-80-biurko-1d-1s-san-remo-jasne-arusha\/","title":{"rendered":"SUMMER  TYPE 80 &#8211; Ra\u0161omasis stalas 1D-1S San Remo Light\/Arusha"},"content":{"rendered":"<p>Kvie\u010diame atrasti tobul\u0105 bet kokios darbo vietos kompanion\u0105 \u2013 \u201eSummer TYP 80\u201c ra\u0161om\u0105j\u012f stal\u0105 \u201eLight San Remo\u201c spalvos su \u201eArusha\u201c akcentais. \u0160is unikalus baldas derina modern\u0173 dizain\u0105 su funkcionalumu, suteikdamas ne tik darbo viet\u0105, bet ir prakti\u0161k\u0105 daikt\u0173 laikymo sistem\u0105. 128 cm plo\u010dio, 76 cm auk\u0161\u010dio ir 59,9 cm gylio \u201eSummer TYP 80\u201c ra\u0161omasis stalas buvo sukurtas atsi\u017evelgiant \u012f maksimal\u0173 komfort\u0105 ir nauding\u0105 erdv\u0119. Modernus stilius kartu su \u0161iltomis, nat\u016braliomis \u201eLight San Remo\u201c ir \u201eArusha\u201c spalvomis sukuria harmoning\u0105 kompozicij\u0105, kuri skland\u017eiai \u012fsilies \u012f \u012fvairius interjero dizainus. Stalas pagamintas i\u0161 auk\u0161tos kokyb\u0117s med\u017eiag\u0173, toki\u0173 kaip laminuota plok\u0161t\u0117 ir MDF, u\u017etikrinan\u010dios ne tik patvarum\u0105, bet ir atsparum\u0105 kasdieniam naudojimui. Laminatas apsaugo pavir\u0161i\u0173 nuo \u012fbr\u0117\u017eim\u0173, dr\u0117gm\u0117s ir auk\u0161tos temperat\u016bros, tod\u0117l \u0161is baldas daugel\u012f met\u0173 i\u0161laikys savo estetin\u012f patrauklum\u0105.<\/p>","protected":false},"excerpt":{"rendered":"<p>Plotis (cm): 128<br \/>\n\u016agis (cm): 76<br \/>\nGylis (cm): 59,9<\/p>","protected":false},"featured_media":164540,"comment_status":"open","ping_status":"open","template":"","meta":[],"product_brand":[],"product_cat":[9467,1312,4107],"product_tag":[],"class_list":{"0":"post-164539","1":"product","2":"type-product","3":"status-publish","4":"has-post-thumbnail","6":"product_cat-furniture-system-summer-wojcik-meble","7":"product_cat-desks","8":"product_cat-meble-wojcik","10":"first","11":"instock","12":"purchasable","13":"product-type-simple"},"_links":{"self":[{"href":"https:\/\/baldumarket.lt\/lt\/wp-json\/wp\/v2\/product\/164539","targetHints":{"allow":["GET"]}}],"collection":[{"href":"https:\/\/baldumarket.lt\/lt\/wp-json\/wp\/v2\/product"}],"about":[{"href":"https:\/\/baldumarket.lt\/lt\/wp-json\/wp\/v2\/types\/product"}],"replies":[{"embeddable":true,"href":"https:\/\/baldumarket.lt\/lt\/wp-json\/wp\/v2\/comments?post=164539"}],"wp:featuredmedia":[{"embeddable":true,"href":"https:\/\/baldumarket.lt\/lt\/wp-json\/wp\/v2\/media\/164540"}],"wp:attachment":[{"href":"https:\/\/baldumarket.lt\/lt\/wp-json\/wp\/v2\/media?parent=164539"}],"wp:term":[{"taxonomy":"product_brand","embeddable":true,"href":"https:\/\/baldumarket.lt\/lt\/wp-json\/wp\/v2\/product_brand?post=164539"},{"taxonomy":"product_cat","embeddable":true,"href":"https:\/\/baldumarket.lt\/lt\/wp-json\/wp\/v2\/product_cat?post=164539"},{"taxonomy":"product_tag","embeddable":true,"href":"https:\/\/baldumarket.lt\/lt\/wp-json\/wp\/v2\/product_tag?post=164539"}],"curies":[{"name":"wp","href":"https:\/\/api.w.org\/{rel}","templated":true}]}}