{"id":164533,"date":"2025-12-19T13:28:01","date_gmt":"2025-12-19T10:28:01","guid":{"rendered":"https:\/\/baldumarket.lt\/product\/shetland-typ-80-biurko-3s-dab-shetland-szare\/"},"modified":"2026-04-06T16:40:09","modified_gmt":"2026-04-06T13:40:09","slug":"shetland-typ-80-biurko-3s-dab-shetland-szare","status":"publish","type":"product","link":"https:\/\/baldumarket.lt\/lt\/product\/shetland-typ-80-biurko-3s-dab-shetland-szare\/","title":{"rendered":"Shetland TYPE 80 \u2013 3S ra\u0161omasis stalas, Shetland \u0105\u017euolas\/pilka"},"content":{"rendered":"<p>Atraskite stal\u0105, kuris bet kuriai darbo vietai suteiks harmonijos ir funkcionalumo \u2013 pristatysime unikal\u0173 SHETLAND TYPE 80 stal\u0105, kurio spalvos \u2013 \u0160etlando \u0105\u017euolas ir pilka. Jo meistri\u0161kumas ne tik nustebins \u0161iuolaiki\u0161ku dizainu, bet ir u\u017etikrins patvarum\u0105 bei komfort\u0105 ilgus metus. Sukurtas atsi\u017evelgiant \u012f reikliausi\u0173 vartotoj\u0173 poreikius, SHETLAND TYPE 80 stalas yra 136 cm plo\u010dio, tod\u0117l jame patogiai galima dirbti kompiuteriu, ra\u0161yti, pie\u0161ti ar planuoti. 76,5 cm auk\u0161tis yra idealus dydis, u\u017etikrinantis ergonomi\u0161k\u0105 s\u0117d\u0117jimo pad\u0117t\u012f, o 60 cm gylis leid\u017eia laisvai i\u0161d\u0117styti b\u016btiniausius aksesuarus ir nejausti ank\u0161tumo. J\u016bs\u0173 nat\u016bralumo ir elegancijos tro\u0161kim\u0105 patenkina jo gamyboje naudojama med\u017eiaga \u2013 auk\u0161tos kokyb\u0117s laminuota plok\u0161t\u0117. Ji ne tik atrodo esteti\u0161kai, bet ir yra labai atspari kasdieniam naudojimui. D\u0117l novatori\u0161k\u0173 technologij\u0173 naudojimo stalo pavir\u0161ius yra atsparus auk\u0161tai temperat\u016brai, dr\u0117gmei ir \u012fbr\u0117\u017eimams, tod\u0117l tai idealus pasirinkimas da\u017enai naudojamoms erdv\u0117ms.<\/p>","protected":false},"excerpt":{"rendered":"<p>Plotis (cm): 136<br \/>\n\u016agis (cm): 76,5<br \/>\nGylis (cm): 60<\/p>","protected":false},"featured_media":164534,"comment_status":"open","ping_status":"open","template":"","meta":[],"product_brand":[],"product_cat":[9465,1312,4107],"product_tag":[],"class_list":{"0":"post-164533","1":"product","2":"type-product","3":"status-publish","4":"has-post-thumbnail","6":"product_cat-furniture-system-shetland-wojcik-meble","7":"product_cat-desks","8":"product_cat-meble-wojcik","10":"first","11":"instock","12":"purchasable","13":"product-type-simple"},"_links":{"self":[{"href":"https:\/\/baldumarket.lt\/lt\/wp-json\/wp\/v2\/product\/164533","targetHints":{"allow":["GET"]}}],"collection":[{"href":"https:\/\/baldumarket.lt\/lt\/wp-json\/wp\/v2\/product"}],"about":[{"href":"https:\/\/baldumarket.lt\/lt\/wp-json\/wp\/v2\/types\/product"}],"replies":[{"embeddable":true,"href":"https:\/\/baldumarket.lt\/lt\/wp-json\/wp\/v2\/comments?post=164533"}],"wp:featuredmedia":[{"embeddable":true,"href":"https:\/\/baldumarket.lt\/lt\/wp-json\/wp\/v2\/media\/164534"}],"wp:attachment":[{"href":"https:\/\/baldumarket.lt\/lt\/wp-json\/wp\/v2\/media?parent=164533"}],"wp:term":[{"taxonomy":"product_brand","embeddable":true,"href":"https:\/\/baldumarket.lt\/lt\/wp-json\/wp\/v2\/product_brand?post=164533"},{"taxonomy":"product_cat","embeddable":true,"href":"https:\/\/baldumarket.lt\/lt\/wp-json\/wp\/v2\/product_cat?post=164533"},{"taxonomy":"product_tag","embeddable":true,"href":"https:\/\/baldumarket.lt\/lt\/wp-json\/wp\/v2\/product_tag?post=164533"}],"curies":[{"name":"wp","href":"https:\/\/api.w.org\/{rel}","templated":true}]}}