{"id":164527,"date":"2025-12-19T13:27:49","date_gmt":"2025-12-19T10:27:49","guid":{"rendered":"https:\/\/baldumarket.lt\/product\/shetland-typ-21-szafa-narozna-2-drzwiowa-dab-shetland-szara\/"},"modified":"2026-04-06T16:40:09","modified_gmt":"2026-04-06T13:40:09","slug":"shetland-typ-21-szafa-narozna-2-drzwiowa-dab-shetland-szara","status":"publish","type":"product","link":"https:\/\/baldumarket.lt\/lt\/product\/shetland-typ-21-szafa-narozna-2-drzwiowa-dab-shetland-szara\/","title":{"rendered":"Shetland TYPE 21 &#8211; Dviej\u0173 dur\u0173 kampin\u0117 spinta, Shetland \u0105\u017euolas\/pilka"},"content":{"rendered":"<p>Atraskite funkcionalum\u0105 ir stili\u0173 viename balde \u2013 rinkdamiesi kampin\u0119 spint\u0105 \u201eShetland TYPE 21\u201c! Puikiai tinkanti prie modernaus interjero, \u0161i spinta ne tik si\u016blo \u012fsp\u016bding\u0105 talp\u0105 daiktams susid\u0117ti, bet ir leid\u017eia efektyviai i\u0161naudoti kiekvien\u0105, net ir ma\u017eiausi\u0105, nam\u0173 kampel\u012f. Kuriant \u0161i\u0105 98,5 cm plo\u010dio, 197 cm auk\u0161\u010dio ir tokio pat gylio spint\u0105, skirt\u0105 maksimaliai padidinti daikt\u0173 saugojimo talp\u0105 nepakenkiant estetikai, buvo kruop\u0161\u010diai atsi\u017evelgta \u012f detales. Patvari ir atspari pa\u017eeidimams d\u0117l laminuotos lentos konstrukcijos \u201eShetland TYPE 21\u201c sujungia nat\u016bralias \u0160etlando \u0105\u017euolo ir pilkos spalvas, sukurdama harmoning\u0105 ir \u0161ilt\u0105 atmosfer\u0105. \u0160i lenta yra \u017einoma d\u0117l padid\u0117jusio atsparumo kintan\u010diai temperat\u016brai, dr\u0117gmei ir galimiems \u012fbr\u0117\u017eimams, tod\u0117l j\u016bs\u0173 pirkinys bus ne tik gra\u017eus, bet ir patvarus ilgus metus. Moderni\u0105 spintos i\u0161vaizd\u0105 pary\u0161kina atidarymo sistema be ranken\u0117li\u0173, kuri derina minimalizm\u0105 ir funkcionalum\u0105. Pasl\u0117ptos varstomos durys veikia nepriekai\u0161tingai, o plastikin\u0117s kojel\u0117s u\u017etikrina stabilum\u0105 nebrai\u017eant grind\u0173. Atidarius duris, atsiveria prakti\u0161kas vidus su drabu\u017ei\u0173 pakaba ir a\u0161tuoniomis erdviomis lentynomis \u2013 \u010dia kiekvienas drabu\u017eis ras savo viet\u0105.<\/p>","protected":false},"excerpt":{"rendered":"<p>Plotis (cm): 98,5<br \/>\n\u016agis (cm): 197<br \/>\nGylis (cm): 98,5<\/p>","protected":false},"featured_media":164528,"comment_status":"open","ping_status":"open","template":"","meta":[],"product_brand":[],"product_cat":[9465,4107,1177],"product_tag":[],"class_list":{"0":"post-164527","1":"product","2":"type-product","3":"status-publish","4":"has-post-thumbnail","6":"product_cat-furniture-system-shetland-wojcik-meble","7":"product_cat-meble-wojcik","8":"product_cat-wardrobes","10":"first","11":"instock","12":"purchasable","13":"product-type-simple"},"_links":{"self":[{"href":"https:\/\/baldumarket.lt\/lt\/wp-json\/wp\/v2\/product\/164527","targetHints":{"allow":["GET"]}}],"collection":[{"href":"https:\/\/baldumarket.lt\/lt\/wp-json\/wp\/v2\/product"}],"about":[{"href":"https:\/\/baldumarket.lt\/lt\/wp-json\/wp\/v2\/types\/product"}],"replies":[{"embeddable":true,"href":"https:\/\/baldumarket.lt\/lt\/wp-json\/wp\/v2\/comments?post=164527"}],"wp:featuredmedia":[{"embeddable":true,"href":"https:\/\/baldumarket.lt\/lt\/wp-json\/wp\/v2\/media\/164528"}],"wp:attachment":[{"href":"https:\/\/baldumarket.lt\/lt\/wp-json\/wp\/v2\/media?parent=164527"}],"wp:term":[{"taxonomy":"product_brand","embeddable":true,"href":"https:\/\/baldumarket.lt\/lt\/wp-json\/wp\/v2\/product_brand?post=164527"},{"taxonomy":"product_cat","embeddable":true,"href":"https:\/\/baldumarket.lt\/lt\/wp-json\/wp\/v2\/product_cat?post=164527"},{"taxonomy":"product_tag","embeddable":true,"href":"https:\/\/baldumarket.lt\/lt\/wp-json\/wp\/v2\/product_tag?post=164527"}],"curies":[{"name":"wp","href":"https:\/\/api.w.org\/{rel}","templated":true}]}}