{"id":164521,"date":"2025-12-19T13:27:37","date_gmt":"2025-12-19T10:27:37","guid":{"rendered":"https:\/\/baldumarket.lt\/product\/shetland-typ-11-regal-3s-dab-shetland-szary\/"},"modified":"2026-04-06T20:06:54","modified_gmt":"2026-04-06T17:06:54","slug":"shetland-typ-11-regal-3s-dab-shetland-szary","status":"publish","type":"product","link":"https:\/\/baldumarket.lt\/lt\/product\/shetland-typ-11-regal-3s-dab-shetland-szary\/","title":{"rendered":"\u201eShetland TYPE 11 \u2013 3S\u201c lentyn\u0173 blokas, \u201eShetland Oak\/Black\u201c"},"content":{"rendered":"<p>Atraskite \u201eShetland TYPE 11 \u2013 3S\u201c knyg\u0173 lentyn\u0105 \u2013 tai ne tik prakti\u0161kas bet kokio interjero aksesuaras, bet ir eleganti\u0161kas modernaus stiliaus papildymas. Su\u017einokite apie pagrindines jos savybes, d\u0117l kuri\u0173 \u0161i lentyna yra unikalus, stilingas ir funkcionalus baldas. 56 cm plo\u010dio, 197 cm auk\u0161\u010dio ir 40 cm gylio knyg\u0173 lentyna yra \u012fsp\u016bdingas, ta\u010diau kompakti\u0161kas daikt\u0173 laikymo baldas. Apdaila \u201eShetland Oak\u201c su pilkais akcentais suteiks j\u016bs\u0173 interjerui nat\u016brali\u0173 spalv\u0173 \u0161ilumos ir modernaus dizaino. Jos forma buvo sukurta atsi\u017evelgiant \u012f \u0161iuolaikini\u0173 nam\u0173 poreikius, kur kiekvienas erdv\u0117s centimetras yra vertinamas. \u201eShetland TYPE 11\u201c knyg\u0173 lentyna pagaminta i\u0161 laminuotos plok\u0161t\u0117s, kuri pasi\u017eymi padidintu atsparumu auk\u0161tai temperat\u016brai, dr\u0117gmei ir \u012fbr\u0117\u017eimams, u\u017etikrinant ilgalaik\u012f patvarum\u0105. Tiek korpusas, tiek fasadai pagaminti i\u0161 laminuotos med\u017eio dro\u017eli\u0173 plok\u0161t\u0117s, u\u017etikrinan\u010dios stabilum\u0105 ir patikimum\u0105 ilgus metus.<\/p>","protected":false},"excerpt":{"rendered":"<p>Plotis (cm): 56<br \/>\n\u016agis (cm): 197<br \/>\nGylis (cm): 40<\/p>","protected":false},"featured_media":164522,"comment_status":"open","ping_status":"open","template":"","meta":[],"product_brand":[],"product_cat":[9465,4107,1987],"product_tag":[],"class_list":{"0":"post-164521","1":"product","2":"type-product","3":"status-publish","4":"has-post-thumbnail","6":"product_cat-furniture-system-shetland-wojcik-meble","7":"product_cat-meble-wojcik","8":"product_cat-shelving-units","10":"first","11":"instock","12":"purchasable","13":"product-type-simple"},"_links":{"self":[{"href":"https:\/\/baldumarket.lt\/lt\/wp-json\/wp\/v2\/product\/164521","targetHints":{"allow":["GET"]}}],"collection":[{"href":"https:\/\/baldumarket.lt\/lt\/wp-json\/wp\/v2\/product"}],"about":[{"href":"https:\/\/baldumarket.lt\/lt\/wp-json\/wp\/v2\/types\/product"}],"replies":[{"embeddable":true,"href":"https:\/\/baldumarket.lt\/lt\/wp-json\/wp\/v2\/comments?post=164521"}],"wp:featuredmedia":[{"embeddable":true,"href":"https:\/\/baldumarket.lt\/lt\/wp-json\/wp\/v2\/media\/164522"}],"wp:attachment":[{"href":"https:\/\/baldumarket.lt\/lt\/wp-json\/wp\/v2\/media?parent=164521"}],"wp:term":[{"taxonomy":"product_brand","embeddable":true,"href":"https:\/\/baldumarket.lt\/lt\/wp-json\/wp\/v2\/product_brand?post=164521"},{"taxonomy":"product_cat","embeddable":true,"href":"https:\/\/baldumarket.lt\/lt\/wp-json\/wp\/v2\/product_cat?post=164521"},{"taxonomy":"product_tag","embeddable":true,"href":"https:\/\/baldumarket.lt\/lt\/wp-json\/wp\/v2\/product_tag?post=164521"}],"curies":[{"name":"wp","href":"https:\/\/api.w.org\/{rel}","templated":true}]}}