{"id":164509,"date":"2025-12-19T13:27:12","date_gmt":"2025-12-19T10:27:12","guid":{"rendered":"https:\/\/baldumarket.lt\/product\/ricko-riks01-szafa-2d2s-biala-dab-coast-evoke\/"},"modified":"2026-04-06T19:47:44","modified_gmt":"2026-04-06T16:47:44","slug":"ricko-riks01-szafa-2d2s-biala-dab-coast-evoke","status":"publish","type":"product","link":"https:\/\/baldumarket.lt\/lt\/product\/ricko-riks01-szafa-2d2s-biala-dab-coast-evoke\/","title":{"rendered":"Ricko RIKS01 &#8211; 2D2S Drabu\u017ein\u0117 balta\/\u0105\u017euolo spalvos \u201eCoast Evoke\u201c"},"content":{"rendered":"<p>Atraskite J\u016bs\u0173 poreikiams pritaikyt\u0105 spint\u0105 \u2013 \u201eRicko RIKS01\u201c \u2013 2 dur\u0173 2S spinta baltos \/ \u201eCoast Evoke Oak\u201c spalvos. Paverskite daikt\u0173 laikymo sistem\u0105 ne tik funkcionalia, bet ir stilinga. \u0160i 2 dur\u0173 spinta puikiai dera prie bet kokio interjero, derindama nesenstan\u010di\u0105 elegancij\u0105 su moderniu dizainu. Unikal\u0173 \u0161io baldo charakter\u012f pabr\u0117\u017eia auk\u0161tos kojel\u0117s, pagamintos i\u0161 patvaraus plastiko, suteikian\u010dios spintai lengvumo poj\u016bt\u012f. Baltos spalvos, \u0161ilt\u0173 \u201eCoast Evoke Oak\u201c medienos akcent\u0173 ir grioveli\u0173 stal\u010diaus priekio derinys sujungia nat\u016bralum\u0105 su itin moderniu dizainu. Nesvarbu, ar tai J\u016bs\u0173 nam\u0173 jaukumas, jaunimo kambarys, ar minimalistin\u0117 studija \u2013 \u201eRicko RIKS01\u201c yra atsakymas \u012f J\u016bs\u0173 skon\u012f ir poreikius. Spintos gerai apgalvotas dizainas suteikia daug vietos tiek pakabinamiems, tiek sulankstytiems drabu\u017eiams. Plati strypas tolygiai paskirsto drabu\u017eius, o erdvi lentyna ir gilus stal\u010dius su moderniais viso i\u0161traukimo rutuliniais guoliais puikiai sutvarko kitus spintos daiktus. Pasl\u0117pti vyriai u\u017erakina spintos duris, u\u017etikrindami ilgalaik\u012f ir be r\u016bpes\u010di\u0173 naudojim\u0105.<\/p>","protected":false},"excerpt":{"rendered":"<p>Plotis (cm): 91,5<br \/>\n\u016agis (cm): 198<br \/>\nGylis (cm): 56<\/p>","protected":false},"featured_media":164510,"comment_status":"open","ping_status":"open","template":"","meta":[],"product_brand":[],"product_cat":[9495,4107,1177],"product_tag":[],"class_list":{"0":"post-164509","1":"product","2":"type-product","3":"status-publish","4":"has-post-thumbnail","6":"product_cat-furniture-system-ricko-wojcik-meble","7":"product_cat-meble-wojcik","8":"product_cat-wardrobes","10":"first","11":"instock","12":"purchasable","13":"product-type-simple"},"_links":{"self":[{"href":"https:\/\/baldumarket.lt\/lt\/wp-json\/wp\/v2\/product\/164509","targetHints":{"allow":["GET"]}}],"collection":[{"href":"https:\/\/baldumarket.lt\/lt\/wp-json\/wp\/v2\/product"}],"about":[{"href":"https:\/\/baldumarket.lt\/lt\/wp-json\/wp\/v2\/types\/product"}],"replies":[{"embeddable":true,"href":"https:\/\/baldumarket.lt\/lt\/wp-json\/wp\/v2\/comments?post=164509"}],"wp:featuredmedia":[{"embeddable":true,"href":"https:\/\/baldumarket.lt\/lt\/wp-json\/wp\/v2\/media\/164510"}],"wp:attachment":[{"href":"https:\/\/baldumarket.lt\/lt\/wp-json\/wp\/v2\/media?parent=164509"}],"wp:term":[{"taxonomy":"product_brand","embeddable":true,"href":"https:\/\/baldumarket.lt\/lt\/wp-json\/wp\/v2\/product_brand?post=164509"},{"taxonomy":"product_cat","embeddable":true,"href":"https:\/\/baldumarket.lt\/lt\/wp-json\/wp\/v2\/product_cat?post=164509"},{"taxonomy":"product_tag","embeddable":true,"href":"https:\/\/baldumarket.lt\/lt\/wp-json\/wp\/v2\/product_tag?post=164509"}],"curies":[{"name":"wp","href":"https:\/\/api.w.org\/{rel}","templated":true}]}}