{"id":164497,"date":"2025-12-19T13:26:47","date_gmt":"2025-12-19T10:26:47","guid":{"rendered":"https:\/\/baldumarket.lt\/product\/nubi-nubs02-szafa-3d2s-matera-ciemna-old-style\/"},"modified":"2026-04-06T19:47:44","modified_gmt":"2026-04-06T16:47:44","slug":"nubi-nubs02-szafa-3d2s-matera-ciemna-old-style","status":"publish","type":"product","link":"https:\/\/baldumarket.lt\/lt\/product\/nubi-nubs02-szafa-3d2s-matera-ciemna-old-style\/","title":{"rendered":"Nubi NUBS02 &#8211; Drabu\u017ein\u0117 3D2S Matera tamsi\/seno stiliaus"},"content":{"rendered":"<p>Pristatome Jums i\u0161skirtin\u0119 spint\u0105 i\u0161 unikalios \u201eNubi NUBS02\u201c kolekcijos \u2013 3D2S \u201eDark Matera\/Old Style\u201c spint\u0105, kuri neabejotinai taps bet kurio stilingo interjero pagrindiniu elementu. \u0160is modelis \u2013 tai nesenstantis funkcionalumo ir i\u0161skirtinio pramoninio dizaino derinys. \u012esp\u016bdinga NUBS02 spinta, kurios plotis \u2013 128 cm, auk\u0161tis \u2013 196 cm, o gylis \u2013 60 cm, sukurta taip, kad tilpt\u0173 daug drabu\u017ei\u0173 ir daikt\u0173, tuo pa\u010diu maksimaliai i\u0161naudojant erdv\u0119. Jos apgalvota vidin\u0117 konstrukcija apima du prakti\u0161kus drabu\u017ei\u0173 kabyklus, du erdvius stal\u010dius ir \u012fvairias lentynas patogiam daikt\u0173 organizavimui. NUBS02 spintos dizainas harmoningai derina \u0161ilt\u0105, nat\u016bral\u0173 \u201eDark Matera\u201c atspalv\u012f su \u017eavinga \u201eOld Style\u201c spalva, suteikdamas jai unikali\u0105 eleganti\u0161k\u0105 i\u0161vaizd\u0105 ir bet kuriam kambariui pal\u0117p\u0117s atmosfer\u0105. Pagaminta i\u0161 auk\u0161tos kokyb\u0117s laminuotos plok\u0161t\u0117s, spinta yra atspari \u012fbr\u0117\u017eimams, mechaniniams pa\u017eeidimams, dr\u0117gmei ir auk\u0161tai temperat\u016brai \u2013 d\u0117l to ji ilg\u0105 laik\u0105 i\u0161laikys savo nepriekai\u0161ting\u0105 i\u0161vaizd\u0105.<\/p>","protected":false},"excerpt":{"rendered":"<p>Plotis (cm): 128<br \/>\n\u016agis (cm): 196<br \/>\nGylis (cm): 60<\/p>","protected":false},"featured_media":164498,"comment_status":"open","ping_status":"open","template":"","meta":[],"product_brand":[],"product_cat":[9462,4107,1177],"product_tag":[],"class_list":{"0":"post-164497","1":"product","2":"type-product","3":"status-publish","4":"has-post-thumbnail","6":"product_cat-furniture-system-nubi-wojcik-meble","7":"product_cat-meble-wojcik","8":"product_cat-wardrobes","10":"first","11":"instock","12":"purchasable","13":"product-type-simple"},"_links":{"self":[{"href":"https:\/\/baldumarket.lt\/lt\/wp-json\/wp\/v2\/product\/164497","targetHints":{"allow":["GET"]}}],"collection":[{"href":"https:\/\/baldumarket.lt\/lt\/wp-json\/wp\/v2\/product"}],"about":[{"href":"https:\/\/baldumarket.lt\/lt\/wp-json\/wp\/v2\/types\/product"}],"replies":[{"embeddable":true,"href":"https:\/\/baldumarket.lt\/lt\/wp-json\/wp\/v2\/comments?post=164497"}],"wp:featuredmedia":[{"embeddable":true,"href":"https:\/\/baldumarket.lt\/lt\/wp-json\/wp\/v2\/media\/164498"}],"wp:attachment":[{"href":"https:\/\/baldumarket.lt\/lt\/wp-json\/wp\/v2\/media?parent=164497"}],"wp:term":[{"taxonomy":"product_brand","embeddable":true,"href":"https:\/\/baldumarket.lt\/lt\/wp-json\/wp\/v2\/product_brand?post=164497"},{"taxonomy":"product_cat","embeddable":true,"href":"https:\/\/baldumarket.lt\/lt\/wp-json\/wp\/v2\/product_cat?post=164497"},{"taxonomy":"product_tag","embeddable":true,"href":"https:\/\/baldumarket.lt\/lt\/wp-json\/wp\/v2\/product_tag?post=164497"}],"curies":[{"name":"wp","href":"https:\/\/api.w.org\/{rel}","templated":true}]}}