{"id":164491,"date":"2025-12-19T13:26:34","date_gmt":"2025-12-19T10:26:34","guid":{"rendered":"https:\/\/baldumarket.lt\/product\/nubi-nubz01-lozko-120-old-style\/"},"modified":"2026-04-06T19:47:44","modified_gmt":"2026-04-06T16:47:44","slug":"nubi-nubz01-lozko-120-old-style","status":"publish","type":"product","link":"https:\/\/baldumarket.lt\/lt\/product\/nubi-nubz01-lozko-120-old-style\/","title":{"rendered":"Nubi NUBZ01 &#8211; Lova 120 senovinio stiliaus"},"content":{"rendered":"<p>Atraskite charaktering\u0105 \u201eNubi NUBZ01\u201c lov\u0105, kurios dydis 120, i\u0161 \u201eOld Style\u201c kolekcijos \u2013 tobul\u0105 funkcionalumo ir industrinio stiliaus derin\u012f. Sukurta atsi\u017evelgiant \u012f tuos, kurie vertina originalum\u0105 ir komfort\u0105, jos plotis yra 125,3 cm, tod\u0117l patogu ils\u0117tis, o 80,5 cm auk\u0161\u010dio galv\u016bgalis suteikia puiki\u0105 atram\u0105, puikiai tinkan\u010di\u0105 vakaro poilsiui su knyga. Lovos gylis yra 204,8 cm \u2013 pritaikytas standartiniams \u010diu\u017eini\u0173 dyd\u017eiams. \u201eNubi NUBZ01\u201c lova yra i\u0161skirtinai stilinga d\u0117l savo \u201eOld Style\u201c spalvos, kurioje derinamas nat\u016bralus beicas su juodais akcentais. \u0160is derinys suteikia \u0161iai kolekcijai unikali\u0105, \u0161iek tiek sendintos i\u0161vaizdos, puikiai tinkan\u010dios industrine atmosfera dekoruotam interjerui. Lova pagaminta i\u0161 patvarios laminuotos plok\u0161t\u0117s, o jos galv\u016bgalis ir \u0161onai \u2013 i\u0161 laminuotos med\u017eio dro\u017eli\u0173 plok\u0161t\u0117s, u\u017etikrinan\u010dios didel\u012f atsparum\u0105 dilimui ir pa\u017eeidimams. \u201eNubi\u201c lovos funkcionalum\u0105 padidina \u012fdubos abiejose r\u0117mo pus\u0117se, kuriose galima prakti\u0161kai laikyti smulkius daiktus, ir pasirenkamas stal\u010dius, puikiai tinkantis patalynei ar kitiems aksesuarams. Be to, galv\u016bgalis apsaugo sien\u0105 nuo purvo, o tai ypa\u010d svarbu paauglio kambaryje, ir kartu padidina lovos tvirtum\u0105.<\/p>","protected":false},"excerpt":{"rendered":"<p>Plotis (cm): 125,3<br \/>\n\u016agis (cm): 80,5<br \/>\nGylis (cm): 204,8<\/p>","protected":false},"featured_media":164492,"comment_status":"open","ping_status":"open","template":"","meta":[],"product_brand":[],"product_cat":[9462,505,4107],"product_tag":[],"class_list":{"0":"post-164491","1":"product","2":"type-product","3":"status-publish","4":"has-post-thumbnail","6":"product_cat-furniture-system-nubi-wojcik-meble","7":"product_cat-bedroom-beds","8":"product_cat-meble-wojcik","10":"first","11":"instock","12":"purchasable","13":"product-type-simple"},"_links":{"self":[{"href":"https:\/\/baldumarket.lt\/lt\/wp-json\/wp\/v2\/product\/164491","targetHints":{"allow":["GET"]}}],"collection":[{"href":"https:\/\/baldumarket.lt\/lt\/wp-json\/wp\/v2\/product"}],"about":[{"href":"https:\/\/baldumarket.lt\/lt\/wp-json\/wp\/v2\/types\/product"}],"replies":[{"embeddable":true,"href":"https:\/\/baldumarket.lt\/lt\/wp-json\/wp\/v2\/comments?post=164491"}],"wp:featuredmedia":[{"embeddable":true,"href":"https:\/\/baldumarket.lt\/lt\/wp-json\/wp\/v2\/media\/164492"}],"wp:attachment":[{"href":"https:\/\/baldumarket.lt\/lt\/wp-json\/wp\/v2\/media?parent=164491"}],"wp:term":[{"taxonomy":"product_brand","embeddable":true,"href":"https:\/\/baldumarket.lt\/lt\/wp-json\/wp\/v2\/product_brand?post=164491"},{"taxonomy":"product_cat","embeddable":true,"href":"https:\/\/baldumarket.lt\/lt\/wp-json\/wp\/v2\/product_cat?post=164491"},{"taxonomy":"product_tag","embeddable":true,"href":"https:\/\/baldumarket.lt\/lt\/wp-json\/wp\/v2\/product_tag?post=164491"}],"curies":[{"name":"wp","href":"https:\/\/api.w.org\/{rel}","templated":true}]}}