{"id":164485,"date":"2025-12-19T13:26:20","date_gmt":"2025-12-19T10:26:20","guid":{"rendered":"https:\/\/baldumarket.lt\/product\/nubi-nubs01-szafa-2d2s-matera-ciemna-old-style\/"},"modified":"2026-04-06T19:47:44","modified_gmt":"2026-04-06T16:47:44","slug":"nubi-nubs01-szafa-2d2s-matera-ciemna-old-style","status":"publish","type":"product","link":"https:\/\/baldumarket.lt\/lt\/product\/nubi-nubs01-szafa-2d2s-matera-ciemna-old-style\/","title":{"rendered":"Nubi NUBS01 &#8211; Drabu\u017ein\u0117 2D2S Matera tamsi\/seno stiliaus"},"content":{"rendered":"<p>Atraskite universali\u0105 \u201eNubi NUBS01\u201c spintos talp\u0105 ir minimalistin\u012f stili\u0173 \u2013 bald\u0105, kuris atitiks bet kurio jaunimo kambario ar modernios erdv\u0117s poreikius. Sukurta su \u017eavesiu ir subtilumu, ji derina dr\u0105s\u0105 ir prakti\u0161kum\u0105, tod\u0117l yra puikus pasirinkimas ie\u0161kantiems funkcionali\u0173, bet originali\u0173 sprendim\u0173. Sukurta tiems, kurie vertina nesenstant\u012f nat\u016bralios medienos spalv\u0173 ir urbanistinio betono charakterio derin\u012f, \u201eNubi NUBS01\u201c spinta pasi\u017eymi kontrastingais fasadais. \u201eDark Matera\u201c \u2013 tamsus atspalvis, primenantis betono tvirtum\u0105 ir ilgaam\u017ei\u0161kum\u0105 \u2013 derinamas su \u201eOld Style\u201c \u2013 dekoru, imituojan\u010diu neapdorot\u0105, perdirbt\u0105 medien\u0105, sukuriant patraukli\u0105, harmoning\u0105 kompozicij\u0105. Spintel\u0117s i\u0161orin\u012f stabilum\u0105 ir ilgaam\u017ei\u0161kum\u0105 u\u017etikrina korpusas ir fasadas, pagaminti i\u0161 laminuotos plok\u0161t\u0117s, pasi\u017eymin\u010dios lengva prie\u017ei\u016bra ir atsparumu dilimui. Estetik\u0105 papildo plastikin\u0117s rankenos, kurios, nors ir primena senas, yra modernios ir patvarios, o j\u0173 pramoninis dizainas dar labiau pabr\u0117\u017eia unikal\u0173 baldo charakter\u012f.<\/p>","protected":false},"excerpt":{"rendered":"<p>Plotis (cm): 87<br \/>\n\u016agis (cm): 196<br \/>\nGylis (cm): 60<\/p>","protected":false},"featured_media":164486,"comment_status":"open","ping_status":"open","template":"","meta":[],"product_brand":[],"product_cat":[9462,4107,1177],"product_tag":[],"class_list":{"0":"post-164485","1":"product","2":"type-product","3":"status-publish","4":"has-post-thumbnail","6":"product_cat-furniture-system-nubi-wojcik-meble","7":"product_cat-meble-wojcik","8":"product_cat-wardrobes","10":"first","11":"instock","12":"purchasable","13":"product-type-simple"},"_links":{"self":[{"href":"https:\/\/baldumarket.lt\/lt\/wp-json\/wp\/v2\/product\/164485","targetHints":{"allow":["GET"]}}],"collection":[{"href":"https:\/\/baldumarket.lt\/lt\/wp-json\/wp\/v2\/product"}],"about":[{"href":"https:\/\/baldumarket.lt\/lt\/wp-json\/wp\/v2\/types\/product"}],"replies":[{"embeddable":true,"href":"https:\/\/baldumarket.lt\/lt\/wp-json\/wp\/v2\/comments?post=164485"}],"wp:featuredmedia":[{"embeddable":true,"href":"https:\/\/baldumarket.lt\/lt\/wp-json\/wp\/v2\/media\/164486"}],"wp:attachment":[{"href":"https:\/\/baldumarket.lt\/lt\/wp-json\/wp\/v2\/media?parent=164485"}],"wp:term":[{"taxonomy":"product_brand","embeddable":true,"href":"https:\/\/baldumarket.lt\/lt\/wp-json\/wp\/v2\/product_brand?post=164485"},{"taxonomy":"product_cat","embeddable":true,"href":"https:\/\/baldumarket.lt\/lt\/wp-json\/wp\/v2\/product_cat?post=164485"},{"taxonomy":"product_tag","embeddable":true,"href":"https:\/\/baldumarket.lt\/lt\/wp-json\/wp\/v2\/product_tag?post=164485"}],"curies":[{"name":"wp","href":"https:\/\/api.w.org\/{rel}","templated":true}]}}