{"id":164479,"date":"2025-12-19T13:26:07","date_gmt":"2025-12-19T10:26:07","guid":{"rendered":"https:\/\/baldumarket.lt\/product\/nubi-nubr02-regal-niski-2d2s-matera-ciemna-old-style\/"},"modified":"2026-04-06T19:47:44","modified_gmt":"2026-04-06T16:47:44","slug":"nubi-nubr02-regal-niski-2d2s-matera-ciemna-old-style","status":"publish","type":"product","link":"https:\/\/baldumarket.lt\/lt\/product\/nubi-nubr02-regal-niski-2d2s-matera-ciemna-old-style\/","title":{"rendered":"Nubi NUBR02 \u2013 \u017dema knyg\u0173 lentyna 2D2S Tamsus matinis\/Senovinis stilius"},"content":{"rendered":"<p>Atraskite nauj\u0105 organizavimo ir stiliaus dimensij\u0105 su \u201eNubi NUBR02 Low\u201c lentyna \u201eDark Matera\u201c \/ \u201eOld Style\u201c spalv\u0173 \u2013 tobulas funkcionalumo ir dizaino derinys, atspindintis industrin\u012f grie\u017etum\u0105. M\u016bs\u0173 dvidur\u0117, dviej\u0173 stal\u010di\u0173 lentyna \u2013 tai baldas, kuriame dera klasikinis ir modernus stiliai, pritaikyti \u0161iuolaikinio interjero reikalavimams. \u201eNubi NUBR02\u201c lentynos plotis yra 87 cm, auk\u0161tis \u2013 128,7 cm, o gylis \u2013 42 cm, tod\u0117l ji ne tik turi daug vietos daiktams susid\u0117ti, bet ir yra i\u0161skirtinio stabilumo bei ilgaam\u017ei\u0161kumo. Pagaminta i\u0161 auk\u0161tos kokyb\u0117s laminuotos plok\u0161t\u0117s, ji yra patvari ir lengvai pri\u017ei\u016brima. Jos korpusas ir fasadai yra tiksliai pagaminti i\u0161 laminuotos med\u017eio dro\u017eli\u0173 plok\u0161t\u0117s, u\u017etikrinan\u010dios ilgaam\u017ei\u0161kum\u0105. I\u0161skirtin\u0117 \u201eDark Matera\u201c ir \u201eOld Style\u201c spalv\u0173 gama suteikia \u0161iai lentynai unikali\u0105 i\u0161vaizd\u0105. Nat\u016brali lentyn\u0173 spalva ir juodos detal\u0117s sukuria unikal\u0173 kontrast\u0105, \u012fne\u0161damos \u012f kambar\u012f unikali\u0105, industrin\u0119 atmosfer\u0105. Baldo fasadai, kontrastuojantys su korpusu, ir plastikin\u0117s rankenos su sendinta i\u0161vaizda pabr\u0117\u017eia nesenstant\u012f baldo charakter\u012f.<\/p>","protected":false},"excerpt":{"rendered":"<p>Plotis (cm): 87<br \/>\n\u016agis (cm): 128,7<br \/>\nGylis (cm): 42<\/p>","protected":false},"featured_media":164480,"comment_status":"open","ping_status":"open","template":"","meta":[],"product_brand":[],"product_cat":[9462,4107,1177],"product_tag":[],"class_list":{"0":"post-164479","1":"product","2":"type-product","3":"status-publish","4":"has-post-thumbnail","6":"product_cat-furniture-system-nubi-wojcik-meble","7":"product_cat-meble-wojcik","8":"product_cat-wardrobes","10":"first","11":"instock","12":"purchasable","13":"product-type-simple"},"_links":{"self":[{"href":"https:\/\/baldumarket.lt\/lt\/wp-json\/wp\/v2\/product\/164479","targetHints":{"allow":["GET"]}}],"collection":[{"href":"https:\/\/baldumarket.lt\/lt\/wp-json\/wp\/v2\/product"}],"about":[{"href":"https:\/\/baldumarket.lt\/lt\/wp-json\/wp\/v2\/types\/product"}],"replies":[{"embeddable":true,"href":"https:\/\/baldumarket.lt\/lt\/wp-json\/wp\/v2\/comments?post=164479"}],"wp:featuredmedia":[{"embeddable":true,"href":"https:\/\/baldumarket.lt\/lt\/wp-json\/wp\/v2\/media\/164480"}],"wp:attachment":[{"href":"https:\/\/baldumarket.lt\/lt\/wp-json\/wp\/v2\/media?parent=164479"}],"wp:term":[{"taxonomy":"product_brand","embeddable":true,"href":"https:\/\/baldumarket.lt\/lt\/wp-json\/wp\/v2\/product_brand?post=164479"},{"taxonomy":"product_cat","embeddable":true,"href":"https:\/\/baldumarket.lt\/lt\/wp-json\/wp\/v2\/product_cat?post=164479"},{"taxonomy":"product_tag","embeddable":true,"href":"https:\/\/baldumarket.lt\/lt\/wp-json\/wp\/v2\/product_tag?post=164479"}],"curies":[{"name":"wp","href":"https:\/\/api.w.org\/{rel}","templated":true}]}}