{"id":164473,"date":"2025-12-19T13:25:54","date_gmt":"2025-12-19T10:25:54","guid":{"rendered":"https:\/\/baldumarket.lt\/product\/nubi-nubb01-biurko-1d1s-matera-ciemna-old-style\/"},"modified":"2026-04-06T19:47:44","modified_gmt":"2026-04-06T16:47:44","slug":"nubi-nubb01-biurko-1d1s-matera-ciemna-old-style","status":"publish","type":"product","link":"https:\/\/baldumarket.lt\/lt\/product\/nubi-nubb01-biurko-1d1s-matera-ciemna-old-style\/","title":{"rendered":"Nubi NUBB01 \u2013 Ra\u0161omasis stalas 1D1S Tamsus matinis\/Senovinis"},"content":{"rendered":"<p>Sukurkite savo darbo viet\u0105 moderniu stiliumi ir unikaliu dizainu su \u201eNubi NUBB01 1D1S\u201c stalu. Unikali spalv\u0173 gama, kurioje derinamas tamsus matinis ir dr\u0105sus senovinis stilius, suteikia erdvei i\u0161skirtinumo. \u0160is stalas puikiai tinka tendencij\u0173 ir industrinio stiliaus gerb\u0117jams, spinduliuoja estetika, kuri \u012fkvepia k\u016brybi\u0161kumui. Dideli matmenys \u2013 120 cm plo\u010dio, 52 cm gylio ir 74 cm auk\u0161\u010dio \u2013 u\u017etikrina optimal\u0173 darbo komfort\u0105 tiek studentams, tiek nam\u0173 biuro darbuotojams. Tvirta konstrukcija, pagaminta i\u0161 laminuotos plok\u0161t\u0117s, atsparios pa\u017eeidimams, garantuoja ilgalaik\u012f naudojim\u0105 ir lengv\u0105 valym\u0105. Nat\u016bralios ir juodos spalv\u0173 gamos dera prie \u012fvairi\u0173 interjer\u0173, suteikdamos elegancijos ir minimalistinio poj\u016b\u010dio. \u201eNubi NUBB01\u201c stalas turi prakti\u0161k\u0105 stal\u010di\u0173 ir atvir\u0105 lentyn\u0105, kurioje yra daug vietos dokumentams, mokyklin\u0117ms prek\u0117ms ir biuro reikmenims laikyti. Visi reikalingi daiktai visada bus po ranka, tod\u0117l darbas taps dar efektyvesnis. Daiktad\u0117\u017ei\u0173 ir ni\u0161\u0173 i\u0161d\u0117stymas buvo kruop\u0161\u010diai apgalvotas, kad naudotojai gal\u0117t\u0173 m\u0117gautis tiek bald\u0173 funkcionalumu, tiek estetika.<\/p>","protected":false},"excerpt":{"rendered":"<p>Plotis (cm): 120<br \/>\n\u016agis (cm): 74<br \/>\nGylis (cm): 52<\/p>","protected":false},"featured_media":164474,"comment_status":"open","ping_status":"open","template":"","meta":[],"product_brand":[],"product_cat":[9462,1312,4107],"product_tag":[],"class_list":{"0":"post-164473","1":"product","2":"type-product","3":"status-publish","4":"has-post-thumbnail","6":"product_cat-furniture-system-nubi-wojcik-meble","7":"product_cat-desks","8":"product_cat-meble-wojcik","10":"first","11":"instock","12":"purchasable","13":"product-type-simple"},"_links":{"self":[{"href":"https:\/\/baldumarket.lt\/lt\/wp-json\/wp\/v2\/product\/164473","targetHints":{"allow":["GET"]}}],"collection":[{"href":"https:\/\/baldumarket.lt\/lt\/wp-json\/wp\/v2\/product"}],"about":[{"href":"https:\/\/baldumarket.lt\/lt\/wp-json\/wp\/v2\/types\/product"}],"replies":[{"embeddable":true,"href":"https:\/\/baldumarket.lt\/lt\/wp-json\/wp\/v2\/comments?post=164473"}],"wp:featuredmedia":[{"embeddable":true,"href":"https:\/\/baldumarket.lt\/lt\/wp-json\/wp\/v2\/media\/164474"}],"wp:attachment":[{"href":"https:\/\/baldumarket.lt\/lt\/wp-json\/wp\/v2\/media?parent=164473"}],"wp:term":[{"taxonomy":"product_brand","embeddable":true,"href":"https:\/\/baldumarket.lt\/lt\/wp-json\/wp\/v2\/product_brand?post=164473"},{"taxonomy":"product_cat","embeddable":true,"href":"https:\/\/baldumarket.lt\/lt\/wp-json\/wp\/v2\/product_cat?post=164473"},{"taxonomy":"product_tag","embeddable":true,"href":"https:\/\/baldumarket.lt\/lt\/wp-json\/wp\/v2\/product_tag?post=164473"}],"curies":[{"name":"wp","href":"https:\/\/api.w.org\/{rel}","templated":true}]}}