{"id":164467,"date":"2025-12-19T13:25:41","date_gmt":"2025-12-19T10:25:41","guid":{"rendered":"https:\/\/baldumarket.lt\/product\/novi-nvip01-polka-wiszaca-biala\/"},"modified":"2026-02-08T19:42:02","modified_gmt":"2026-02-08T16:42:02","slug":"novi-nvip01-polka-wiszaca-biala","status":"publish","type":"product","link":"https:\/\/baldumarket.lt\/lt\/product\/novi-nvip01-polka-wiszaca-biala\/","title":{"rendered":"Novi NVIP01 \u2013 balta pakabinama lentyna"},"content":{"rendered":"<p>Atraskite nauj\u0105 savo lobi\u0173 laikymo dimensij\u0105 su \u201eNovi NVIP01\u201c lentyna. Pagaminta i\u0161 auk\u0161\u010diausios kokyb\u0117s laminuotos plok\u0161t\u0117s ir MDF, \u0161i eleganti\u0161ka lentyna yra nuostabus bet kokio interjero papildymas, derinantis gro\u017e\u012f ir funkcionalum\u0105. Ypa\u010d rekomenduojama modernaus dizaino m\u0117g\u0117jams, ji taps prakti\u0161ku ir madingu j\u016bs\u0173 nam\u0173 akcentu. Balta \u201eNovi NVIP01\u201c lentyna spind\u0117s j\u016bs\u0173 erdv\u0117je, pasi\u017eym\u0117dama 130 cm plo\u010dio ir 24 cm auk\u0161\u010dio erdve, leisdama jums eksponuoti savo brangiausius daiktus ar kasdienius b\u016btiniausius daiktus. 22 cm gylio lentyna idealiai tinka knygoms, nuotrauk\u0173 r\u0117meliams, dekoratyvin\u0117ms \u0161vie\u010dian\u010dioms girliandoms ar ma\u017eoms, \u017ealioms oaz\u0117ms vazonini\u0173 augal\u0173 pavidalu laikyti. Tvirta balta grioveli\u0173 juostel\u0117 yra ne tik prakti\u0161ka detal\u0117, bet ir i\u0161skirtinis dekoratyvinis elementas, i\u0161skiriantis \u201eNovi\u201c lentyn\u0105 i\u0161 kit\u0173, sukuriantis jauki\u0105 atmosfer\u0105 kambaryje. Patvari laminuotos med\u017eio dro\u017eli\u0173 plok\u0161t\u0117s konstrukcija garantuoja atsparum\u0105 kasdieniams pavojams, tokiems kaip \u012fbr\u0117\u017eimai, dr\u0117gm\u0117 ir auk\u0161ta temperat\u016bra. Be to, MDF galin\u0117 plok\u0161t\u0117 dar labiau sustiprina konstrukcij\u0105 ir u\u017etikrina ilgalaik\u012f naudojim\u0105, nebijant prarasti savo formos ar i\u0161vaizdos. Tai produktas, kuris atlaikys laiko ir besikei\u010dian\u010di\u0173 tendencij\u0173 i\u0161bandym\u0105.<\/p>","protected":false},"excerpt":{"rendered":"<p>Plotis (cm): 130<br \/>\n\u016agis (cm): 24<br \/>\nGylis (cm): 22<\/p>","protected":false},"featured_media":164468,"comment_status":"open","ping_status":"open","template":"","meta":[],"product_brand":[],"product_cat":[9492,1174,4107],"product_tag":[],"class_list":{"0":"post-164467","1":"product","2":"type-product","3":"status-publish","4":"has-post-thumbnail","6":"product_cat-furniture-system-novi-wojcik-meble","7":"product_cat-hanging-shelves","8":"product_cat-meble-wojcik","10":"first","11":"instock","12":"purchasable","13":"product-type-simple"},"_links":{"self":[{"href":"https:\/\/baldumarket.lt\/lt\/wp-json\/wp\/v2\/product\/164467","targetHints":{"allow":["GET"]}}],"collection":[{"href":"https:\/\/baldumarket.lt\/lt\/wp-json\/wp\/v2\/product"}],"about":[{"href":"https:\/\/baldumarket.lt\/lt\/wp-json\/wp\/v2\/types\/product"}],"replies":[{"embeddable":true,"href":"https:\/\/baldumarket.lt\/lt\/wp-json\/wp\/v2\/comments?post=164467"}],"wp:featuredmedia":[{"embeddable":true,"href":"https:\/\/baldumarket.lt\/lt\/wp-json\/wp\/v2\/media\/164468"}],"wp:attachment":[{"href":"https:\/\/baldumarket.lt\/lt\/wp-json\/wp\/v2\/media?parent=164467"}],"wp:term":[{"taxonomy":"product_brand","embeddable":true,"href":"https:\/\/baldumarket.lt\/lt\/wp-json\/wp\/v2\/product_brand?post=164467"},{"taxonomy":"product_cat","embeddable":true,"href":"https:\/\/baldumarket.lt\/lt\/wp-json\/wp\/v2\/product_cat?post=164467"},{"taxonomy":"product_tag","embeddable":true,"href":"https:\/\/baldumarket.lt\/lt\/wp-json\/wp\/v2\/product_tag?post=164467"}],"curies":[{"name":"wp","href":"https:\/\/api.w.org\/{rel}","templated":true}]}}