{"id":164462,"date":"2025-12-19T13:25:31","date_gmt":"2025-12-19T10:25:31","guid":{"rendered":"https:\/\/baldumarket.lt\/product\/monaco-moas02-szafa-4-drzwiowa-stirling-oak-czarna\/"},"modified":"2026-04-06T19:47:44","modified_gmt":"2026-04-06T16:47:44","slug":"monaco-moas02-szafa-4-drzwiowa-stirling-oak-czarna","status":"publish","type":"product","link":"https:\/\/baldumarket.lt\/lt\/product\/monaco-moas02-szafa-4-drzwiowa-stirling-oak-czarna\/","title":{"rendered":"Monako MOAS02 \u2013 4 dur\u0173 spinta, Stirling\u0105\u017euolas\/juoda"},"content":{"rendered":"<p>Svajojate apie \u012fsp\u016bding\u0105 bald\u0105, kuris ne tik pad\u0117s palaikyti nepriekai\u0161ting\u0105 tvark\u0105, bet ir taps j\u016bs\u0173 miegamojo ar persirengimo kambario puo\u0161mena? Atraskite eleganti\u0161k\u0105 \u201eMonaco MOAS02\u201c spint\u0105, kuri nustato visi\u0161kai naujus daikt\u0173 laikymo standartus. Pagaminta i\u0161 laminuot\u0173 ir MDF plok\u0161\u010di\u0173 derinio, Stirlingo \u0105\u017euolo ir tamsiai juodos spalvos atspalvi\u0173, ji pasi\u017eymi modernaus dizaino vir\u0161\u016bne. \u201eMonaco MOAS02\u201c spinta pasi\u017eymi \u012fsp\u016bdingais matmenimis \u2013 205,6 cm plo\u010dio, 215,3 cm auk\u0161\u010dio ir 65,1 cm gylio \u2013 tod\u0117l joje yra daug vietos j\u016bs\u0173 spintai susid\u0117ti. Atidarius keturias duris, atsiveria prakti\u0161kai i\u0161d\u0117stytos ni\u0161os ir drabu\u017ei\u0173 kabykla, kuri\u0105 galima efektyviai ap\u0161viesti pasirenkamu LED ap\u0161vietimu. Dar viena apgalvota detal\u0117 \u2013 spintos centre \u012fmontuotas veidrodis \u2013 ne tik prakti\u0161kas priedas, bet ir vizualinis triukas, suteikiantis kambariui erdvumo \u012fsp\u016bd\u012f. Nesvarbu, ar j\u016bs\u0173 kolekcij\u0105 daugiausia sudaro vakarin\u0117s suknel\u0117s, eleganti\u0161ki kostium\u0117liai, ar laisvalaikio drabu\u017eiai, \u0161velnaus u\u017edarymo sistema u\u017etikrina, kad kiekvienas spintos atidarymas ir u\u017edarymas b\u016bt\u0173 tylus. Be to, metalin\u0117s rankenos suteikia modernumo ir garantuoja patog\u0173 naudojim\u0105.<\/p>","protected":false},"excerpt":{"rendered":"<p>Plotis (cm): 205,6<br \/>\n\u016agis (cm): 215,3<br \/>\nGylis (cm): 65,1<\/p>","protected":false},"featured_media":164463,"comment_status":"open","ping_status":"open","template":"","meta":[],"product_brand":[],"product_cat":[9461,4107,1177],"product_tag":[],"class_list":{"0":"post-164462","1":"product","2":"type-product","3":"status-publish","4":"has-post-thumbnail","6":"product_cat-furniture-system-monaco-wojcik-meble","7":"product_cat-meble-wojcik","8":"product_cat-wardrobes","10":"first","11":"instock","12":"purchasable","13":"product-type-simple"},"_links":{"self":[{"href":"https:\/\/baldumarket.lt\/lt\/wp-json\/wp\/v2\/product\/164462","targetHints":{"allow":["GET"]}}],"collection":[{"href":"https:\/\/baldumarket.lt\/lt\/wp-json\/wp\/v2\/product"}],"about":[{"href":"https:\/\/baldumarket.lt\/lt\/wp-json\/wp\/v2\/types\/product"}],"replies":[{"embeddable":true,"href":"https:\/\/baldumarket.lt\/lt\/wp-json\/wp\/v2\/comments?post=164462"}],"wp:featuredmedia":[{"embeddable":true,"href":"https:\/\/baldumarket.lt\/lt\/wp-json\/wp\/v2\/media\/164463"}],"wp:attachment":[{"href":"https:\/\/baldumarket.lt\/lt\/wp-json\/wp\/v2\/media?parent=164462"}],"wp:term":[{"taxonomy":"product_brand","embeddable":true,"href":"https:\/\/baldumarket.lt\/lt\/wp-json\/wp\/v2\/product_brand?post=164462"},{"taxonomy":"product_cat","embeddable":true,"href":"https:\/\/baldumarket.lt\/lt\/wp-json\/wp\/v2\/product_cat?post=164462"},{"taxonomy":"product_tag","embeddable":true,"href":"https:\/\/baldumarket.lt\/lt\/wp-json\/wp\/v2\/product_tag?post=164462"}],"curies":[{"name":"wp","href":"https:\/\/api.w.org\/{rel}","templated":true}]}}