{"id":164458,"date":"2025-12-19T13:25:22","date_gmt":"2025-12-19T10:25:22","guid":{"rendered":"https:\/\/baldumarket.lt\/product\/merano-meog02-szafka-na-buty-2-drzwiowa-wysoka-biala\/"},"modified":"2026-04-06T19:47:35","modified_gmt":"2026-04-06T16:47:35","slug":"merano-meog02-szafka-na-buty-2-drzwiowa-wysoka-biala","status":"publish","type":"product","link":"https:\/\/baldumarket.lt\/lt\/product\/merano-meog02-szafka-na-buty-2-drzwiowa-wysoka-biala\/","title":{"rendered":"Merano MEOG02 &#8211; Auk\u0161ta 2 dur\u0173 bat\u0173 spintel\u0117, balta"},"content":{"rendered":"<p>Sukurta tiems, kurie vertina i\u0161skirtin\u0119 elegancij\u0105 kasdieniame naudojime, \u201eMerano MEOG02\u201c \u2013 auk\u0161ta balta dviej\u0173 dur\u0173 bat\u0173 spintel\u0117 \u2013 tai baldas, puikiai atitinkantis net ir reikliausio interjero reikalavimus. \u0160i bat\u0173 spintel\u0117 yra klasikinis prie\u0161kambario aksesuaras, kuriame funkcionalumas dera su i\u0161skirtiniu dizainu.<br \/>\n\u0160i \u201eMerano\u201c kolekcijos spintel\u0117 i\u0161siskiria apgalvotu dizainu ir \u012fsp\u016bdinga talpa, tod\u0117l yra ne tik prakti\u0161kas daiktas, bet ir reik\u0161mingas dekoratyvinis elementas bet kuriame interjere. 89,9 cm plo\u010dio, 120 cm auk\u0161\u010dio ir 36 cm gylio, ji lengvai randa savo viet\u0105 net ir ma\u017eose erdv\u0117se, si\u016blydama patog\u0173 bat\u0173 laikym\u0105.<br \/>\nKruop\u0161\u010diai apgalvota ir kruop\u0161\u010diai pagaminta \u201eMerano\u201c bat\u0173 spintel\u0117 pagaminta i\u0161 laminuotos med\u017eio dro\u017eli\u0173 plok\u0161t\u0117s ir auk\u0161tos kokyb\u0117s MDF, u\u017etikrinant patvarum\u0105 ir atsparum\u0105 kasdieniam d\u0117v\u0117jimuisi. Moderni forma su blizgia balta apdaila suteiks j\u016bs\u0173 prie\u0161kambariui gaivumo, tvarkos ir erdv\u0117s. MDF priekin\u0117s dalys yra reljefin\u0117s, suteikdamos spintelei unikali\u0105 ir moderni\u0105 i\u0161vaizd\u0105. Plastikin\u0117s rankenos ir kojel\u0117s subtiliai papildo bendr\u0105 dizain\u0105, ne tik palengvindamos valdym\u0105, bet ir papildydamos minimalistin\u012f baldo charakter\u012f. Pasl\u0117pti vyriai u\u017etikrina tyl\u0173 ir patog\u0173 dur\u0173 atidarym\u0105.<br \/>\n\u201eMerano\u201c bat\u0173 spintel\u0117 \u2013 puikus pasirinkimas ie\u0161kantiems bald\u0173, kurie der\u0117t\u0173 prie \u012fvairi\u0173 stili\u0173 \u2013 nuo modernaus, prabangaus iki \u201eHamptons\u201c stiliaus. D\u0117l universalios spalv\u0173 gamos ir formos ji puikiai dera su paprastais, lygiais pavir\u0161iais, taip pat su aksesuarais, tokiais kaip eleganti\u0161ki tapetai, fototapetai ar sien\u0173 plok\u0161t\u0117s i\u0161 tos pa\u010dios kolekcijos.<br \/>\nNesvarbu, ar renovuojate savo prie\u0161kambar\u012f nuo nulio, ar norite atnaujinti jo i\u0161vaizd\u0105, auk\u0161ta, balta, dviej\u0173 dur\u0173 \u201eMerano\u201c bat\u0173 spintel\u0117 yra sprendimas, kuris puikiai tarnaus jums ilgus metus tiek funkcionalumo, tiek i\u0161skirtinio dizaino prasme. Rinkit\u0117s \u201eMerano MEOG02\u201c ir tegul j\u016bs\u0173 prie\u0161kambaris kiekvien\u0105 dien\u0105 jus d\u017eiugina ir sako, kad jis jus sveikina, palikdamas nepaprastos estetikos ir harmonijos \u012fsp\u016bd\u012f.<\/p>","protected":false},"excerpt":{"rendered":"<p>Plotis (cm): 89,9<br \/>\n\u016agis (cm): 120<br \/>\nGylis (cm): 36<\/p>","protected":false},"featured_media":164459,"comment_status":"open","ping_status":"open","template":"","meta":[],"product_brand":[],"product_cat":[9490,4107,1997],"product_tag":[],"class_list":{"0":"post-164458","1":"product","2":"type-product","3":"status-publish","4":"has-post-thumbnail","6":"product_cat-furniture-system-merano-wojcik-meble","7":"product_cat-meble-wojcik","8":"product_cat-shoe-cabinets","10":"first","11":"instock","12":"purchasable","13":"product-type-simple"},"_links":{"self":[{"href":"https:\/\/baldumarket.lt\/lt\/wp-json\/wp\/v2\/product\/164458","targetHints":{"allow":["GET"]}}],"collection":[{"href":"https:\/\/baldumarket.lt\/lt\/wp-json\/wp\/v2\/product"}],"about":[{"href":"https:\/\/baldumarket.lt\/lt\/wp-json\/wp\/v2\/types\/product"}],"replies":[{"embeddable":true,"href":"https:\/\/baldumarket.lt\/lt\/wp-json\/wp\/v2\/comments?post=164458"}],"wp:featuredmedia":[{"embeddable":true,"href":"https:\/\/baldumarket.lt\/lt\/wp-json\/wp\/v2\/media\/164459"}],"wp:attachment":[{"href":"https:\/\/baldumarket.lt\/lt\/wp-json\/wp\/v2\/media?parent=164458"}],"wp:term":[{"taxonomy":"product_brand","embeddable":true,"href":"https:\/\/baldumarket.lt\/lt\/wp-json\/wp\/v2\/product_brand?post=164458"},{"taxonomy":"product_cat","embeddable":true,"href":"https:\/\/baldumarket.lt\/lt\/wp-json\/wp\/v2\/product_cat?post=164458"},{"taxonomy":"product_tag","embeddable":true,"href":"https:\/\/baldumarket.lt\/lt\/wp-json\/wp\/v2\/product_tag?post=164458"}],"curies":[{"name":"wp","href":"https:\/\/api.w.org\/{rel}","templated":true}]}}