{"id":164454,"date":"2025-12-19T13:25:13","date_gmt":"2025-12-19T10:25:13","guid":{"rendered":"https:\/\/baldumarket.lt\/product\/merano-meog01-szafka-na-buty-3-drzwiowa-biala\/"},"modified":"2026-04-06T19:47:35","modified_gmt":"2026-04-06T16:47:35","slug":"merano-meog01-szafka-na-buty-3-drzwiowa-biala","status":"publish","type":"product","link":"https:\/\/baldumarket.lt\/lt\/product\/merano-meog01-szafka-na-buty-3-drzwiowa-biala\/","title":{"rendered":"Merano MEOG01 &#8211; 3 dur\u0173 bat\u0173 spintel\u0117, balta"},"content":{"rendered":"<p>Stilingas ir funkcionalus dizainas dera su apgalvota daikt\u0173 laikymo sistema \u2013 tai \u201eMerano MEOG01\u201c \u2013 balta trij\u0173 dur\u0173 bat\u0173 spintel\u0117, kuri j\u016bs\u0173 prie\u0161kambariui suteiks tvarkos ir elegancijos. Sukurta galvojant apie modern\u0173 interjer\u0105, ji ne tik atlieka savo pagrindin\u0119 funkcij\u0105, bet ir yra ne ma\u017eiau svarbus dekoratyvinis elementas.<br \/>\nAuk\u0161tos kokyb\u0117s laminuotos med\u017eio dro\u017eli\u0173 plok\u0161t\u0117s ir MDF naudojimas u\u017etikrina patvarum\u0105 ir atsparum\u0105 \u012fbr\u0117\u017eimams. Baltos apdailos estetika \u2013 Alpi\u0173 baltumo korpusas ir subtiliai blizgus priekis \u2013 suteikia spintelei lengvumo ir gaivos poj\u016bt\u012f, puikiai tinkant\u012f \u012fvairiems aksesuarams.<br \/>\nEleganti\u0161kos plastikin\u0117s rankenos ir pasl\u0117pti vyriai u\u017etikrina patog\u0173 naudojim\u0105 ir tyl\u0173 dureli\u0173 veikim\u0105. Taip pat yra plastikin\u0117s kojel\u0117s, kurios u\u017etikrina didesn\u012f stabilum\u0105 ir dar labiau supaprastina valym\u0105.<br \/>\nSukurtas su \u017eavesiu, \u201eMerano MEOG01\u201c, kurio plotis \u2013 134,8 cm, auk\u0161tis \u2013 120 cm, o gylis \u2013 36 cm, si\u016blo daug vietos bat\u0173 laikymui. Trij\u0173 dureli\u0173 priekis suteikia bet kokiai bat\u0173 kolekcijai tvarkos, leid\u017eia i\u0161laikyti estetik\u0105 ir tvark\u0105 neprarandant grind\u0173 ploto.<br \/>\nModernus \u0161ios spintel\u0117s estetinis stilius idealiai tinka ne tik minimalizmo m\u0117g\u0117jams, bet ir tiems, kurie m\u0117gsta \u201eHamptons\u201c stili\u0173 ar \u017eaves\u012f. Puikiai deranti su \u201eMerano\u201c serija, ji leid\u017eia sukurti darn\u0173 ir funkcional\u0173 prie\u0161kambar\u012f, kuriame kiekvienas baldas atlieka savo paskirt\u012f ir yra stilingas.<br \/>\nNesvarbu, ar norite sukurti \u0161viesos ir erdv\u0117s oaz\u0119, ar ie\u0161kote baldo, kuris tarnaut\u0173 kaip pagrindas sezoni\u0161kai besikei\u010diantiems dekoratyviniams akcentams, \u201eMerano MEOG01\u201c bat\u0173 spintel\u0117 yra pasirinkimas, kuris pasir\u016bpins kiekviena j\u016bs\u0173 interjero detale. \u012erengkite savo erdv\u0119 baldu, kuriame tiek pat d\u0117mesio skiriama formai, tiek funkcionalumui.<\/p>","protected":false},"excerpt":{"rendered":"<p>Plotis (cm): 134,8<br \/>\n\u016agis (cm): 120<br \/>\nGylis (cm): 36<\/p>","protected":false},"featured_media":164455,"comment_status":"open","ping_status":"open","template":"","meta":[],"product_brand":[],"product_cat":[9490,4107,1997],"product_tag":[],"class_list":{"0":"post-164454","1":"product","2":"type-product","3":"status-publish","4":"has-post-thumbnail","6":"product_cat-furniture-system-merano-wojcik-meble","7":"product_cat-meble-wojcik","8":"product_cat-shoe-cabinets","10":"first","11":"instock","12":"purchasable","13":"product-type-simple"},"_links":{"self":[{"href":"https:\/\/baldumarket.lt\/lt\/wp-json\/wp\/v2\/product\/164454","targetHints":{"allow":["GET"]}}],"collection":[{"href":"https:\/\/baldumarket.lt\/lt\/wp-json\/wp\/v2\/product"}],"about":[{"href":"https:\/\/baldumarket.lt\/lt\/wp-json\/wp\/v2\/types\/product"}],"replies":[{"embeddable":true,"href":"https:\/\/baldumarket.lt\/lt\/wp-json\/wp\/v2\/comments?post=164454"}],"wp:featuredmedia":[{"embeddable":true,"href":"https:\/\/baldumarket.lt\/lt\/wp-json\/wp\/v2\/media\/164455"}],"wp:attachment":[{"href":"https:\/\/baldumarket.lt\/lt\/wp-json\/wp\/v2\/media?parent=164454"}],"wp:term":[{"taxonomy":"product_brand","embeddable":true,"href":"https:\/\/baldumarket.lt\/lt\/wp-json\/wp\/v2\/product_brand?post=164454"},{"taxonomy":"product_cat","embeddable":true,"href":"https:\/\/baldumarket.lt\/lt\/wp-json\/wp\/v2\/product_cat?post=164454"},{"taxonomy":"product_tag","embeddable":true,"href":"https:\/\/baldumarket.lt\/lt\/wp-json\/wp\/v2\/product_tag?post=164454"}],"curies":[{"name":"wp","href":"https:\/\/api.w.org\/{rel}","templated":true}]}}