{"id":164448,"date":"2025-12-19T13:25:00","date_gmt":"2025-12-19T10:25:00","guid":{"rendered":"https:\/\/baldumarket.lt\/product\/lyon-lyov04p-witryna-prawostronna-2-drzwiowa-dab-riviera-jasna-biala\/"},"modified":"2026-02-08T17:54:25","modified_gmt":"2026-02-08T14:54:25","slug":"lyon-lyov04p-witryna-prawostronna-2-drzwiowa-dab-riviera-jasna-biala","status":"publish","type":"product","link":"https:\/\/baldumarket.lt\/lt\/product\/lyon-lyov04p-witryna-prawostronna-2-drzwiowa-dab-riviera-jasna-biala\/","title":{"rendered":"Lionas LYOV04P \u2013 De\u0161in\u0117s pus\u0117s 2 dur\u0173 vitrina, \u201eRiviera Oak\u201c \u0161viesi\/balta"},"content":{"rendered":"<p>Kvie\u010diame ap\u017ei\u016br\u0117ti m\u016bs\u0173 naujausi\u0105 pasi\u016blym\u0105 \u2013 \u017eem\u0105, dvidur\u0119 vitrin\u0105 \u201eLyon LYOV04P\u201c, kurios atspalviai \u2013 \u0161viesus \u201eRiviera Oak\u201c ir klasikin\u0117 balta. Ji i\u0161siskirs bet kuriame interjere ir suteiks jai modernumo. \u0160is baldas puikiai tiks i\u0161rankiems klientams, ie\u0161kantiems funkcionalumo ir subtilios elegancijos derinio. Jo matmenys \u2013 plotis 107,5 cm, auk\u0161tis 123,6 cm, gylis 42 cm \u2013 derinami su gerai apgalvotu dizainu. Tvirta konstrukcija, pagaminta i\u0161 auk\u0161tos kokyb\u0117s laminuotos plok\u0161t\u0117s, garantuoja ilgaam\u017ei\u0161kum\u0105 ir atsparum\u0105 kasdieniam naudojimui. Med\u017eiaga atspari \u012fbr\u0117\u017eimams, mechaniniams pa\u017eeidimams, dr\u0117gmei ir auk\u0161tai temperat\u016brai, tod\u0117l \u0161is baldas idealiai tinka tiek funkcionaliems, tiek reprezentatyviems nam\u0173 kampeliams. Vitrinos \u017eaves\u012f sustiprina moderni sistema be ranken\u0117li\u0173, kuri kartu su \u0161velniai u\u017esidaran\u010diais vyriais u\u017etikrina patog\u0173 ir tyl\u0173 veikim\u0105. Be to, eleganti\u0161ka vitrinos priekin\u0117 ir \u0161onin\u0117 dalys papuo\u0161tos gr\u016bdintu \u201eAntisol\u201c stiklu, kuris apsaugo turin\u012f nuo per dideli\u0173 saul\u0117s spinduli\u0173.<\/p>","protected":false},"excerpt":{"rendered":"<p>Plotis (cm): 107,5<br \/>\n\u016agis (cm): 123,6<br \/>\nGylis (cm): 42<\/p>","protected":false},"featured_media":164449,"comment_status":"open","ping_status":"open","template":"","meta":[],"product_brand":[],"product_cat":[9488,4107,2006],"product_tag":[],"class_list":{"0":"post-164448","1":"product","2":"type-product","3":"status-publish","4":"has-post-thumbnail","6":"product_cat-furniture-system-lyon-bright-wojcik-meble","7":"product_cat-meble-wojcik","8":"product_cat-vitrines","10":"first","11":"instock","12":"purchasable","13":"product-type-simple"},"_links":{"self":[{"href":"https:\/\/baldumarket.lt\/lt\/wp-json\/wp\/v2\/product\/164448","targetHints":{"allow":["GET"]}}],"collection":[{"href":"https:\/\/baldumarket.lt\/lt\/wp-json\/wp\/v2\/product"}],"about":[{"href":"https:\/\/baldumarket.lt\/lt\/wp-json\/wp\/v2\/types\/product"}],"replies":[{"embeddable":true,"href":"https:\/\/baldumarket.lt\/lt\/wp-json\/wp\/v2\/comments?post=164448"}],"wp:featuredmedia":[{"embeddable":true,"href":"https:\/\/baldumarket.lt\/lt\/wp-json\/wp\/v2\/media\/164449"}],"wp:attachment":[{"href":"https:\/\/baldumarket.lt\/lt\/wp-json\/wp\/v2\/media?parent=164448"}],"wp:term":[{"taxonomy":"product_brand","embeddable":true,"href":"https:\/\/baldumarket.lt\/lt\/wp-json\/wp\/v2\/product_brand?post=164448"},{"taxonomy":"product_cat","embeddable":true,"href":"https:\/\/baldumarket.lt\/lt\/wp-json\/wp\/v2\/product_cat?post=164448"},{"taxonomy":"product_tag","embeddable":true,"href":"https:\/\/baldumarket.lt\/lt\/wp-json\/wp\/v2\/product_tag?post=164448"}],"curies":[{"name":"wp","href":"https:\/\/api.w.org\/{rel}","templated":true}]}}