{"id":164442,"date":"2025-12-19T13:24:47","date_gmt":"2025-12-19T10:24:47","guid":{"rendered":"https:\/\/baldumarket.lt\/product\/lyon-lyov03p-witryna-prawostronna-1-drzwiowa-dab-riviera-jasna-biala\/"},"modified":"2026-02-08T17:54:25","modified_gmt":"2026-02-08T14:54:25","slug":"lyon-lyov03p-witryna-prawostronna-1-drzwiowa-dab-riviera-jasna-biala","status":"publish","type":"product","link":"https:\/\/baldumarket.lt\/lt\/product\/lyon-lyov03p-witryna-prawostronna-1-drzwiowa-dab-riviera-jasna-biala\/","title":{"rendered":"Lionas LYOV03P \u2013 De\u0161in\u0117 vitrina, 1 dur\u0173, \u201eRiviera Oak\u201c \u0161viesus\/baltas"},"content":{"rendered":"<p>Pristatome Jums fenomenali\u0105 ir funkcionali\u0105 auk\u0161t\u0105 vitrin\u0105 \u2013 tobul\u0105 eleganti\u0161k\u0105 bet kokio \u0161iuolaikinio interjero papildym\u0105. \u201eLyon LYOV03P\u201c \u2013 auk\u0161ta vitrina, 1 dur\u0173, \u201eRiviera Oak\u201c, \u0161viesi\/balta, patenkins net ir i\u0161rankiausi\u0173 dizaino entuziast\u0173 poreikius. 59,7 cm plotis, 198,1 cm auk\u0161tis ir 42 cm gylis daro \u0161i\u0105 vitrin\u0105 prakti\u0161k\u0105, ta\u010diau taupan\u010di\u0105 viet\u0105. \u0160is baldas \u017eavi moderniu stiliumi ir eleganti\u0161ka spalv\u0173 gama. Nat\u016bralaus \u201eRiviera Oak\u201c, \u0161viesios ir klasikin\u0117s baltos medienos atspalvio derinys sukuria harmoning\u0105 vaizd\u0105, kuris papildys \u012fvairius interjero dizainus. Laminuotos plok\u0161t\u0117s konstrukcija garantuoja patvarum\u0105 ir atsparum\u0105 kasdieniam naudojimui. Laminuota plok\u0161t\u0117 yra med\u017eiaga, atspari \u012fbr\u0117\u017eimams, pa\u017eeidimams ir net auk\u0161tai temperat\u016brai bei dr\u0117gmei. \u201eLyon LYOV03P\u201c buvo sukurta galvojant apie maksimal\u0173 komfort\u0105. D\u0117l sistemos be ranken\u0117li\u0173 ir novatori\u0161kos \u0161velnaus u\u017edarymo sistemos naudotis vitrina tampa tikru malonumu. \u0160velnus, bet saugus dureli\u0173 u\u017edarymas netrukdys niekam namuose, net nakt\u012f. Stiklinis priekis su gr\u016bdintu \u201eAntisol\u201c stiklu yra ne tik estetin\u0117 detal\u0117, bet ir apsaugo eksponuojamus daiktus nuo per didelio saul\u0117s spinduli\u0173 kiekio.<\/p>","protected":false},"excerpt":{"rendered":"<p>Plotis (cm): 59,7<br \/>\n\u016agis (cm): 198,1<br \/>\nGylis (cm): 42<\/p>","protected":false},"featured_media":164443,"comment_status":"open","ping_status":"open","template":"","meta":[],"product_brand":[],"product_cat":[9488,4107,2006],"product_tag":[],"class_list":{"0":"post-164442","1":"product","2":"type-product","3":"status-publish","4":"has-post-thumbnail","6":"product_cat-furniture-system-lyon-bright-wojcik-meble","7":"product_cat-meble-wojcik","8":"product_cat-vitrines","10":"first","11":"instock","12":"purchasable","13":"product-type-simple"},"_links":{"self":[{"href":"https:\/\/baldumarket.lt\/lt\/wp-json\/wp\/v2\/product\/164442","targetHints":{"allow":["GET"]}}],"collection":[{"href":"https:\/\/baldumarket.lt\/lt\/wp-json\/wp\/v2\/product"}],"about":[{"href":"https:\/\/baldumarket.lt\/lt\/wp-json\/wp\/v2\/types\/product"}],"replies":[{"embeddable":true,"href":"https:\/\/baldumarket.lt\/lt\/wp-json\/wp\/v2\/comments?post=164442"}],"wp:featuredmedia":[{"embeddable":true,"href":"https:\/\/baldumarket.lt\/lt\/wp-json\/wp\/v2\/media\/164443"}],"wp:attachment":[{"href":"https:\/\/baldumarket.lt\/lt\/wp-json\/wp\/v2\/media?parent=164442"}],"wp:term":[{"taxonomy":"product_brand","embeddable":true,"href":"https:\/\/baldumarket.lt\/lt\/wp-json\/wp\/v2\/product_brand?post=164442"},{"taxonomy":"product_cat","embeddable":true,"href":"https:\/\/baldumarket.lt\/lt\/wp-json\/wp\/v2\/product_cat?post=164442"},{"taxonomy":"product_tag","embeddable":true,"href":"https:\/\/baldumarket.lt\/lt\/wp-json\/wp\/v2\/product_tag?post=164442"}],"curies":[{"name":"wp","href":"https:\/\/api.w.org\/{rel}","templated":true}]}}