{"id":164436,"date":"2025-12-19T13:24:35","date_gmt":"2025-12-19T10:24:35","guid":{"rendered":"https:\/\/baldumarket.lt\/product\/lyon-lyov01p-witryna-prawostronna-1-drzwiowa-dab-riviera-jasna-biala\/"},"modified":"2026-04-06T19:21:29","modified_gmt":"2026-04-06T16:21:29","slug":"lyon-lyov01p-witryna-prawostronna-1-drzwiowa-dab-riviera-jasna-biala","status":"publish","type":"product","link":"https:\/\/baldumarket.lt\/lt\/product\/lyon-lyov01p-witryna-prawostronna-1-drzwiowa-dab-riviera-jasna-biala\/","title":{"rendered":"Lionas LYOV01P \u2013 De\u0161in\u0117 vitrina, 1 dur\u0173, \u201eRiviera Oak\u201c \u0161viesios\/baltos spalvos"},"content":{"rendered":"<p>Atraskite visi\u0161k\u0105 \u201eLyon LYOV01P\u201c vien\u0173 dureli\u0173 vitrinos elegancij\u0105 ir funkcionalum\u0105, kurios unikalus dizainas sujungia subtil\u0173 \u201eRiviera Light Oak\u201c \u0105\u017euol\u0105 su nesenstan\u010diu baltos spalvos grynumu. \u0160is i\u0161 dalies \u012fstiklintas vitrinos perlas d\u0117l savo matmen\u0173 (plotis: 59,7 cm, auk\u0161tis: 164,1 cm, gylis: 42 cm) puikiai tiks tiek erdviose, tiek jaukiose erdv\u0117se, sukurdamas unikali\u0105 atmosfer\u0105. I\u0161siskiriantis moderniu dizainu, \u201eLyon LYOV01P\u201c vitrina, kurios korpusas ir priekis pagaminti i\u0161 patvarios laminuotos med\u017eio dro\u017eli\u0173 plok\u0161t\u0117s, patenkina net ir reikliausi\u0173 vartotoj\u0173 poreikius. \u0160i med\u017eiaga atspari \u012fbr\u0117\u017eimams, pa\u017eeidimams, dr\u0117gmei ir auk\u0161tai temperat\u016brai, tod\u0117l j\u0105 bus galima naudoti ilg\u0105 laik\u0105, nesijaudinant d\u0117l jos b\u016bkl\u0117s. Vienas i\u0161 pagrindini\u0173 jos bruo\u017e\u0173 \u2013 sistema be ranken\u0117li\u0173, kuri palengvina dureli\u0173 atidarym\u0105 nenaudojant tradicini\u0173 ranken\u0173, pabr\u0117\u017eiant minimalistin\u012f ir modern\u0173 vitrinos charakter\u012f. Siekiant u\u017etikrinti dar didesn\u012f naudojimo komfort\u0105, naudojami \u0161velnaus u\u017edarymo vyriai, leid\u017eiantys durel\u0117ms u\u017esidaryti tyliai ir \u0161velniai.<\/p>","protected":false},"excerpt":{"rendered":"<p>Plotis (cm): 59,7<br \/>\n\u016agis (cm): 164,1<br \/>\nGylis (cm): 42<\/p>","protected":false},"featured_media":164437,"comment_status":"open","ping_status":"open","template":"","meta":[],"product_brand":[],"product_cat":[9488,866,4107],"product_tag":[],"class_list":{"0":"post-164436","1":"product","2":"type-product","3":"status-publish","4":"has-post-thumbnail","6":"product_cat-furniture-system-lyon-bright-wojcik-meble","7":"product_cat-coffee-tables","8":"product_cat-meble-wojcik","10":"first","11":"instock","12":"purchasable","13":"product-type-simple"},"_links":{"self":[{"href":"https:\/\/baldumarket.lt\/lt\/wp-json\/wp\/v2\/product\/164436","targetHints":{"allow":["GET"]}}],"collection":[{"href":"https:\/\/baldumarket.lt\/lt\/wp-json\/wp\/v2\/product"}],"about":[{"href":"https:\/\/baldumarket.lt\/lt\/wp-json\/wp\/v2\/types\/product"}],"replies":[{"embeddable":true,"href":"https:\/\/baldumarket.lt\/lt\/wp-json\/wp\/v2\/comments?post=164436"}],"wp:featuredmedia":[{"embeddable":true,"href":"https:\/\/baldumarket.lt\/lt\/wp-json\/wp\/v2\/media\/164437"}],"wp:attachment":[{"href":"https:\/\/baldumarket.lt\/lt\/wp-json\/wp\/v2\/media?parent=164436"}],"wp:term":[{"taxonomy":"product_brand","embeddable":true,"href":"https:\/\/baldumarket.lt\/lt\/wp-json\/wp\/v2\/product_brand?post=164436"},{"taxonomy":"product_cat","embeddable":true,"href":"https:\/\/baldumarket.lt\/lt\/wp-json\/wp\/v2\/product_cat?post=164436"},{"taxonomy":"product_tag","embeddable":true,"href":"https:\/\/baldumarket.lt\/lt\/wp-json\/wp\/v2\/product_tag?post=164436"}],"curies":[{"name":"wp","href":"https:\/\/api.w.org\/{rel}","templated":true}]}}