{"id":164430,"date":"2025-12-19T13:24:22","date_gmt":"2025-12-19T10:24:22","guid":{"rendered":"https:\/\/baldumarket.lt\/product\/lyon-lyot01-stolik-dab-riviera-jasny-bialy\/"},"modified":"2026-04-06T19:21:29","modified_gmt":"2026-04-06T16:21:29","slug":"lyon-lyot01-stolik-dab-riviera-jasny-bialy","status":"publish","type":"product","link":"https:\/\/baldumarket.lt\/lt\/product\/lyon-lyot01-stolik-dab-riviera-jasny-bialy\/","title":{"rendered":"Lionas LYOT01 \u2013 Riviera \u0105\u017euolo stalo \u0161viestuvas \/ baltas"},"content":{"rendered":"<p>Lyon LYOT01 \u2013 \u201eRiviera Oak\u201c \u0161viesus\/baltas \u0161oninis staliukas \u2013 \u0161is unikalus baldas yra elegancijos ir funkcionalumo derinio kvintesencija. Tai puikus kompanionas kasdien\u0117ms poilsio akimirkoms ir ne\u012fkainojama atrama vakar\u0117liuose ar \u0161eimos susib\u016brimuose. \u201eLyon LYOT01\u201c yra ne tik baldas, bet ir dekoratyvinis elementas, kuris suteiks j\u016bs\u0173 interjerui modernumo. Ry\u0161kiai balta spalva ir subtil\u016bs \u201eRiviera Oak\u201c atspalviai leid\u017eia stalui lengvai prisitaikyti prie \u012fvairi\u0173 i\u0161d\u0117stym\u0173, i\u0161laikant unikal\u0173 charakter\u012f. Sukurtas tiems, kurie m\u0117gsta subtil\u0173 nat\u016brali\u0173 spalv\u0173 ir minimalistinio dizaino derin\u012f, jis puikiai atrodys tiek moderniose svetain\u0117se, tiek skandinavi\u0161ku ar tradiciniu stiliumi dekoruotuose kambariuose. \u012esp\u016bding\u0173 matmen\u0173 \u2013 plotis 105,6 cm, auk\u0161tis 37,2 cm ir gylis 68,1 cm \u2013 \u201eLyon LYOT01\u201c bus tobulas poilsio centras j\u016bs\u0173 svetain\u0117je. Pasirink\u0119 \u0161\u012f stal\u0105, galite b\u016bti tikri, kad kiekvienas daiktas, nuo nuotolinio valdymo pulto iki popietinio skaitymo, ras savo viet\u0105 prakti\u0161koje lentynoje su \u0161onine sienele, esan\u010dia po stalvir\u0161iu.<\/p>","protected":false},"excerpt":{"rendered":"<p>Plotis (cm): 105,6<br \/>\n\u016agis (cm): 37,2<br \/>\nGylis (cm): 68,1<\/p>","protected":false},"featured_media":164431,"comment_status":"open","ping_status":"open","template":"","meta":[],"product_brand":[],"product_cat":[9488,866,4107],"product_tag":[],"class_list":{"0":"post-164430","1":"product","2":"type-product","3":"status-publish","4":"has-post-thumbnail","6":"product_cat-furniture-system-lyon-bright-wojcik-meble","7":"product_cat-coffee-tables","8":"product_cat-meble-wojcik","10":"first","11":"instock","12":"purchasable","13":"product-type-simple"},"_links":{"self":[{"href":"https:\/\/baldumarket.lt\/lt\/wp-json\/wp\/v2\/product\/164430","targetHints":{"allow":["GET"]}}],"collection":[{"href":"https:\/\/baldumarket.lt\/lt\/wp-json\/wp\/v2\/product"}],"about":[{"href":"https:\/\/baldumarket.lt\/lt\/wp-json\/wp\/v2\/types\/product"}],"replies":[{"embeddable":true,"href":"https:\/\/baldumarket.lt\/lt\/wp-json\/wp\/v2\/comments?post=164430"}],"wp:featuredmedia":[{"embeddable":true,"href":"https:\/\/baldumarket.lt\/lt\/wp-json\/wp\/v2\/media\/164431"}],"wp:attachment":[{"href":"https:\/\/baldumarket.lt\/lt\/wp-json\/wp\/v2\/media?parent=164430"}],"wp:term":[{"taxonomy":"product_brand","embeddable":true,"href":"https:\/\/baldumarket.lt\/lt\/wp-json\/wp\/v2\/product_brand?post=164430"},{"taxonomy":"product_cat","embeddable":true,"href":"https:\/\/baldumarket.lt\/lt\/wp-json\/wp\/v2\/product_cat?post=164430"},{"taxonomy":"product_tag","embeddable":true,"href":"https:\/\/baldumarket.lt\/lt\/wp-json\/wp\/v2\/product_tag?post=164430"}],"curies":[{"name":"wp","href":"https:\/\/api.w.org\/{rel}","templated":true}]}}