{"id":164424,"date":"2025-12-19T13:24:08","date_gmt":"2025-12-19T10:24:08","guid":{"rendered":"https:\/\/baldumarket.lt\/product\/lyon-lyov01l-witryna-lewostronna-1-drzwiowa-dab-riviera-jasna-biala\/"},"modified":"2026-02-08T17:54:13","modified_gmt":"2026-02-08T14:54:13","slug":"lyon-lyov01l-witryna-lewostronna-1-drzwiowa-dab-riviera-jasna-biala","status":"publish","type":"product","link":"https:\/\/baldumarket.lt\/lt\/product\/lyon-lyov01l-witryna-lewostronna-1-drzwiowa-dab-riviera-jasna-biala\/","title":{"rendered":"Lionas LYOV01L \u2013 Kairin\u0117 vitrina, 1 dur\u0173, \u201eRiviera Oak\u201c \u0161viesus\/baltas"},"content":{"rendered":"<p>Atraskite elegancijos ir funkcionalumo magij\u0105 su vien\u0173 dureli\u0173 vitrina \u201eLyon LYOV01L\u201c, kuri meistri\u0161kai sujungia klasikin\u012f \u201eRiviera\u201c \u0105\u017euolo \u017eaves\u012f su moderniu dizainu. \u0160is rafinuotas ir prakti\u0161kas j\u016bs\u0173 nam\u0173 papildymas suteiks j\u016bs\u0173 erdvei unikalaus charakterio, papildydamas \u012fvairius interjero dizainus. Jo matmenys \u2013 plotis 59,7 cm, auk\u0161tis 164,1 cm ir gylis 42 cm \u2013 garantuoja ideal\u0173 i\u0161d\u0117stym\u0105 net ir ma\u017eose erdv\u0117se. Jis sukurtas tiems, kurie vertina ne tik estetik\u0105, bet ir kokyb\u0119 bei ilgaam\u017ei\u0161kum\u0105. Subtilus \u201eRiviera Light Oak\u201c atspalvis harmoningai dera su balta spalva, suteikdamas vitrinai nat\u016bralumo ir lengvumo poj\u016bt\u012f. Visa konstrukcija pagaminta i\u0161 tvirtos laminuotos plok\u0161t\u0117s \u2013 med\u017eiagos, atnaujintos, kad b\u016bt\u0173 atsparios \u012fbr\u0117\u017eimams, pa\u017eeidimams, dr\u0117gmei ir auk\u0161tai temperat\u016brai. \u0160iuolaikinio stiliaus paprastum\u0105 ir minimalizm\u0105 pabr\u0117\u017eia sistema be ranken\u0117li\u0173, kuri palengvina kasdien\u012f naudojim\u0105 ir suteikia baldams eleganti\u0161k\u0105 i\u0161vaizd\u0105.<\/p>","protected":false},"excerpt":{"rendered":"<p>Plotis (cm): 59,7<br \/>\n\u016agis (cm): 164,1<br \/>\nGylis (cm): 42<\/p>","protected":false},"featured_media":164425,"comment_status":"open","ping_status":"open","template":"","meta":[],"product_brand":[],"product_cat":[9488,4107,2006],"product_tag":[],"class_list":{"0":"post-164424","1":"product","2":"type-product","3":"status-publish","4":"has-post-thumbnail","6":"product_cat-furniture-system-lyon-bright-wojcik-meble","7":"product_cat-meble-wojcik","8":"product_cat-vitrines","10":"first","11":"instock","12":"purchasable","13":"product-type-simple"},"_links":{"self":[{"href":"https:\/\/baldumarket.lt\/lt\/wp-json\/wp\/v2\/product\/164424","targetHints":{"allow":["GET"]}}],"collection":[{"href":"https:\/\/baldumarket.lt\/lt\/wp-json\/wp\/v2\/product"}],"about":[{"href":"https:\/\/baldumarket.lt\/lt\/wp-json\/wp\/v2\/types\/product"}],"replies":[{"embeddable":true,"href":"https:\/\/baldumarket.lt\/lt\/wp-json\/wp\/v2\/comments?post=164424"}],"wp:featuredmedia":[{"embeddable":true,"href":"https:\/\/baldumarket.lt\/lt\/wp-json\/wp\/v2\/media\/164425"}],"wp:attachment":[{"href":"https:\/\/baldumarket.lt\/lt\/wp-json\/wp\/v2\/media?parent=164424"}],"wp:term":[{"taxonomy":"product_brand","embeddable":true,"href":"https:\/\/baldumarket.lt\/lt\/wp-json\/wp\/v2\/product_brand?post=164424"},{"taxonomy":"product_cat","embeddable":true,"href":"https:\/\/baldumarket.lt\/lt\/wp-json\/wp\/v2\/product_cat?post=164424"},{"taxonomy":"product_tag","embeddable":true,"href":"https:\/\/baldumarket.lt\/lt\/wp-json\/wp\/v2\/product_tag?post=164424"}],"curies":[{"name":"wp","href":"https:\/\/api.w.org\/{rel}","templated":true}]}}