{"id":164418,"date":"2025-12-19T13:23:55","date_gmt":"2025-12-19T10:23:55","guid":{"rendered":"https:\/\/baldumarket.lt\/product\/lyon-lyop01-polka-wiszaca-120-dab-riviera-jasna-biala\/"},"modified":"2026-04-06T19:21:29","modified_gmt":"2026-04-06T16:21:29","slug":"lyon-lyop01-polka-wiszaca-120-dab-riviera-jasna-biala","status":"publish","type":"product","link":"https:\/\/baldumarket.lt\/lt\/product\/lyon-lyop01-polka-wiszaca-120-dab-riviera-jasna-biala\/","title":{"rendered":"Lyon LYOP01 &#8211; Pakabinama lentyna 120 Riviera \u0105\u017euolas \u0161viesus\/baltas"},"content":{"rendered":"<p>Kvie\u010diame atrasti unikali\u0105 \u201eLyon LYOP01\u201c lentyn\u0105, kuri savo subtilia elegancija ir funkcionalumu prad\u017eiugins prakti\u0161ko dizaino m\u0117g\u0117jus. \u0160i 119,9 cm plo\u010dio, 24,8 cm auk\u0161\u010dio ir 20 cm gylio lentyna yra ne tik vertingas j\u016bs\u0173 interjero papildymas, bet ir prakti\u0161kas sprendimas tvarkai palaikyti bei m\u0117gstamiausiems daiktams eksponuoti. Naudotos med\u017eiagos, tokios kaip auk\u0161tos kokyb\u0117s laminuota plok\u0161t\u0117, garantuoja ilgalaik\u012f naudojim\u0105 ir lengv\u0105 valym\u0105. Eleganti\u0161kas \u0161viesaus \u201eRiviera Oak\u201c atspalvis kartu su gryna, klasikine balta spalva puikiai dera su \u012fvairiais interjero dizainais \u2013 nuo skandinavi\u0161k\u0173 iki modernistini\u0173 erdvi\u0173. Modern\u0173 \u0161ios lentynos stili\u0173 pabr\u0117\u017eia paprastos linijos ir minimalistin\u0117 spalv\u0173 gama, tod\u0117l ji tinka beveik bet kokiam kambariui. \u0160onin\u0117 sienel\u0117, pagaminta i\u0161 laminuotos med\u017eio dro\u017eli\u0173 plok\u0161t\u0117s, yra ne tik dekoratyvinis elementas, bet ir funkcin\u0117 savyb\u0117, apsauganti nuo nety\u010dinio ant jos eksponuojam\u0173 daikt\u0173 apvirtimo, tod\u0117l \u201eLyon LYOP01\u201c yra saugus pasirinkimas bet kokiems namams.<\/p>","protected":false},"excerpt":{"rendered":"<p>Plotis (cm): 119,9<br \/>\n\u016agis (cm): 24,8<br \/>\nGylis (cm): 20<\/p>","protected":false},"featured_media":164419,"comment_status":"open","ping_status":"open","template":"","meta":[],"product_brand":[],"product_cat":[9488,1174,4107],"product_tag":[],"class_list":{"0":"post-164418","1":"product","2":"type-product","3":"status-publish","4":"has-post-thumbnail","6":"product_cat-furniture-system-lyon-bright-wojcik-meble","7":"product_cat-hanging-shelves","8":"product_cat-meble-wojcik","10":"first","11":"instock","12":"purchasable","13":"product-type-simple"},"_links":{"self":[{"href":"https:\/\/baldumarket.lt\/lt\/wp-json\/wp\/v2\/product\/164418","targetHints":{"allow":["GET"]}}],"collection":[{"href":"https:\/\/baldumarket.lt\/lt\/wp-json\/wp\/v2\/product"}],"about":[{"href":"https:\/\/baldumarket.lt\/lt\/wp-json\/wp\/v2\/types\/product"}],"replies":[{"embeddable":true,"href":"https:\/\/baldumarket.lt\/lt\/wp-json\/wp\/v2\/comments?post=164418"}],"wp:featuredmedia":[{"embeddable":true,"href":"https:\/\/baldumarket.lt\/lt\/wp-json\/wp\/v2\/media\/164419"}],"wp:attachment":[{"href":"https:\/\/baldumarket.lt\/lt\/wp-json\/wp\/v2\/media?parent=164418"}],"wp:term":[{"taxonomy":"product_brand","embeddable":true,"href":"https:\/\/baldumarket.lt\/lt\/wp-json\/wp\/v2\/product_brand?post=164418"},{"taxonomy":"product_cat","embeddable":true,"href":"https:\/\/baldumarket.lt\/lt\/wp-json\/wp\/v2\/product_cat?post=164418"},{"taxonomy":"product_tag","embeddable":true,"href":"https:\/\/baldumarket.lt\/lt\/wp-json\/wp\/v2\/product_tag?post=164418"}],"curies":[{"name":"wp","href":"https:\/\/api.w.org\/{rel}","templated":true}]}}