{"id":164412,"date":"2025-12-19T13:23:42","date_gmt":"2025-12-19T10:23:42","guid":{"rendered":"https:\/\/baldumarket.lt\/product\/lyon-lyot03-stol-rozkladany-dab-riviera-jasny-bialy\/"},"modified":"2026-04-06T19:21:29","modified_gmt":"2026-04-06T16:21:29","slug":"lyon-lyot03-stol-rozkladany-dab-riviera-jasny-bialy","status":"publish","type":"product","link":"https:\/\/baldumarket.lt\/lt\/product\/lyon-lyot03-stol-rozkladany-dab-riviera-jasny-bialy\/","title":{"rendered":"Lyon LYOT03 \u2013 Riviera Oak i\u0161traukiamas stalinis \u0161viestuvas \/ baltas"},"content":{"rendered":"<p>Atraskite nauj\u0105 dimensij\u0105 bendriems valgymams ir susib\u016brimams su \u0161eima ar draugais prie \u201eLyon LYOT03\u201c stalo \u2013 ry\u0161kus \u201eRiviera\u201c \u0105\u017euolo ir grynos baltos spalvos derinys, kuris traukia d\u0117mes\u012f ir suteikia j\u016bs\u0173 interjerui modernaus elegancijos. \u0160is stalas, tap\u0119s jaukiu j\u016bs\u0173 valgomojo ar svetain\u0117s centriniu elementu, yra daugiau nei tiesiog baldas. Tai nam\u0173 \u0161irdis, kur bendros akimirkos \u012fgauna gilesn\u0119 prasm\u0119. \u201eLyon\u201c stalas i\u0161 LYOT03 kolekcijos buvo sukurtas erdv\u0117ms, kuriose modernumas susipina su funkcionalumu. Paprastas, ta\u010diau rafinuotas dizainas daro \u0161\u012f stal\u0105 fantasti\u0161kai tinkant\u012f bet kokiam moderniam interjerui. \u0160is modelis i\u0161siskiria savo 140\u2013180 cm plo\u010diu, kai i\u0161skleistas, garantuodamas patogias s\u0105lygas \u0161eimai ir draugams, o 85 cm stalvir\u0161io gylis leid\u017eia lanks\u010diai i\u0161d\u0117styti valgomojo zon\u0105. \u0160viesus stalas, apdailintas \u201eRiviera\u201c \u0105\u017euolo apdaila, suteikia \u0161ilumos ir nat\u016bralumo, kurio reikia kiekvienam interjerui. \u0160ios detal\u0117s kartu su baltais r\u0117mo elementais sukuria unikali\u0105 estetik\u0105, kuri patiks net ir i\u0161rankiausiems dizaino entuziastams. 76,5 cm auk\u0161tis puikiai tinka patogiam naudojimui tiek stovint, tiek s\u0117dint susib\u016brimuose.<\/p>","protected":false},"excerpt":{"rendered":"<p>Plotis (cm): 140\u2013180<br \/>\n\u016agis (cm): 76,5<br \/>\nGylis (cm): 85<\/p>","protected":false},"featured_media":164413,"comment_status":"open","ping_status":"open","template":"","meta":[],"product_brand":[],"product_cat":[9488,4107,1934],"product_tag":[],"class_list":{"0":"post-164412","1":"product","2":"type-product","3":"status-publish","4":"has-post-thumbnail","6":"product_cat-furniture-system-lyon-bright-wojcik-meble","7":"product_cat-meble-wojcik","8":"product_cat-tables","10":"first","11":"instock","12":"purchasable","13":"product-type-simple"},"_links":{"self":[{"href":"https:\/\/baldumarket.lt\/lt\/wp-json\/wp\/v2\/product\/164412","targetHints":{"allow":["GET"]}}],"collection":[{"href":"https:\/\/baldumarket.lt\/lt\/wp-json\/wp\/v2\/product"}],"about":[{"href":"https:\/\/baldumarket.lt\/lt\/wp-json\/wp\/v2\/types\/product"}],"replies":[{"embeddable":true,"href":"https:\/\/baldumarket.lt\/lt\/wp-json\/wp\/v2\/comments?post=164412"}],"wp:featuredmedia":[{"embeddable":true,"href":"https:\/\/baldumarket.lt\/lt\/wp-json\/wp\/v2\/media\/164413"}],"wp:attachment":[{"href":"https:\/\/baldumarket.lt\/lt\/wp-json\/wp\/v2\/media?parent=164412"}],"wp:term":[{"taxonomy":"product_brand","embeddable":true,"href":"https:\/\/baldumarket.lt\/lt\/wp-json\/wp\/v2\/product_brand?post=164412"},{"taxonomy":"product_cat","embeddable":true,"href":"https:\/\/baldumarket.lt\/lt\/wp-json\/wp\/v2\/product_cat?post=164412"},{"taxonomy":"product_tag","embeddable":true,"href":"https:\/\/baldumarket.lt\/lt\/wp-json\/wp\/v2\/product_tag?post=164412"}],"curies":[{"name":"wp","href":"https:\/\/api.w.org\/{rel}","templated":true}]}}