{"id":164406,"date":"2025-12-19T13:23:30","date_gmt":"2025-12-19T10:23:30","guid":{"rendered":"https:\/\/baldumarket.lt\/product\/lyon-lyos01-szafa-2-drzwiowa-dab-riviera-jasna-biala\/"},"modified":"2026-04-06T19:21:18","modified_gmt":"2026-04-06T16:21:18","slug":"lyon-lyos01-szafa-2-drzwiowa-dab-riviera-jasna-biala","status":"publish","type":"product","link":"https:\/\/baldumarket.lt\/lt\/product\/lyon-lyos01-szafa-2-drzwiowa-dab-riviera-jasna-biala\/","title":{"rendered":"Lyon LYOS01 &#8211; Dviej\u0173 dur\u0173 spinta Riviera Oak \u0161viesus\/baltas"},"content":{"rendered":"<p>Pasinerkite \u012f elegancijos ir modernumo pasaul\u012f su \u201eLyon LYOS01\u201c spinta \u2013 prakti\u0161ku ir stilingu sprendimu j\u016bs\u0173 miegamajam ar prie\u0161kambariui. D\u0117l rafinuoto \u0161viesaus \u201eRiviera Oak\u201c \u0105\u017euolo ir blizgi\u0173 balt\u0173 fasad\u0173 derinio \u0161is baldas suteiks j\u016bs\u0173 interjerui ry\u0161kumo ir gaivumo, o d\u0117l moderni\u0173 apdailos technik\u0173 vizualiai padidins kambar\u012f, suteikdamas jam lengvumo ir erdv\u0117s poj\u016bt\u012f. Pagaminta i\u0161 auk\u0161\u010diausios kokyb\u0117s laminuotos plok\u0161t\u0117s, \u201eLyon LYOS01\u201c spinta \u017eavi ne tik savo patvarumu ir atsparumu kasdieniam d\u0117v\u0117jimuisi, pavyzd\u017eiui, \u012fbr\u0117\u017eimams ir dr\u0117gmei, bet ir eleganti\u0161ka i\u0161vaizda, kuri yra \u0161ios kolekcijos skiriamasis \u017eenklas. Dar vienas unikalus estetinis bruo\u017eas \u2013 kontrastingas \u201eRiviera Oak\u201c ra\u0161tas, kuris pabr\u0117\u017eia nat\u016bral\u0173 charakter\u012f ir suteikia bet kokiam interjerui \u0161ilumos. Be nuostabaus dizaino, \u0161i spinta yra funkcionalumo sinonimas \u2013 viduje yra prakti\u0161kas drabu\u017ei\u0173 kabykla ir penkios erdvios lentynos, suteikian\u010dios daug vietos j\u016bs\u0173 drabu\u017ei\u0173 spintai. Integruotas \u201eFlash LED\u201c ap\u0161vietimas taip pat suteikia i\u0161skirtin\u012f patogum\u0105, puikiai ap\u0161viesdamas spintel\u0117s vid\u0173 ir palengvindamas greit\u0105 prieig\u0105 prie jos turinio. Papildomas jutiklinis jungiklis leid\u017eia \u012fjungti \u0161vies\u0105 paprastu gestu, tod\u0117l nereikia vargti su laidais ir jungikliais.<\/p>","protected":false},"excerpt":{"rendered":"<p>Plotis (cm): 103,1<br \/>\n\u016agis (cm): 198,5<br \/>\nGylis (cm): 56<\/p>","protected":false},"featured_media":164407,"comment_status":"open","ping_status":"open","template":"","meta":[],"product_brand":[],"product_cat":[9488,4107,1177],"product_tag":[],"class_list":{"0":"post-164406","1":"product","2":"type-product","3":"status-publish","4":"has-post-thumbnail","6":"product_cat-furniture-system-lyon-bright-wojcik-meble","7":"product_cat-meble-wojcik","8":"product_cat-wardrobes","10":"first","11":"instock","12":"purchasable","13":"product-type-simple"},"_links":{"self":[{"href":"https:\/\/baldumarket.lt\/lt\/wp-json\/wp\/v2\/product\/164406","targetHints":{"allow":["GET"]}}],"collection":[{"href":"https:\/\/baldumarket.lt\/lt\/wp-json\/wp\/v2\/product"}],"about":[{"href":"https:\/\/baldumarket.lt\/lt\/wp-json\/wp\/v2\/types\/product"}],"replies":[{"embeddable":true,"href":"https:\/\/baldumarket.lt\/lt\/wp-json\/wp\/v2\/comments?post=164406"}],"wp:featuredmedia":[{"embeddable":true,"href":"https:\/\/baldumarket.lt\/lt\/wp-json\/wp\/v2\/media\/164407"}],"wp:attachment":[{"href":"https:\/\/baldumarket.lt\/lt\/wp-json\/wp\/v2\/media?parent=164406"}],"wp:term":[{"taxonomy":"product_brand","embeddable":true,"href":"https:\/\/baldumarket.lt\/lt\/wp-json\/wp\/v2\/product_brand?post=164406"},{"taxonomy":"product_cat","embeddable":true,"href":"https:\/\/baldumarket.lt\/lt\/wp-json\/wp\/v2\/product_cat?post=164406"},{"taxonomy":"product_tag","embeddable":true,"href":"https:\/\/baldumarket.lt\/lt\/wp-json\/wp\/v2\/product_tag?post=164406"}],"curies":[{"name":"wp","href":"https:\/\/api.w.org\/{rel}","templated":true}]}}