{"id":164400,"date":"2025-12-19T13:23:18","date_gmt":"2025-12-19T10:23:18","guid":{"rendered":"https:\/\/baldumarket.lt\/product\/imperial-typ-20-szafa-2d-2s-orzech\/"},"modified":"2026-04-06T19:21:18","modified_gmt":"2026-04-06T16:21:18","slug":"imperial-typ-20-szafa-2d-2s-orzech","status":"publish","type":"product","link":"https:\/\/baldumarket.lt\/lt\/product\/imperial-typ-20-szafa-2d-2s-orzech\/","title":{"rendered":"Imperial TYPE 20 &#8211; Drabu\u017ein\u0117 2D-2S rie\u0161uto spalvos"},"content":{"rendered":"<p>Pristatome stiling\u0105 ir funkcionali\u0105 \u201eImperial TYPE 20\u201c spint\u0105 \u2013 puik\u0173 pasirinkim\u0105 tiems, kurie vertina elegancij\u0105 ir auk\u0161t\u0105 meistri\u0161kumo kokyb\u0119. \u0160i klasikin\u0117 rie\u0161utmed\u017eio spalvos spinta yra ne tik prakti\u0161kas spint\u0173 laikymo sprendimas, bet ir unikalus dekoratyvinis elementas bet kokiam interjerui. \u201eImperial TYPE 20\u201c spinta gali pasigirti \u012fsp\u016bdingais matmenimis: 80 cm plo\u010dio, 195 cm auk\u0161\u010dio ir 60,8 cm gylio, tod\u0117l joje yra erdvus vidus, leid\u017eiantis tvarkingai susid\u0117ti visus b\u016btiniausius drabu\u017eius ir aksesuarus. Viduje tvirtas drabu\u017ei\u0173 kabykla leid\u017eia pakabinti paltus ar sukneles j\u0173 nesulankstant ant lentyn\u0173. Be to, apatin\u0117je dalyje yra du gil\u016bs, erdv\u016bs stal\u010diai, puikiai tinkantys apatiniams drabu\u017eiams, kojin\u0117ms ar kitiems smulkiems daiktams laikyti. Spintos r\u0117mas pagamintas i\u0161 patvarios laminuotos plok\u0161t\u0117s, atsparios \u012fvairiems pa\u017eeidimams. Laminatas taip pat lengvai valomas, tod\u0117l nepaprastai paprasta pri\u017ei\u016br\u0117ti spint\u0105 nepriekai\u0161tingos b\u016bkl\u0117s. Be to, \u0161i med\u017eiaga yra atspari dr\u0117gmei ir auk\u0161tai temperat\u016brai, o tai u\u017etikrina bald\u0173 ilgaam\u017ei\u0161kum\u0105 ir auk\u0161t\u0105 kokyb\u0119.<\/p>","protected":false},"excerpt":{"rendered":"<p>Plotis (cm): 80<br \/>\n\u016agis (cm): 195<br \/>\nGylis (cm): 60,8<\/p>","protected":false},"featured_media":164401,"comment_status":"open","ping_status":"open","template":"","meta":[],"product_brand":[],"product_cat":[9484,4107,1177],"product_tag":[],"class_list":{"0":"post-164400","1":"product","2":"type-product","3":"status-publish","4":"has-post-thumbnail","6":"product_cat-furniture-system-imperial-wojcik-meble","7":"product_cat-meble-wojcik","8":"product_cat-wardrobes","10":"first","11":"instock","12":"purchasable","13":"product-type-simple"},"_links":{"self":[{"href":"https:\/\/baldumarket.lt\/lt\/wp-json\/wp\/v2\/product\/164400","targetHints":{"allow":["GET"]}}],"collection":[{"href":"https:\/\/baldumarket.lt\/lt\/wp-json\/wp\/v2\/product"}],"about":[{"href":"https:\/\/baldumarket.lt\/lt\/wp-json\/wp\/v2\/types\/product"}],"replies":[{"embeddable":true,"href":"https:\/\/baldumarket.lt\/lt\/wp-json\/wp\/v2\/comments?post=164400"}],"wp:featuredmedia":[{"embeddable":true,"href":"https:\/\/baldumarket.lt\/lt\/wp-json\/wp\/v2\/media\/164401"}],"wp:attachment":[{"href":"https:\/\/baldumarket.lt\/lt\/wp-json\/wp\/v2\/media?parent=164400"}],"wp:term":[{"taxonomy":"product_brand","embeddable":true,"href":"https:\/\/baldumarket.lt\/lt\/wp-json\/wp\/v2\/product_brand?post=164400"},{"taxonomy":"product_cat","embeddable":true,"href":"https:\/\/baldumarket.lt\/lt\/wp-json\/wp\/v2\/product_cat?post=164400"},{"taxonomy":"product_tag","embeddable":true,"href":"https:\/\/baldumarket.lt\/lt\/wp-json\/wp\/v2\/product_tag?post=164400"}],"curies":[{"name":"wp","href":"https:\/\/api.w.org\/{rel}","templated":true}]}}