{"id":164394,"date":"2025-12-19T13:23:06","date_gmt":"2025-12-19T10:23:06","guid":{"rendered":"https:\/\/baldumarket.lt\/product\/imperial-typ-10-bielizniarka-1d-2s-orzech\/"},"modified":"2026-04-06T19:21:18","modified_gmt":"2026-04-06T16:21:18","slug":"imperial-typ-10-bielizniarka-1d-2s-orzech","status":"publish","type":"product","link":"https:\/\/baldumarket.lt\/lt\/product\/imperial-typ-10-bielizniarka-1d-2s-orzech\/","title":{"rendered":"Imperial TYPE 10 \u2013 Komoda 1D-2S rie\u0161uto spalvos"},"content":{"rendered":"<p>Pristatome Jums unikali\u0105 \u201eImperial TYPE 10\u201c patalyn\u0117s spint\u0105, kuri taps rafinuotu ir funkcionaliu J\u016bs\u0173 interjero papildymu. Atraskite jos klasikin\u012f gro\u017e\u012f, kuris derina elegancij\u0105 ir prakti\u0161kum\u0105, sukurdamas i\u0161skirtinai prakti\u0161k\u0105 ir vizualiai patraukl\u0173 bald\u0105. 1D-2S Walnut spalvos patalyn\u0117s spinta i\u0161siskiria \u012fsp\u016bdingu 195 cm auk\u0161\u010diu, optimaliu 50 cm plo\u010diu ir 37,8 cm gyliu, tod\u0117l idealiai tinka miegamiesiems ar persirengimo kambariams, neu\u017eimant per daug vietos. Rie\u0161utmed\u017eio spalva kartu su nat\u016braliu beicu suteiks interjerui \u0161ilt\u0105, ta\u010diau kartu ir or\u0173 charakter\u012f. \u0160is eleganti\u0161kas baldas buvo sukurtas atkreipiant d\u0117mes\u012f \u012f detales, naudojant kokybi\u0161kas med\u017eiagas: laminuotas ir MDF plok\u0161tes, \u017einomas d\u0117l savo patvarumo ir atsparumo kasdieniam naudojimui. Derindami laminuotas plok\u0161tes korpuse ir priekyje su \u0161velniai u\u017eapvalintomis dekoratyvin\u0117mis MDF juostel\u0117mis, gauname klasikinio dizaino ir modernumo bald\u0105.<\/p>","protected":false},"excerpt":{"rendered":"<p>Plotis (cm): 50<br \/>\n\u016agis (cm): 195<br \/>\nGylis (cm): 37,8<\/p>","protected":false},"featured_media":164395,"comment_status":"open","ping_status":"open","template":"","meta":[],"product_brand":[],"product_cat":[9484,4107,1177],"product_tag":[],"class_list":{"0":"post-164394","1":"product","2":"type-product","3":"status-publish","4":"has-post-thumbnail","6":"product_cat-furniture-system-imperial-wojcik-meble","7":"product_cat-meble-wojcik","8":"product_cat-wardrobes","10":"first","11":"instock","12":"purchasable","13":"product-type-simple"},"_links":{"self":[{"href":"https:\/\/baldumarket.lt\/lt\/wp-json\/wp\/v2\/product\/164394","targetHints":{"allow":["GET"]}}],"collection":[{"href":"https:\/\/baldumarket.lt\/lt\/wp-json\/wp\/v2\/product"}],"about":[{"href":"https:\/\/baldumarket.lt\/lt\/wp-json\/wp\/v2\/types\/product"}],"replies":[{"embeddable":true,"href":"https:\/\/baldumarket.lt\/lt\/wp-json\/wp\/v2\/comments?post=164394"}],"wp:featuredmedia":[{"embeddable":true,"href":"https:\/\/baldumarket.lt\/lt\/wp-json\/wp\/v2\/media\/164395"}],"wp:attachment":[{"href":"https:\/\/baldumarket.lt\/lt\/wp-json\/wp\/v2\/media?parent=164394"}],"wp:term":[{"taxonomy":"product_brand","embeddable":true,"href":"https:\/\/baldumarket.lt\/lt\/wp-json\/wp\/v2\/product_brand?post=164394"},{"taxonomy":"product_cat","embeddable":true,"href":"https:\/\/baldumarket.lt\/lt\/wp-json\/wp\/v2\/product_cat?post=164394"},{"taxonomy":"product_tag","embeddable":true,"href":"https:\/\/baldumarket.lt\/lt\/wp-json\/wp\/v2\/product_tag?post=164394"}],"curies":[{"name":"wp","href":"https:\/\/api.w.org\/{rel}","templated":true}]}}