{"id":164388,"date":"2025-12-19T13:22:54","date_gmt":"2025-12-19T10:22:54","guid":{"rendered":"https:\/\/baldumarket.lt\/product\/imperial-typ-31-witryna-2d-3s-orzech\/"},"modified":"2026-04-06T19:21:18","modified_gmt":"2026-04-06T16:21:18","slug":"imperial-typ-31-witryna-2d-3s-orzech","status":"publish","type":"product","link":"https:\/\/baldumarket.lt\/lt\/product\/imperial-typ-31-witryna-2d-3s-orzech\/","title":{"rendered":"Imperial TYPE 31 \u2013 Vitrina 2D-3S, rie\u0161uto spalvos"},"content":{"rendered":"<p>Pristatome jums eleganti\u0161k\u0105 ir funkcionali\u0105 \u201eImperial\u201c vitrin\u0105 TYPE 31 i\u0161 rie\u0161utmed\u017eio \u2013 tikr\u0105 perl\u0105 j\u016bs\u0173 svetain\u0117je. \u0160is kruop\u0161\u010diai pagamintas klasikinio stiliaus baldas yra ne tik gra\u017eus dekoratyvinis elementas, bet ir prakti\u0161kas b\u016bdas sutvarkyti j\u016bs\u0173 nam\u0173 erdv\u0119. 80 cm plo\u010dio, 152 cm auk\u0161\u010dio ir 37,8 cm gylio, \u0161i kruop\u0161\u010diai pagaminta vitrina si\u016blo erdvius daikt\u0173 laikymo sprendimus. Joje yra trys patog\u016bs stal\u010diai ir keturios lentynos, pasl\u0117ptos u\u017e tvirto fasado, puikiai tinkan\u010dio j\u016bs\u0173 nam\u0173 tvarkymui. Be to, dvi stiklin\u0117s lentynos u\u017e stiklini\u0173 dureli\u0173 idealiai tinka eksponuoti m\u0117gstamus nieku\u010dius, nuotraukas ar eleganti\u0161k\u0173 stalo \u012franki\u0173 kolekcij\u0105. Spintel\u0117 pagaminta i\u0161 auk\u0161tos kokyb\u0117s laminuotos plok\u0161t\u0117s, kuri pasi\u017eymi i\u0161skirtiniu patvarumu ir atsparumu \u012fbr\u0117\u017eimams, dr\u0117gmei ir auk\u0161tai temperat\u016brai, u\u017etikrinant ilgalaik\u012f naudojim\u0105. \u0160velniai suapvalintos dekoratyvin\u0117s juostel\u0117s i\u0161 MDF suteikia vitrinai subtilaus \u017eavesio, o laminuotos med\u017eio dro\u017eli\u0173 plok\u0161t\u0117s korpusas garantuoja stabilum\u0105 ir tvirtum\u0105.<\/p>","protected":false},"excerpt":{"rendered":"<p>Plotis (cm): 80<br \/>\n\u016agis (cm): 152<br \/>\nGylis (cm): 37,8<\/p>","protected":false},"featured_media":164389,"comment_status":"open","ping_status":"open","template":"","meta":[],"product_brand":[],"product_cat":[9484,4107,2006],"product_tag":[],"class_list":{"0":"post-164388","1":"product","2":"type-product","3":"status-publish","4":"has-post-thumbnail","6":"product_cat-furniture-system-imperial-wojcik-meble","7":"product_cat-meble-wojcik","8":"product_cat-vitrines","10":"first","11":"instock","12":"purchasable","13":"product-type-simple"},"_links":{"self":[{"href":"https:\/\/baldumarket.lt\/lt\/wp-json\/wp\/v2\/product\/164388","targetHints":{"allow":["GET"]}}],"collection":[{"href":"https:\/\/baldumarket.lt\/lt\/wp-json\/wp\/v2\/product"}],"about":[{"href":"https:\/\/baldumarket.lt\/lt\/wp-json\/wp\/v2\/types\/product"}],"replies":[{"embeddable":true,"href":"https:\/\/baldumarket.lt\/lt\/wp-json\/wp\/v2\/comments?post=164388"}],"wp:featuredmedia":[{"embeddable":true,"href":"https:\/\/baldumarket.lt\/lt\/wp-json\/wp\/v2\/media\/164389"}],"wp:attachment":[{"href":"https:\/\/baldumarket.lt\/lt\/wp-json\/wp\/v2\/media?parent=164388"}],"wp:term":[{"taxonomy":"product_brand","embeddable":true,"href":"https:\/\/baldumarket.lt\/lt\/wp-json\/wp\/v2\/product_brand?post=164388"},{"taxonomy":"product_cat","embeddable":true,"href":"https:\/\/baldumarket.lt\/lt\/wp-json\/wp\/v2\/product_cat?post=164388"},{"taxonomy":"product_tag","embeddable":true,"href":"https:\/\/baldumarket.lt\/lt\/wp-json\/wp\/v2\/product_tag?post=164388"}],"curies":[{"name":"wp","href":"https:\/\/api.w.org\/{rel}","templated":true}]}}