{"id":164382,"date":"2025-12-19T13:22:42","date_gmt":"2025-12-19T10:22:42","guid":{"rendered":"https:\/\/baldumarket.lt\/product\/imperial-typ-01-witryna-1d-2s-orzech\/"},"modified":"2026-04-06T19:21:18","modified_gmt":"2026-04-06T16:21:18","slug":"imperial-typ-01-witryna-1d-2s-orzech","status":"publish","type":"product","link":"https:\/\/baldumarket.lt\/lt\/product\/imperial-typ-01-witryna-1d-2s-orzech\/","title":{"rendered":"Imperial TYPE 01 \u2013 Vitrina 1D-2S, rie\u0161uto spalvos"},"content":{"rendered":"<p>Atraskite unikal\u0173 klasikinio dizaino \u017eaves\u012f su \u201cImperial TYPE 01 \u2013 Display Cabinet 1D-2S Walnut\u201d \u2013 puikiu bet kokio eleganti\u0161ko interjero papildymu. \u0160i 50 cm plo\u010dio, 195 cm auk\u0161\u010dio ir 37,8 cm gylio vitrina sukurta tam, kad grak\u0161\u010diai eksponuot\u0173 j\u016bs\u0173 brangiausius daiktus ir kartu b\u016bt\u0173 eleganti\u0161kas kasdienio gyvenimo fonas. Sukurta atsi\u017evelgiant \u012f rafinuot\u0105 skon\u012f, \u0161i vitrina pasi\u017eymi sodriu, \u0161iltu rie\u0161utmed\u017eio atspalviu, kuris nepriekai\u0161tingai papildo klasikin\u0119 bet kurios svetain\u0117s ar valgomojo estetik\u0105. Jos konstrukcijoje naudojamos med\u017eiagos, tokios kaip laminuota plok\u0161t\u0117 ir MDF, garantuoja patvarum\u0105 ir atsparum\u0105 \u012fbr\u0117\u017eimams, dr\u0117gmei ir net auk\u0161tai temperat\u016brai, u\u017etikrindamos \u0161io baldo ilgaam\u017ei\u0161kum\u0105. D\u0117l trij\u0173 stiklini\u0173 lentyn\u0173, pasl\u0117pt\u0173 u\u017e gr\u016bdinto stiklo priekio, galite eksponuoti savo kolekcijas, knygas ar unikalius nieku\u010dius, apsaugodami juos nuo dulki\u0173. Be to, baldas turi du stal\u010dius su rutuliniais guoliais, kurie atsidaro skland\u017eiai ir tyliai, tod\u0117l idealiai tinka laikyti lengvai pasiekiamus daiktus, pavyzd\u017eiui, dekoratyvines servet\u0117les ar smulkius aksesuarus.<\/p>","protected":false},"excerpt":{"rendered":"<p>Plotis (cm): 50<br \/>\n\u016agis (cm): 195<br \/>\nGylis (cm): 37,8<\/p>","protected":false},"featured_media":164383,"comment_status":"open","ping_status":"open","template":"","meta":[],"product_brand":[],"product_cat":[9484,4107,2006],"product_tag":[],"class_list":{"0":"post-164382","1":"product","2":"type-product","3":"status-publish","4":"has-post-thumbnail","6":"product_cat-furniture-system-imperial-wojcik-meble","7":"product_cat-meble-wojcik","8":"product_cat-vitrines","10":"first","11":"instock","12":"purchasable","13":"product-type-simple"},"_links":{"self":[{"href":"https:\/\/baldumarket.lt\/lt\/wp-json\/wp\/v2\/product\/164382","targetHints":{"allow":["GET"]}}],"collection":[{"href":"https:\/\/baldumarket.lt\/lt\/wp-json\/wp\/v2\/product"}],"about":[{"href":"https:\/\/baldumarket.lt\/lt\/wp-json\/wp\/v2\/types\/product"}],"replies":[{"embeddable":true,"href":"https:\/\/baldumarket.lt\/lt\/wp-json\/wp\/v2\/comments?post=164382"}],"wp:featuredmedia":[{"embeddable":true,"href":"https:\/\/baldumarket.lt\/lt\/wp-json\/wp\/v2\/media\/164383"}],"wp:attachment":[{"href":"https:\/\/baldumarket.lt\/lt\/wp-json\/wp\/v2\/media?parent=164382"}],"wp:term":[{"taxonomy":"product_brand","embeddable":true,"href":"https:\/\/baldumarket.lt\/lt\/wp-json\/wp\/v2\/product_brand?post=164382"},{"taxonomy":"product_cat","embeddable":true,"href":"https:\/\/baldumarket.lt\/lt\/wp-json\/wp\/v2\/product_cat?post=164382"},{"taxonomy":"product_tag","embeddable":true,"href":"https:\/\/baldumarket.lt\/lt\/wp-json\/wp\/v2\/product_tag?post=164382"}],"curies":[{"name":"wp","href":"https:\/\/api.w.org\/{rel}","templated":true}]}}