{"id":164364,"date":"2025-12-19T13:22:04","date_gmt":"2025-12-19T10:22:04","guid":{"rendered":"https:\/\/baldumarket.lt\/product\/fribo-frit03-stol-rozkladany-bialy\/"},"modified":"2026-04-06T19:21:18","modified_gmt":"2026-04-06T16:21:18","slug":"fribo-frit03-stol-rozkladany-bialy","status":"publish","type":"product","link":"https:\/\/baldumarket.lt\/lt\/product\/fribo-frit03-stol-rozkladany-bialy\/","title":{"rendered":"Fribo FRIT03 \u2013 baltas i\u0161traukiamas stalas"},"content":{"rendered":"<p>Sukurtas galvojant apie bendrus valgius ir \u0161eimos \u0161ilum\u0105, \u201eFribo FRIT03\u201c stalas yra daug daugiau nei baldas \u2013 tai nam\u0173 erdv\u0117s \u0161irdis, kurioje \u0161eima susirenka pasidalinti akimirkomis ir kurti prisiminimus. \u0160is eleganti\u0161kas ir universalus baltas stalas u\u017eburia \u0161irdis savo moderniu dizainu ir i\u0161skirtiniu funkcionalumu. 140 cm plo\u010dio ir 85 cm gylio, o i\u0161traukiamas iki 180 cm ilgio, \u201eFribo FRIT03\u201c stalas idealiai tinka \u012fvairaus dyd\u017eio ir poreiki\u0173 valgomiesiems. 76,6 cm auk\u0161tis u\u017etikrina patog\u0173 naudojim\u0105 tiek valgant, tiek dirbant ar \u017eaid\u017eiant. Didelis stalvir\u0161is leid\u017eia rengti \u0161eimos susib\u016brimus be apribojim\u0173 ar kompromis\u0173, o kai nereikia papildom\u0173 s\u0117dim\u0173 viet\u0173, stal\u0105 galima lengvai sulankstyti, atlaisvinant verting\u0105 erdv\u0119. \u0160io stalo \u0161irdis \u2013 sinchronin\u0117 kreipian\u010dioji, leid\u017eianti greitai ir lengvai keisti dyd\u012f \u2013 stalo i\u0161skleidimas ir sulankstymas yra vos keli\u0173 sekund\u017ei\u0173 reikalas. Tai intuityvus sprendimas, ypa\u010d vertinamas tais atvejais, kai staiga nusprend\u017eiame pakviesti daugiau sve\u010di\u0173.<\/p>","protected":false},"excerpt":{"rendered":"<p>Plotis (cm): 140\u2013180<br \/>\n\u016agis (cm): 76,6<br \/>\nGylis (cm): 85<\/p>","protected":false},"featured_media":164365,"comment_status":"open","ping_status":"open","template":"","meta":[],"product_brand":[],"product_cat":[9481,4107,1934],"product_tag":[],"class_list":{"0":"post-164364","1":"product","2":"type-product","3":"status-publish","4":"has-post-thumbnail","6":"product_cat-furniture-system-fribo-wojcik-meble","7":"product_cat-meble-wojcik","8":"product_cat-tables","10":"first","11":"instock","12":"purchasable","13":"product-type-simple"},"_links":{"self":[{"href":"https:\/\/baldumarket.lt\/lt\/wp-json\/wp\/v2\/product\/164364","targetHints":{"allow":["GET"]}}],"collection":[{"href":"https:\/\/baldumarket.lt\/lt\/wp-json\/wp\/v2\/product"}],"about":[{"href":"https:\/\/baldumarket.lt\/lt\/wp-json\/wp\/v2\/types\/product"}],"replies":[{"embeddable":true,"href":"https:\/\/baldumarket.lt\/lt\/wp-json\/wp\/v2\/comments?post=164364"}],"wp:featuredmedia":[{"embeddable":true,"href":"https:\/\/baldumarket.lt\/lt\/wp-json\/wp\/v2\/media\/164365"}],"wp:attachment":[{"href":"https:\/\/baldumarket.lt\/lt\/wp-json\/wp\/v2\/media?parent=164364"}],"wp:term":[{"taxonomy":"product_brand","embeddable":true,"href":"https:\/\/baldumarket.lt\/lt\/wp-json\/wp\/v2\/product_brand?post=164364"},{"taxonomy":"product_cat","embeddable":true,"href":"https:\/\/baldumarket.lt\/lt\/wp-json\/wp\/v2\/product_cat?post=164364"},{"taxonomy":"product_tag","embeddable":true,"href":"https:\/\/baldumarket.lt\/lt\/wp-json\/wp\/v2\/product_tag?post=164364"}],"curies":[{"name":"wp","href":"https:\/\/api.w.org\/{rel}","templated":true}]}}