{"id":164358,"date":"2025-12-19T13:21:51","date_gmt":"2025-12-19T10:21:51","guid":{"rendered":"https:\/\/baldumarket.lt\/product\/fribo-fris02-szafa-2-drzwiowa-biala\/"},"modified":"2026-04-06T19:21:04","modified_gmt":"2026-04-06T16:21:04","slug":"fribo-fris02-szafa-2-drzwiowa-biala","status":"publish","type":"product","link":"https:\/\/baldumarket.lt\/lt\/product\/fribo-fris02-szafa-2-drzwiowa-biala\/","title":{"rendered":"Fribo FRIS02 \u2013 Dviej\u0173 dur\u0173 spinta, balta"},"content":{"rendered":"<p>Atraskite funkcionalumo ir modernaus dizaino pusiausvyr\u0105 su \u201eFribo FRIS02\u201c \u2013 balta 2 dur\u0173 spinta, prakti\u0161ku ir stilingu priedu bet kuriems namams, vertinantiems auk\u0161t\u0105 kokyb\u0119 ir minimalistin\u012f gro\u017e\u012f. Jos matmenys \u2013 83,1 cm plo\u010dio, 200 cm auk\u0161\u010dio ir 58 cm gylio \u2013 leid\u017eia spintai harmoningai \u012fsilieti \u012f j\u016bs\u0173 namus ir kartu pasi\u016blyti steb\u0117tinai didel\u0119 daikt\u0173 saugojimo talp\u0105. \u201eFribo FRIS02\u201c \u017eavi precizi\u0161ku auk\u0161tos kokyb\u0117s laminuotos plok\u0161t\u0117s, \u017einomos d\u0117l savo patvarumo ir atsparumo kasdieniam naudojimui, gamyba \u2013 dr\u0117gm\u0117, \u012fbr\u0117\u017eimai, pa\u017eeidimai ir auk\u0161ta temperat\u016bra nekelia joki\u0173 problem\u0173. Balta spintos fasad\u0173 ir korpuso spalva, pagaminta i\u0161 laminuotos med\u017eio dro\u017eli\u0173 plok\u0161t\u0117s, suteikia kambariui gaivumo ir \u0161varos poj\u016bt\u012f, kartu suteikdama did\u017eiul\u0119 laisv\u0119 kuriant interjer\u0105. I\u0161skirtinis \u201eFribo\u201c serijos, kuriai priklauso \u0161i eleganti\u0161ka spinta, bruo\u017eas \u2013 minimalistin\u0117, ta\u010diau intriguojanti i\u0161vaizda, kuri d\u0117l atidarymo sistemos be ranken\u0117li\u0173 netrikdo glotni\u0173 baldo linij\u0173. \u0160is unikalus sprendimas garantuoja ne tik estetin\u012f malonum\u0105, bet ir saugum\u0105 bei naudojimo komfort\u0105 d\u0117l i\u0161siki\u0161usi\u0173 element\u0173 tr\u016bkumo.<\/p>","protected":false},"excerpt":{"rendered":"<p>Plotis (cm): 83,1<br \/>\n\u016agis (cm): 200<br \/>\nGylis (cm): 58<\/p>","protected":false},"featured_media":164359,"comment_status":"open","ping_status":"open","template":"","meta":[],"product_brand":[],"product_cat":[9481,4107,1177],"product_tag":[],"class_list":{"0":"post-164358","1":"product","2":"type-product","3":"status-publish","4":"has-post-thumbnail","6":"product_cat-furniture-system-fribo-wojcik-meble","7":"product_cat-meble-wojcik","8":"product_cat-wardrobes","10":"first","11":"instock","12":"purchasable","13":"product-type-simple"},"_links":{"self":[{"href":"https:\/\/baldumarket.lt\/lt\/wp-json\/wp\/v2\/product\/164358","targetHints":{"allow":["GET"]}}],"collection":[{"href":"https:\/\/baldumarket.lt\/lt\/wp-json\/wp\/v2\/product"}],"about":[{"href":"https:\/\/baldumarket.lt\/lt\/wp-json\/wp\/v2\/types\/product"}],"replies":[{"embeddable":true,"href":"https:\/\/baldumarket.lt\/lt\/wp-json\/wp\/v2\/comments?post=164358"}],"wp:featuredmedia":[{"embeddable":true,"href":"https:\/\/baldumarket.lt\/lt\/wp-json\/wp\/v2\/media\/164359"}],"wp:attachment":[{"href":"https:\/\/baldumarket.lt\/lt\/wp-json\/wp\/v2\/media?parent=164358"}],"wp:term":[{"taxonomy":"product_brand","embeddable":true,"href":"https:\/\/baldumarket.lt\/lt\/wp-json\/wp\/v2\/product_brand?post=164358"},{"taxonomy":"product_cat","embeddable":true,"href":"https:\/\/baldumarket.lt\/lt\/wp-json\/wp\/v2\/product_cat?post=164358"},{"taxonomy":"product_tag","embeddable":true,"href":"https:\/\/baldumarket.lt\/lt\/wp-json\/wp\/v2\/product_tag?post=164358"}],"curies":[{"name":"wp","href":"https:\/\/api.w.org\/{rel}","templated":true}]}}