{"id":164352,"date":"2025-12-19T13:21:39","date_gmt":"2025-12-19T10:21:39","guid":{"rendered":"https:\/\/baldumarket.lt\/product\/fribo-fris01-bielizniarka-1d3s-biala\/"},"modified":"2026-04-06T19:21:04","modified_gmt":"2026-04-06T16:21:04","slug":"fribo-fris01-bielizniarka-1d3s-biala","status":"publish","type":"product","link":"https:\/\/baldumarket.lt\/lt\/product\/fribo-fris01-bielizniarka-1d3s-biala\/","title":{"rendered":"Fribo FRIS01 \u2013 1D3S baltas apatini\u0173 drabu\u017ei\u0173 stal\u010dius"},"content":{"rendered":"<p>Atraskite stiliaus ir prakti\u0161kumo kvintesencij\u0105 nepakei\u010diamoje \u201eFribo FRIS01 \u2013 1D3S\u201c patalyn\u0117s spintoje, pasi\u017eymin\u010dioje viliojan\u010dia baltos elegancijos atspalviu. \u0160is stilingas ir funkcionalus laisvai pastatomas spintel\u0117 pritrauks ak\u012f savo paprasta, ta\u010diau modernia estetika ir kartu bus puikus j\u016bs\u0173 nam\u0173 organizavimo \u012frankis. Kruop\u0161\u010diai atkreipus d\u0117mes\u012f \u012f detales, \u201eFribo\u201c spintos matmenys puikiai dera prie modernaus buto erdv\u0117s: 50,1 cm plotis garantuoja puik\u0173 erdv\u0117s i\u0161naudojim\u0105, 200 cm auk\u0161tis leid\u017eia sutalpinti i\u0161skirtinai didel\u012f kiek\u012f drabu\u017ei\u0173 ir patalyn\u0117s, o 40 cm gylis puikiai papildo kompakti\u0161k\u0105 form\u0105. Gamybai naudojama med\u017eiaga \u2013 auk\u0161tos kokyb\u0117s laminuota plok\u0161t\u0117 \u2013 ne tik pagerina baldo estetik\u0105, bet ir u\u017etikrina jo atsparum\u0105 kasdieniam naudojimui \u2013 dr\u0117gm\u0117, \u012fbr\u0117\u017eimai, pa\u017eeidimai ir auk\u0161ta temperat\u016bra \u2013 tai praeities problemos. \u201eFribo FRIS01\u201c spintel\u0117s dizain\u0105 pabr\u0117\u017eia i\u0161 laminuotos med\u017eio dro\u017eli\u0173 plok\u0161t\u0117s pagaminti fasadai ir korpusas, garantuojantys patvarum\u0105 ir ilgalaik\u012f puikios i\u0161vaizdos i\u0161saugojim\u0105. Trys stal\u010diai su pilno i\u0161traukimo rutuliniais guoliais leid\u017eia lengvai pasiekti kiekvien\u0105 baldo kamp\u0105, maksimaliai i\u0161naudojant erdv\u0119 daiktams. Jie u\u017etikrina komfort\u0105 kasdien naudojant, o j\u0173 dizainas be ranken\u0117li\u0173 pabr\u0117\u017eia minimalistin\u012f spintel\u0117s charakter\u012f, suteikdamas jai modernaus elegancijos element\u0105.<\/p>","protected":false},"excerpt":{"rendered":"<p>Plotis (cm): 50,1<br \/>\n\u016agis (cm): 200<br \/>\nGylis (cm): 40<\/p>","protected":false},"featured_media":164353,"comment_status":"open","ping_status":"open","template":"","meta":[],"product_brand":[],"product_cat":[9481,4107,1177],"product_tag":[],"class_list":{"0":"post-164352","1":"product","2":"type-product","3":"status-publish","4":"has-post-thumbnail","6":"product_cat-furniture-system-fribo-wojcik-meble","7":"product_cat-meble-wojcik","8":"product_cat-wardrobes","10":"first","11":"instock","12":"purchasable","13":"product-type-simple"},"_links":{"self":[{"href":"https:\/\/baldumarket.lt\/lt\/wp-json\/wp\/v2\/product\/164352","targetHints":{"allow":["GET"]}}],"collection":[{"href":"https:\/\/baldumarket.lt\/lt\/wp-json\/wp\/v2\/product"}],"about":[{"href":"https:\/\/baldumarket.lt\/lt\/wp-json\/wp\/v2\/types\/product"}],"replies":[{"embeddable":true,"href":"https:\/\/baldumarket.lt\/lt\/wp-json\/wp\/v2\/comments?post=164352"}],"wp:featuredmedia":[{"embeddable":true,"href":"https:\/\/baldumarket.lt\/lt\/wp-json\/wp\/v2\/media\/164353"}],"wp:attachment":[{"href":"https:\/\/baldumarket.lt\/lt\/wp-json\/wp\/v2\/media?parent=164352"}],"wp:term":[{"taxonomy":"product_brand","embeddable":true,"href":"https:\/\/baldumarket.lt\/lt\/wp-json\/wp\/v2\/product_brand?post=164352"},{"taxonomy":"product_cat","embeddable":true,"href":"https:\/\/baldumarket.lt\/lt\/wp-json\/wp\/v2\/product_cat?post=164352"},{"taxonomy":"product_tag","embeddable":true,"href":"https:\/\/baldumarket.lt\/lt\/wp-json\/wp\/v2\/product_tag?post=164352"}],"curies":[{"name":"wp","href":"https:\/\/api.w.org\/{rel}","templated":true}]}}