{"id":164346,"date":"2025-12-19T13:21:26","date_gmt":"2025-12-19T10:21:26","guid":{"rendered":"https:\/\/baldumarket.lt\/product\/fribo-frip01-polka-wiszaca-biala\/"},"modified":"2026-04-06T19:21:04","modified_gmt":"2026-04-06T16:21:04","slug":"fribo-frip01-polka-wiszaca-biala","status":"publish","type":"product","link":"https:\/\/baldumarket.lt\/lt\/product\/fribo-frip01-polka-wiszaca-biala\/","title":{"rendered":"Fribo FRIP01 \u2013 Balta pakabinama lentyna"},"content":{"rendered":"<p>Susipa\u017einkite su \u201eFribo FRIP01\u201c \u2013 balta lentyna \u2013 tobulu funkcionalumo ir minimalistinio dizaino deriniu, kuris bet kokiam interjerui suteiks modernumo. \u0160i unikali sienin\u0117 lentyna i\u0161 \u201eFribo\u201c serijos taps ne tik prakti\u0161ku, bet ir stilingu j\u016bs\u0173 nam\u0173 papildymu. 165,3 cm plo\u010dio, 62 cm auk\u0161\u010dio ir 22 cm gylio \u201eFribo FRIP01\u201c suteikia puik\u0173 pavir\u0161i\u0173 knygoms, nieku\u010diams ir nuotrauk\u0173 r\u0117meliams susid\u0117ti. Ypa\u010d erdvioje svetain\u0117je ji bus \u012fdomus dekoratyvinis akcentas, leid\u017eiantis eksponuoti savo kolekcijas arba sukurti jauk\u0173 kampel\u012f m\u0117gstamiems literat\u016bros pavadinimams. I\u0161 pirmo \u017evilgsnio akivaizdu, kad \u0161is baldas derina rafinuot\u0105 stili\u0173 su auk\u0161tos kokyb\u0117s med\u017eiagomis. Lentyna pagaminta i\u0161 patvarios ir tvirtos laminuotos plok\u0161t\u0117s, u\u017etikrinan\u010dios atsparum\u0105 kasdieniam naudojimui. Ji atspari \u012fbr\u0117\u017eimams, dr\u0117gmei ir auk\u0161tai temperat\u016brai, tod\u0117l puikiai tinka tiek judrioms, tiek intymesn\u0117ms erdv\u0117ms.<\/p>","protected":false},"excerpt":{"rendered":"<p>Plotis (cm): 165,3<br \/>\n\u016agis (cm): 62<br \/>\nGylis (cm): 22<\/p>","protected":false},"featured_media":164347,"comment_status":"open","ping_status":"open","template":"","meta":[],"product_brand":[],"product_cat":[9481,1174,4107],"product_tag":[],"class_list":{"0":"post-164346","1":"product","2":"type-product","3":"status-publish","4":"has-post-thumbnail","6":"product_cat-furniture-system-fribo-wojcik-meble","7":"product_cat-hanging-shelves","8":"product_cat-meble-wojcik","10":"first","11":"instock","12":"purchasable","13":"product-type-simple"},"_links":{"self":[{"href":"https:\/\/baldumarket.lt\/lt\/wp-json\/wp\/v2\/product\/164346","targetHints":{"allow":["GET"]}}],"collection":[{"href":"https:\/\/baldumarket.lt\/lt\/wp-json\/wp\/v2\/product"}],"about":[{"href":"https:\/\/baldumarket.lt\/lt\/wp-json\/wp\/v2\/types\/product"}],"replies":[{"embeddable":true,"href":"https:\/\/baldumarket.lt\/lt\/wp-json\/wp\/v2\/comments?post=164346"}],"wp:featuredmedia":[{"embeddable":true,"href":"https:\/\/baldumarket.lt\/lt\/wp-json\/wp\/v2\/media\/164347"}],"wp:attachment":[{"href":"https:\/\/baldumarket.lt\/lt\/wp-json\/wp\/v2\/media?parent=164346"}],"wp:term":[{"taxonomy":"product_brand","embeddable":true,"href":"https:\/\/baldumarket.lt\/lt\/wp-json\/wp\/v2\/product_brand?post=164346"},{"taxonomy":"product_cat","embeddable":true,"href":"https:\/\/baldumarket.lt\/lt\/wp-json\/wp\/v2\/product_cat?post=164346"},{"taxonomy":"product_tag","embeddable":true,"href":"https:\/\/baldumarket.lt\/lt\/wp-json\/wp\/v2\/product_tag?post=164346"}],"curies":[{"name":"wp","href":"https:\/\/api.w.org\/{rel}","templated":true}]}}