{"id":164340,"date":"2025-12-19T13:21:13","date_gmt":"2025-12-19T10:21:13","guid":{"rendered":"https:\/\/baldumarket.lt\/product\/fribo-frip02-polka-wiszaca-biala\/"},"modified":"2026-04-06T19:21:04","modified_gmt":"2026-04-06T16:21:04","slug":"fribo-frip02-polka-wiszaca-biala","status":"publish","type":"product","link":"https:\/\/baldumarket.lt\/lt\/product\/fribo-frip02-polka-wiszaca-biala\/","title":{"rendered":"Fribo FRIP02 \u2013 Balta pakabinama lentyna"},"content":{"rendered":"<p>\u0160ioje ap\u017evalgoje pristatoma \u201eFribo FRIP02\u201c lentyna \u2013 i\u0161skirtinai stilingas ir funkcionalus baldas, suteikiantis bet kokiems namams modernumo ir elegancijos. Ji puikiai tinka \u012fvairiems interjero dizainams \u2013 tiek tradiciniams, tiek minimalistiniams. 135,3 cm plo\u010dio, 62 cm auk\u0161\u010dio ir 22 cm gylio lentyna si\u016blo steb\u0117tinai daug vietos brangiausioms dekoracijoms, knyg\u0173 kolekcijoms ar suvenyrams laikyti ir eksponuoti. Alpi\u0173 baltumo spalv\u0173 schema u\u017etikrina, kad \u201eFribo FRIP02\u201c lentyna der\u0117s prie beveik bet kokios kambario spalv\u0173 schemos, pary\u0161kindama ir suteikdama erdvei lengvumo. Konstrukcija pagaminta i\u0161 laminuotos plok\u0161t\u0117s, kuri yra labai atspari pa\u017eeidimams, \u012fbr\u0117\u017eimams, dr\u0117gmei ir auk\u0161tai temperat\u016brai, u\u017etikrindama ilgalaik\u012f naudojim\u0105 ir nepriekai\u0161ting\u0105 i\u0161vaizd\u0105 daugel\u012f met\u0173. \u0160iuos \u201eFribo\u201c kolekcijos elementus galima laisvai derinti, sukuriant suasmenintas ir harmoningas bald\u0173 kompozicijas, kurios neabejotinai i\u0161siskirs ir pabr\u0117\u0161 individual\u0173 bet kokio interjero charakter\u012f. Aptariama plok\u0161t\u0117 yra ne kas kita, kaip laminuota med\u017eio dro\u017eli\u0173 plok\u0161t\u0117, naudojama tiek lentynoje, tiek galin\u0117je sienel\u0117je, dar labiau u\u017etikrinant vienod\u0105 ir darni\u0105 viso baldo i\u0161vaizd\u0105.<\/p>","protected":false},"excerpt":{"rendered":"<p>Plotis (cm): 135,3<br \/>\n\u016agis (cm): 62<br \/>\nGylis (cm): 22<\/p>","protected":false},"featured_media":164341,"comment_status":"open","ping_status":"open","template":"","meta":[],"product_brand":[],"product_cat":[9481,1174,4107],"product_tag":[],"class_list":{"0":"post-164340","1":"product","2":"type-product","3":"status-publish","4":"has-post-thumbnail","6":"product_cat-furniture-system-fribo-wojcik-meble","7":"product_cat-hanging-shelves","8":"product_cat-meble-wojcik","10":"first","11":"instock","12":"purchasable","13":"product-type-simple"},"_links":{"self":[{"href":"https:\/\/baldumarket.lt\/lt\/wp-json\/wp\/v2\/product\/164340","targetHints":{"allow":["GET"]}}],"collection":[{"href":"https:\/\/baldumarket.lt\/lt\/wp-json\/wp\/v2\/product"}],"about":[{"href":"https:\/\/baldumarket.lt\/lt\/wp-json\/wp\/v2\/types\/product"}],"replies":[{"embeddable":true,"href":"https:\/\/baldumarket.lt\/lt\/wp-json\/wp\/v2\/comments?post=164340"}],"wp:featuredmedia":[{"embeddable":true,"href":"https:\/\/baldumarket.lt\/lt\/wp-json\/wp\/v2\/media\/164341"}],"wp:attachment":[{"href":"https:\/\/baldumarket.lt\/lt\/wp-json\/wp\/v2\/media?parent=164340"}],"wp:term":[{"taxonomy":"product_brand","embeddable":true,"href":"https:\/\/baldumarket.lt\/lt\/wp-json\/wp\/v2\/product_brand?post=164340"},{"taxonomy":"product_cat","embeddable":true,"href":"https:\/\/baldumarket.lt\/lt\/wp-json\/wp\/v2\/product_cat?post=164340"},{"taxonomy":"product_tag","embeddable":true,"href":"https:\/\/baldumarket.lt\/lt\/wp-json\/wp\/v2\/product_tag?post=164340"}],"curies":[{"name":"wp","href":"https:\/\/api.w.org\/{rel}","templated":true}]}}