{"id":164334,"date":"2025-12-19T13:20:58","date_gmt":"2025-12-19T10:20:58","guid":{"rendered":"https:\/\/baldumarket.lt\/product\/fribo-frir01-regal-3s-bialy\/"},"modified":"2026-04-06T19:21:04","modified_gmt":"2026-04-06T16:21:04","slug":"fribo-frir01-regal-3s-bialy","status":"publish","type":"product","link":"https:\/\/baldumarket.lt\/lt\/product\/fribo-frir01-regal-3s-bialy\/","title":{"rendered":"Fribo FRIR01 \u2013 3S lentyna balta"},"content":{"rendered":"<p>Susipa\u017einkite su \u201eFribo FRIR01 \u2013 3S White\u201c lentyna \u2013 i\u0161skirtinai funkcionaliu j\u016bs\u0173 svetain\u0117s papildymu, per\u017eengian\u010diu \u012fprastas dizaino konvencijas. Jos paprasta, bet eleganti\u0161ka forma puikiai dera su kitais \u201eFribo\u201c kolekcijos elementais, sukurdama organizuot\u0105 ir harmoning\u0105 erdv\u0119, kuri \u012fkv\u0117ps kiekvien\u0105 dien\u0105. Unikalus \u201eFribo\u201c lentyn\u0173 dizainas buvo sukurtas galvojant apie minimalizmo ir moderni\u0173 form\u0173 m\u0117g\u0117jus. Grynos Alpi\u0173 baltos spalvos apdaila ne tik praskaidrins kambar\u012f, bet ir suteiks puik\u0173 pavir\u0161i\u0173 m\u0117gstamiems literat\u016bros tomams, meno album\u0173 kolekcijoms ar dizaineri\u0173 dekoracijoms, kurios nusipelno ypatingos vietos j\u016bs\u0173 namuose, eksponuoti. Prakti\u0161ki lentyn\u0173 matmenys: plotis 50,1 cm, auk\u0161tis 200 cm ir gylis 40 cm, atitinka t\u0173, kurie vertina estetik\u0105 ir ergonomik\u0105, poreikius. Pagaminta i\u0161 auk\u0161tos kokyb\u0117s laminuotos med\u017eio dro\u017eli\u0173 plok\u0161t\u0117s, \u201eFribo\u201c lentyn\u0173 blokas garantuoja patvarum\u0105 ir atsparum\u0105 pa\u017eeidimams, dr\u0117gmei ir auk\u0161tai temperat\u016brai.<\/p>","protected":false},"excerpt":{"rendered":"<p>Plotis (cm): 50,1<br \/>\n\u016agis (cm): 200<br \/>\nGylis (cm): 40<\/p>","protected":false},"featured_media":164335,"comment_status":"open","ping_status":"open","template":"","meta":[],"product_brand":[],"product_cat":[9481,4107,1987],"product_tag":[],"class_list":{"0":"post-164334","1":"product","2":"type-product","3":"status-publish","4":"has-post-thumbnail","6":"product_cat-furniture-system-fribo-wojcik-meble","7":"product_cat-meble-wojcik","8":"product_cat-shelving-units","10":"first","11":"instock","12":"purchasable","13":"product-type-simple"},"_links":{"self":[{"href":"https:\/\/baldumarket.lt\/lt\/wp-json\/wp\/v2\/product\/164334","targetHints":{"allow":["GET"]}}],"collection":[{"href":"https:\/\/baldumarket.lt\/lt\/wp-json\/wp\/v2\/product"}],"about":[{"href":"https:\/\/baldumarket.lt\/lt\/wp-json\/wp\/v2\/types\/product"}],"replies":[{"embeddable":true,"href":"https:\/\/baldumarket.lt\/lt\/wp-json\/wp\/v2\/comments?post=164334"}],"wp:featuredmedia":[{"embeddable":true,"href":"https:\/\/baldumarket.lt\/lt\/wp-json\/wp\/v2\/media\/164335"}],"wp:attachment":[{"href":"https:\/\/baldumarket.lt\/lt\/wp-json\/wp\/v2\/media?parent=164334"}],"wp:term":[{"taxonomy":"product_brand","embeddable":true,"href":"https:\/\/baldumarket.lt\/lt\/wp-json\/wp\/v2\/product_brand?post=164334"},{"taxonomy":"product_cat","embeddable":true,"href":"https:\/\/baldumarket.lt\/lt\/wp-json\/wp\/v2\/product_cat?post=164334"},{"taxonomy":"product_tag","embeddable":true,"href":"https:\/\/baldumarket.lt\/lt\/wp-json\/wp\/v2\/product_tag?post=164334"}],"curies":[{"name":"wp","href":"https:\/\/api.w.org\/{rel}","templated":true}]}}